{"id":198073,"date":"2025-12-24T03:57:52","date_gmt":"2025-12-24T00:57:52","guid":{"rendered":"https:\/\/baldumarket.lt\/product\/szafka-tv-awinion-a02\/"},"modified":"2026-02-17T09:48:17","modified_gmt":"2026-02-17T06:48:17","slug":"szafka-tv-awinion-a02","status":"publish","type":"product","link":"https:\/\/baldumarket.lt\/lt\/product\/szafka-tv-awinion-a02\/","title":{"rendered":"TV SPINTEL\u0116 AVIGNON A02"},"content":{"rendered":"<p>Avinjonas \u2013 tai subtilus gro\u017eis, tradicijos ir nesenstantis stilius\u2026<br \/>\nLevand\u0173 kvapas, \u017eoleli\u0173 aromatas ir alyvuogi\u0173 skonis\u2026<br \/>\nVieta, kur gyvenimas verda tingiai\u2026<br \/>\nTechninis apra\u0161ymas:<br \/>\n\u2013 korpusas \u2013 MDF plok\u0161t\u0117, i\u0161or\u0117je padengta \u0105\u017euolo fanera, o viduje \u2013 alksnio fanera, baltos spalvos Nr. 18,<br \/>\n\u2013 fasadai \u2013 MDF plok\u0161t\u0117, i\u0161 vidaus ir i\u0161or\u0117s padengta \u0105\u017euolo fanera, baltos spalvos Nr. 18,<br \/>\n\u2013 vainik\u0117liai \u2013 \u0105\u017euolo masyvas, spalva Nr. 11,<br \/>\n\u2013 stalvir\u0161iai \u2013 baldin\u0117 plok\u0161t\u0117, dengta \u0105\u017euolo faneruote, spalva Nr. 11,<br \/>\n\u2013 plienin\u0117s rankenos sendinto aukso spalvos,<br \/>\n\u2013 komodos su stal\u010diais \u2013 laminuota plok\u0161t\u0117.<\/p>","protected":false},"excerpt":{"rendered":"<p>Produkto matmenys:<br \/>\nPlotis: 110,00 cm<br \/>\nAuk\u0161tis: 61,00 cm<br \/>\nGylis: 45,00 cm<\/p>","protected":false},"featured_media":198074,"comment_status":"open","ping_status":"open","template":"","meta":[],"product_brand":[],"product_cat":[9661,5571,1175],"product_tag":[],"class_list":{"0":"post-198073","1":"product","2":"type-product","3":"status-publish","4":"has-post-thumbnail","6":"product_cat-furniture-system-avignon-art-futuro","7":"product_cat-art-futuro","8":"product_cat-tv-stands","10":"first","11":"instock","12":"product-type-simple"},"_links":{"self":[{"href":"https:\/\/baldumarket.lt\/lt\/wp-json\/wp\/v2\/product\/198073","targetHints":{"allow":["GET"]}}],"collection":[{"href":"https:\/\/baldumarket.lt\/lt\/wp-json\/wp\/v2\/product"}],"about":[{"href":"https:\/\/baldumarket.lt\/lt\/wp-json\/wp\/v2\/types\/product"}],"replies":[{"embeddable":true,"href":"https:\/\/baldumarket.lt\/lt\/wp-json\/wp\/v2\/comments?post=198073"}],"wp:featuredmedia":[{"embeddable":true,"href":"https:\/\/baldumarket.lt\/lt\/wp-json\/wp\/v2\/media\/198074"}],"wp:attachment":[{"href":"https:\/\/baldumarket.lt\/lt\/wp-json\/wp\/v2\/media?parent=198073"}],"wp:term":[{"taxonomy":"product_brand","embeddable":true,"href":"https:\/\/baldumarket.lt\/lt\/wp-json\/wp\/v2\/product_brand?post=198073"},{"taxonomy":"product_cat","embeddable":true,"href":"https:\/\/baldumarket.lt\/lt\/wp-json\/wp\/v2\/product_cat?post=198073"},{"taxonomy":"product_tag","embeddable":true,"href":"https:\/\/baldumarket.lt\/lt\/wp-json\/wp\/v2\/product_tag?post=198073"}],"curies":[{"name":"wp","href":"https:\/\/api.w.org\/{rel}","templated":true}]}}