{"id":198065,"date":"2025-12-24T03:57:32","date_gmt":"2025-12-24T00:57:32","guid":{"rendered":"https:\/\/baldumarket.lt\/product\/szafka-nocna-wersal-w37\/"},"modified":"2026-02-19T11:47:23","modified_gmt":"2026-02-19T08:47:23","slug":"szafka-nocna-wersal-w37","status":"publish","type":"product","link":"https:\/\/baldumarket.lt\/lt\/product\/szafka-nocna-wersal-w37\/","title":{"rendered":"WERSAL naktinis staliukas W37"},"content":{"rendered":"<p>\u201eWersal\u201c sistema \u2013 tai klasika, sukurta tiems, kurie vertina nesenstant\u012f stili\u0173. \u0104\u017euolo fanera puikiai perteikia nat\u016bralios medienos spalv\u0105 ir ra\u0161t\u0105, pabr\u0117\u017edama \u0161ilt\u0105, kolonijin\u012f bald\u0173 stili\u0173. Sistemos funkcionalumas leid\u017eia j\u0105 naudoti svetain\u0117se, valgomuosiuose, miegamuosiuose ir biuruose. Dekoratyviniai akcentai, rankenos ir frezos papildo bald\u0173 i\u0161vaizd\u0105, pabr\u0117\u017edamos j\u0173 gro\u017e\u012f. Techninis apra\u0161ymas:<br \/>\n\u2013 korpusas ir priekin\u0117 dalis, tiek viduje, tiek i\u0161or\u0117je, pagaminti i\u0161 \u0105\u017euolo faneros,<br \/>\n\u2013 kar\u016bnos elementai pagaminti i\u0161 tvirtos alksnio medienos,<br \/>\n\u2013 baldai standartin\u0117s 11 spalvos arba kitos J\u016bs\u0173 pasirinktos spalvos pagal pageidavim\u0105,<br \/>\n\u2013 rankenos: sendinto aukso spalvos aliuminis,<br \/>\n\u2013 komodos su stal\u010diais: laminuota plok\u0161t\u0117.<\/p>","protected":false},"excerpt":{"rendered":"<p>Produkto matmenys:<br \/>\nPlotis: 63,00 cm<br \/>\nAuk\u0161tis: 63,00 cm<br \/>\nGylis: 44,00 cm<\/p>","protected":false},"featured_media":198066,"comment_status":"open","ping_status":"open","template":"","meta":[],"product_brand":[],"product_cat":[9670,5571],"product_tag":[],"class_list":{"0":"post-198065","1":"product","2":"type-product","3":"status-publish","4":"has-post-thumbnail","6":"product_cat-furniture-system-wersal-art-futuro","7":"product_cat-art-futuro","9":"first","10":"instock","11":"product-type-simple"},"_links":{"self":[{"href":"https:\/\/baldumarket.lt\/lt\/wp-json\/wp\/v2\/product\/198065","targetHints":{"allow":["GET"]}}],"collection":[{"href":"https:\/\/baldumarket.lt\/lt\/wp-json\/wp\/v2\/product"}],"about":[{"href":"https:\/\/baldumarket.lt\/lt\/wp-json\/wp\/v2\/types\/product"}],"replies":[{"embeddable":true,"href":"https:\/\/baldumarket.lt\/lt\/wp-json\/wp\/v2\/comments?post=198065"}],"wp:featuredmedia":[{"embeddable":true,"href":"https:\/\/baldumarket.lt\/lt\/wp-json\/wp\/v2\/media\/198066"}],"wp:attachment":[{"href":"https:\/\/baldumarket.lt\/lt\/wp-json\/wp\/v2\/media?parent=198065"}],"wp:term":[{"taxonomy":"product_brand","embeddable":true,"href":"https:\/\/baldumarket.lt\/lt\/wp-json\/wp\/v2\/product_brand?post=198065"},{"taxonomy":"product_cat","embeddable":true,"href":"https:\/\/baldumarket.lt\/lt\/wp-json\/wp\/v2\/product_cat?post=198065"},{"taxonomy":"product_tag","embeddable":true,"href":"https:\/\/baldumarket.lt\/lt\/wp-json\/wp\/v2\/product_tag?post=198065"}],"curies":[{"name":"wp","href":"https:\/\/api.w.org\/{rel}","templated":true}]}}