{"id":198057,"date":"2025-12-24T03:57:12","date_gmt":"2025-12-24T00:57:12","guid":{"rendered":"https:\/\/baldumarket.lt\/product\/szafka-nocna-richmond-dt01\/"},"modified":"2026-02-11T01:35:04","modified_gmt":"2026-02-10T22:35:04","slug":"szafka-nocna-richmond-dt01","status":"publish","type":"product","link":"https:\/\/baldumarket.lt\/lt\/product\/szafka-nocna-richmond-dt01\/","title":{"rendered":"RICHMOND DT01 naktin\u0117 spintel\u0117"},"content":{"rendered":"<p>\u201eRichmond\u201c miegamasis \u2013 tai kolekcija, kurioje baroko stilius ir klasikin\u0117s linijos dera, sukuriant unikal\u0173 ir prabang\u0173 bald\u0105. Bald\u0173 blizgus baltas lakas sukuria kolekcij\u0105, kuri \u012fk\u016bnija prabang\u0105 ir ger\u0105 skon\u012f. Vyriai ir \u0161velnaus u\u017edarymo b\u0117geliai \u017eymiai padidina komfort\u0105, o skoningai suformuotos kojel\u0117s yra prakti\u0161kos ir leid\u017eia lengvai valyti po baldais. \u201eRichmond\u201c miegamojo centrinis elementas \u2013 lova su apmu\u0161tu, skoningai pagamintu galv\u016bgaliu. Visa tai daro \u0161\u012f miegam\u0105j\u012f akivaizd\u017eiu pasirinkimu klasikin\u0117s, nesenstan\u010dios atmosferos m\u0117g\u0117jams.<\/p>","protected":false},"excerpt":{"rendered":"<p>Produkto matmenys:<br \/>\nPlotis: 57,00 cm<br \/>\nAuk\u0161tis: 63,00 cm<br \/>\nGylis: 50,00 cm<\/p>","protected":false},"featured_media":198058,"comment_status":"open","ping_status":"open","template":"","meta":[],"product_brand":[],"product_cat":[5571,1176],"product_tag":[],"class_list":{"0":"post-198057","1":"product","2":"type-product","3":"status-publish","4":"has-post-thumbnail","6":"product_cat-art-futuro","7":"product_cat-bedside-tables","9":"first","10":"instock","11":"product-type-simple"},"_links":{"self":[{"href":"https:\/\/baldumarket.lt\/lt\/wp-json\/wp\/v2\/product\/198057","targetHints":{"allow":["GET"]}}],"collection":[{"href":"https:\/\/baldumarket.lt\/lt\/wp-json\/wp\/v2\/product"}],"about":[{"href":"https:\/\/baldumarket.lt\/lt\/wp-json\/wp\/v2\/types\/product"}],"replies":[{"embeddable":true,"href":"https:\/\/baldumarket.lt\/lt\/wp-json\/wp\/v2\/comments?post=198057"}],"wp:featuredmedia":[{"embeddable":true,"href":"https:\/\/baldumarket.lt\/lt\/wp-json\/wp\/v2\/media\/198058"}],"wp:attachment":[{"href":"https:\/\/baldumarket.lt\/lt\/wp-json\/wp\/v2\/media?parent=198057"}],"wp:term":[{"taxonomy":"product_brand","embeddable":true,"href":"https:\/\/baldumarket.lt\/lt\/wp-json\/wp\/v2\/product_brand?post=198057"},{"taxonomy":"product_cat","embeddable":true,"href":"https:\/\/baldumarket.lt\/lt\/wp-json\/wp\/v2\/product_cat?post=198057"},{"taxonomy":"product_tag","embeddable":true,"href":"https:\/\/baldumarket.lt\/lt\/wp-json\/wp\/v2\/product_tag?post=198057"}],"curies":[{"name":"wp","href":"https:\/\/api.w.org\/{rel}","templated":true}]}}