{"id":198042,"date":"2025-12-24T03:56:39","date_gmt":"2025-12-24T00:56:39","guid":{"rendered":"https:\/\/baldumarket.lt\/product\/szafka-nocna-porto-pt14\/"},"modified":"2026-02-19T11:57:53","modified_gmt":"2026-02-19T08:57:53","slug":"szafka-nocna-porto-pt14","status":"publish","type":"product","link":"https:\/\/baldumarket.lt\/lt\/product\/szafka-nocna-porto-pt14\/","title":{"rendered":"PORTO PT14 naktin\u0117 spintel\u0117"},"content":{"rendered":"<p>PORTO \u2013 tai kolekcija, skirta unikaliems ir moderniems interjerams. Sistemos funkcionalumas leid\u017eia apstatyti svetain\u0119, valgom\u0105j\u012f ir miegam\u0105j\u012f. PORTO si\u016blo dvi nesenstan\u010dias spalv\u0173 schemas. \u0160i moderni sistema skirta tiems, kurie vertina modernizuot\u0105 stili\u0173, derinant\u012f paprastum\u0105 ir gro\u017e\u012f.<\/p>\n<p>Techninis apra\u0161ymas:<br \/>\n\u2013 Korpusas pagamintas i\u0161 laminuotos plok\u0161t\u0117s, baltos 33L arba juodos 34L spalvos<br \/>\n\u2013 Priekin\u0117s dalys pagamintos i\u0161 MDF plok\u0161t\u0117s, padengtos auk\u0161tos kokyb\u0117s, blizgiu baltu 33L arba juodu 34L laku<br \/>\n\u2013 Pagrindas: chromuotos kojel\u0117s<br \/>\n\u2013 Chromuotos rankenos<br \/>\n\u2013 Stal\u010di\u0173 d\u0117\u017e\u0117s: laminuota plok\u0161t\u0117<br \/>\n\u2013 Vir\u0161us: baltas arba juodas stiklas<br \/>\n\u2013 Stikliniai fasadai: skaidrus stiklas<\/p>","protected":false},"excerpt":{"rendered":"<p>Produkto matmenys:<br \/>\nPlotis: 50,00 cm<br \/>\nAuk\u0161tis: 55,00 cm<br \/>\nGylis: 45,00 cm<\/p>","protected":false},"featured_media":198043,"comment_status":"open","ping_status":"open","template":"","meta":[],"product_brand":[],"product_cat":[9677,5571],"product_tag":[],"class_list":{"0":"post-198042","1":"product","2":"type-product","3":"status-publish","4":"has-post-thumbnail","6":"product_cat-furniture-system-porto-art-futuro","7":"product_cat-art-futuro","9":"first","10":"instock","11":"product-type-simple"},"_links":{"self":[{"href":"https:\/\/baldumarket.lt\/lt\/wp-json\/wp\/v2\/product\/198042","targetHints":{"allow":["GET"]}}],"collection":[{"href":"https:\/\/baldumarket.lt\/lt\/wp-json\/wp\/v2\/product"}],"about":[{"href":"https:\/\/baldumarket.lt\/lt\/wp-json\/wp\/v2\/types\/product"}],"replies":[{"embeddable":true,"href":"https:\/\/baldumarket.lt\/lt\/wp-json\/wp\/v2\/comments?post=198042"}],"wp:featuredmedia":[{"embeddable":true,"href":"https:\/\/baldumarket.lt\/lt\/wp-json\/wp\/v2\/media\/198043"}],"wp:attachment":[{"href":"https:\/\/baldumarket.lt\/lt\/wp-json\/wp\/v2\/media?parent=198042"}],"wp:term":[{"taxonomy":"product_brand","embeddable":true,"href":"https:\/\/baldumarket.lt\/lt\/wp-json\/wp\/v2\/product_brand?post=198042"},{"taxonomy":"product_cat","embeddable":true,"href":"https:\/\/baldumarket.lt\/lt\/wp-json\/wp\/v2\/product_cat?post=198042"},{"taxonomy":"product_tag","embeddable":true,"href":"https:\/\/baldumarket.lt\/lt\/wp-json\/wp\/v2\/product_tag?post=198042"}],"curies":[{"name":"wp","href":"https:\/\/api.w.org\/{rel}","templated":true}]}}