{"id":198038,"date":"2025-12-24T03:56:33","date_gmt":"2025-12-24T00:56:33","guid":{"rendered":"https:\/\/baldumarket.lt\/product\/szafka-nocna-madox-mx08\/"},"modified":"2026-02-19T11:56:48","modified_gmt":"2026-02-19T08:56:48","slug":"szafka-nocna-madox-mx08","status":"publish","type":"product","link":"https:\/\/baldumarket.lt\/lt\/product\/szafka-nocna-madox-mx08\/","title":{"rendered":"MADOX MX08 naktin\u0117 spintel\u0117"},"content":{"rendered":"<p>\u201eMadox\u201c \u2013 tai minimalizmas ir paprastumas\u2026<br \/>\nHarmoninga erdv\u0117, presti\u017eas\u2026<br \/>\nTai gamtos ir inovacij\u0173 derinys\u2026<br \/>\nSukurkite nuostabi\u0105 ir originali\u0105 kompozicij\u0105, leiskite postindustrinei erdvei ateiti \u012f j\u016bs\u0173 namus\u2026<br \/>\nTechninis apra\u0161ymas:<br \/>\n\u2013 standartin\u0117s 21 spalvos baldai<br \/>\n\u2013 korpusas ir priekin\u0117 dalis, tiek vidus, tiek i\u0161or\u0117, pagaminti i\u0161 \u0105\u017euolo faneros<br \/>\n\u2013 bald\u0173 pagrindas \u2013 metalinis b\u0117gelis<br \/>\nnuda\u017eyta matine juoda spalva<br \/>\n\u2013 matin\u0117s juodos spalvos aliuminio rankena<br \/>\n\u2013 komodos su stal\u010diais: laminuota plok\u0161t\u0117<br \/>\n\u2013 skaidrus stiklas<\/p>","protected":false},"excerpt":{"rendered":"<p>Produkto matmenys:<br \/>\nPlotis: 59,00 cm<br \/>\nAuk\u0161tis: 45,00 cm<br \/>\nGylis: 15,00 cm<\/p>","protected":false},"featured_media":198039,"comment_status":"open","ping_status":"open","template":"","meta":[],"product_brand":[],"product_cat":[9676,5571],"product_tag":[],"class_list":{"0":"post-198038","1":"product","2":"type-product","3":"status-publish","4":"has-post-thumbnail","6":"product_cat-furniture-system-madox-art-futuro","7":"product_cat-art-futuro","9":"first","10":"instock","11":"product-type-simple"},"_links":{"self":[{"href":"https:\/\/baldumarket.lt\/lt\/wp-json\/wp\/v2\/product\/198038","targetHints":{"allow":["GET"]}}],"collection":[{"href":"https:\/\/baldumarket.lt\/lt\/wp-json\/wp\/v2\/product"}],"about":[{"href":"https:\/\/baldumarket.lt\/lt\/wp-json\/wp\/v2\/types\/product"}],"replies":[{"embeddable":true,"href":"https:\/\/baldumarket.lt\/lt\/wp-json\/wp\/v2\/comments?post=198038"}],"wp:featuredmedia":[{"embeddable":true,"href":"https:\/\/baldumarket.lt\/lt\/wp-json\/wp\/v2\/media\/198039"}],"wp:attachment":[{"href":"https:\/\/baldumarket.lt\/lt\/wp-json\/wp\/v2\/media?parent=198038"}],"wp:term":[{"taxonomy":"product_brand","embeddable":true,"href":"https:\/\/baldumarket.lt\/lt\/wp-json\/wp\/v2\/product_brand?post=198038"},{"taxonomy":"product_cat","embeddable":true,"href":"https:\/\/baldumarket.lt\/lt\/wp-json\/wp\/v2\/product_cat?post=198038"},{"taxonomy":"product_tag","embeddable":true,"href":"https:\/\/baldumarket.lt\/lt\/wp-json\/wp\/v2\/product_tag?post=198038"}],"curies":[{"name":"wp","href":"https:\/\/api.w.org\/{rel}","templated":true}]}}