{"id":198031,"date":"2025-12-24T03:56:21","date_gmt":"2025-12-24T00:56:21","guid":{"rendered":"https:\/\/baldumarket.lt\/product\/szafka-nocna-lewa-cromo-cl13\/"},"modified":"2026-02-19T11:40:48","modified_gmt":"2026-02-19T08:40:48","slug":"szafka-nocna-lewa-cromo-cl13","status":"publish","type":"product","link":"https:\/\/baldumarket.lt\/lt\/product\/szafka-nocna-lewa-cromo-cl13\/","title":{"rendered":"KAIR\u0116 NAKTIN\u0116 SPINTEL\u0116 CROMO CL13"},"content":{"rendered":"<p>\u201eCromo\u201c kolekcija buvo sukurta galvojant apie unikalius, itin modernius interjerus. Nepaprastas veidrod\u017eio efektas kartu su precedento neturin\u010diu spalv\u0173 gyliu leid\u017eia sukurti patrauklias, i\u0161skirtines erdves.<\/p>\n<p>Techninis apra\u0161ymas:<br \/>\n\u2013 Korpusas pagamintas i\u0161 laminuotos plok\u0161t\u0117s, baltos 33L arba juodos 34L spalvos<br \/>\n\u2013 Priekin\u0117s dalys pagamintos i\u0161 MDF plok\u0161t\u0117s, padengtos auk\u0161tos kokyb\u0117s, blizgiu baltu 33L arba juodu 34L laku<br \/>\n\u2013 Dekoratyvin\u0117 detal\u0117 \u2013 MDF plok\u0161t\u0117, padengta stand\u017eiu laminatu, kuris atspindi veidrod\u012f<br \/>\n\u2013 Pagrindas: chromuotos kojel\u0117s<br \/>\n\u2013 Dur\u0173 ir stal\u010di\u0173 fasad\u0173 atidarymo sistema be ranken\u0117li\u0173<br \/>\n\u2013 Komodos su stal\u010diais: laminuota plok\u0161t\u0117<br \/>\n\u2013 Vir\u0161uje: Stiklas, atitinkantis korpuso spalv\u0105<br \/>\n\u2013 Stikliniai fasadai: skaidrus stiklas<\/p>","protected":false},"excerpt":{"rendered":"<p>Produkto matmenys:<br \/>\nPlotis: 50,00 cm<br \/>\nAuk\u0161tis: 55,00 cm<br \/>\nGylis: 45,00 cm<\/p>","protected":false},"featured_media":198032,"comment_status":"open","ping_status":"open","template":"","meta":[],"product_brand":[],"product_cat":[9667,5571],"product_tag":[],"class_list":{"0":"post-198031","1":"product","2":"type-product","3":"status-publish","4":"has-post-thumbnail","6":"product_cat-furniture-system-cromo-art-futuro","7":"product_cat-art-futuro","9":"first","10":"instock","11":"product-type-simple"},"_links":{"self":[{"href":"https:\/\/baldumarket.lt\/lt\/wp-json\/wp\/v2\/product\/198031","targetHints":{"allow":["GET"]}}],"collection":[{"href":"https:\/\/baldumarket.lt\/lt\/wp-json\/wp\/v2\/product"}],"about":[{"href":"https:\/\/baldumarket.lt\/lt\/wp-json\/wp\/v2\/types\/product"}],"replies":[{"embeddable":true,"href":"https:\/\/baldumarket.lt\/lt\/wp-json\/wp\/v2\/comments?post=198031"}],"wp:featuredmedia":[{"embeddable":true,"href":"https:\/\/baldumarket.lt\/lt\/wp-json\/wp\/v2\/media\/198032"}],"wp:attachment":[{"href":"https:\/\/baldumarket.lt\/lt\/wp-json\/wp\/v2\/media?parent=198031"}],"wp:term":[{"taxonomy":"product_brand","embeddable":true,"href":"https:\/\/baldumarket.lt\/lt\/wp-json\/wp\/v2\/product_brand?post=198031"},{"taxonomy":"product_cat","embeddable":true,"href":"https:\/\/baldumarket.lt\/lt\/wp-json\/wp\/v2\/product_cat?post=198031"},{"taxonomy":"product_tag","embeddable":true,"href":"https:\/\/baldumarket.lt\/lt\/wp-json\/wp\/v2\/product_tag?post=198031"}],"curies":[{"name":"wp","href":"https:\/\/api.w.org\/{rel}","templated":true}]}}