{"id":198029,"date":"2025-12-24T03:56:18","date_gmt":"2025-12-24T00:56:18","guid":{"rendered":"https:\/\/baldumarket.lt\/product\/szafka-nocna-largo-l21\/"},"modified":"2026-02-19T11:42:43","modified_gmt":"2026-02-19T08:42:43","slug":"szafka-nocna-largo-l21","status":"publish","type":"product","link":"https:\/\/baldumarket.lt\/lt\/product\/szafka-nocna-largo-l21\/","title":{"rendered":"LARGO L21 naktin\u0117 spintel\u0117"},"content":{"rendered":"<p>\u201eLargo\u201c pasi\u017eymi klasikiniu medienos ra\u0161tu, kur\u012f papildo blizg\u016bs lako elementai, kurie karaliauja jau kelis sezonus ir nerodo joki\u0173 \u017eenkl\u0173, kad atsisako. Stikl\u0105 primenan\u010diame fasade \u0161viesa, l\u016b\u017etanti per subtil\u0173 frezavim\u0105, sukuria gra\u017eius atspind\u017eius. Techninis apra\u0161ymas:<\/p>\n<p>\u2013 korpusas pagamintas i\u0161 \u0105\u017euolo faneros tiek viduje, tiek i\u0161or\u0117je<\/p>\n<p>\u2013 pagrindas ir kojos pagamintos i\u0161 tvirtos buko medienos<\/p>\n<p>\u2013 standartin\u0117 bald\u0173 spalva: korpusas ir pagrindas \u2013 venge Nr. 12<\/p>\n<p>\u2013 fasadai yra blizgaus lako \u2013 baltos kremin\u0117s spalvos arba kitos j\u016bs\u0173 pasirinktos spalvos pagal pageidavim\u0105<\/p>\n<p>\u2013 aliuminio rankenos<\/p>\n<p>\u2013 komodos su stal\u010diais pagamintos i\u0161 laminuotos plok\u0161t\u0117s.<\/p>","protected":false},"excerpt":{"rendered":"<p>Produkto matmenys:<br \/>\nPlotis: 66,00 cm<br \/>\nAuk\u0161tis: 46,00 cm<br \/>\nGylis: 45,00 cm<\/p>","protected":false},"featured_media":198030,"comment_status":"open","ping_status":"open","template":"","meta":[],"product_brand":[],"product_cat":[9668,5571],"product_tag":[],"class_list":{"0":"post-198029","1":"product","2":"type-product","3":"status-publish","4":"has-post-thumbnail","6":"product_cat-furniture-system-largo-art-futuro","7":"product_cat-art-futuro","9":"first","10":"instock","11":"product-type-simple"},"_links":{"self":[{"href":"https:\/\/baldumarket.lt\/lt\/wp-json\/wp\/v2\/product\/198029","targetHints":{"allow":["GET"]}}],"collection":[{"href":"https:\/\/baldumarket.lt\/lt\/wp-json\/wp\/v2\/product"}],"about":[{"href":"https:\/\/baldumarket.lt\/lt\/wp-json\/wp\/v2\/types\/product"}],"replies":[{"embeddable":true,"href":"https:\/\/baldumarket.lt\/lt\/wp-json\/wp\/v2\/comments?post=198029"}],"wp:featuredmedia":[{"embeddable":true,"href":"https:\/\/baldumarket.lt\/lt\/wp-json\/wp\/v2\/media\/198030"}],"wp:attachment":[{"href":"https:\/\/baldumarket.lt\/lt\/wp-json\/wp\/v2\/media?parent=198029"}],"wp:term":[{"taxonomy":"product_brand","embeddable":true,"href":"https:\/\/baldumarket.lt\/lt\/wp-json\/wp\/v2\/product_brand?post=198029"},{"taxonomy":"product_cat","embeddable":true,"href":"https:\/\/baldumarket.lt\/lt\/wp-json\/wp\/v2\/product_cat?post=198029"},{"taxonomy":"product_tag","embeddable":true,"href":"https:\/\/baldumarket.lt\/lt\/wp-json\/wp\/v2\/product_tag?post=198029"}],"curies":[{"name":"wp","href":"https:\/\/api.w.org\/{rel}","templated":true}]}}