{"id":197688,"date":"2025-12-24T03:43:23","date_gmt":"2025-12-24T00:43:23","guid":{"rendered":"https:\/\/baldumarket.lt\/product\/stolik-rtv-madera-dr01\/"},"modified":"2026-02-19T11:55:28","modified_gmt":"2026-02-19T08:55:28","slug":"stolik-rtv-madera-dr01","status":"publish","type":"product","link":"https:\/\/baldumarket.lt\/lt\/product\/stolik-rtv-madera-dr01\/","title":{"rendered":"TV staliukas MADERA DR01"},"content":{"rendered":"<p>\u201eMadera\u201c kolekcijos televizoriaus staliukas yra eleganti\u0161kas ir funkcionalus baldas, puikiai tinkantis moderniam interjerui. 186 cm plo\u010dio, 63 cm auk\u0161\u010dio ir 50 cm gylio, jis idealiai tinka erdvioms svetain\u0117ms, miegamiesiems ar biurams, nes jame yra daug vietos daiktams susid\u0117ti.<br \/>\nTelevizoriaus staliuko r\u0117mas pagamintas i\u0161 nat\u016bralaus, neda\u017eyto \u0105\u017euolo, o matin\u0117 apdaila suteikia subtilumo. Priekin\u0117s dalys, pagamintos i\u0161 lakuotos, balk\u0161vos spalvos MDF plok\u0161t\u0117s, puikiai papildo bendr\u0105 dizain\u0105, suteikia eleganti\u0161k\u0105 i\u0161vaizd\u0105 ir yra lengvai valomos. Stalvir\u0161is pagamintas i\u0161 lakuotos \u0105\u017euolo faneros, kuri sustiprina nat\u016bral\u0173 jo \u017eaves\u012f.<\/p>\n<p>Televizoriaus staliukas turi dvejas dureles ir du stal\u010dius, kad b\u016bt\u0173 patogu pasiekti laikomus daiktus. \u0160velniai u\u017esidaran\u010dios stal\u010di\u0173 b\u0117gel\u0117s su daliniu i\u0161traukimu garantuoja skland\u0173 ir tyl\u0173 atidarym\u0105 bei u\u017edarym\u0105. Aukso spalvos plienin\u0117s rankenos suteikia baldui prabangos, o med\u017eio masyvo kojel\u0117s \u2013 stabilumo ir elegancijos.<\/p>\n<p>Pasl\u0117pti vyriai su slopintuvu u\u017etikrina tyl\u0173 ir \u0161veln\u0173 dureli\u0173 u\u017edarym\u0105. \u201eArt-Futuro Madera\u201c komoda \u2013 puikus pasirinkimas ie\u0161kantiems bald\u0173, kuriuose der\u0117t\u0173 auk\u0161tos kokyb\u0117s meistri\u0161kumas, modernus dizainas ir funkcionalumas, i\u0161laikant elegancij\u0105 ilgus metus.<\/p>","protected":false},"excerpt":{"rendered":"<p>Produkto matmenys:<br \/>\nPlotis: 180,00 cm<br \/>\nAuk\u0161tis: 63,00 cm<br \/>\nGylis: 50,00 cm<\/p>","protected":false},"featured_media":197689,"comment_status":"open","ping_status":"open","template":"","meta":[],"product_brand":[],"product_cat":[9675,5571],"product_tag":[],"class_list":{"0":"post-197688","1":"product","2":"type-product","3":"status-publish","4":"has-post-thumbnail","6":"product_cat-furniture-system-madera-art-futuro","7":"product_cat-art-futuro","9":"first","10":"instock","11":"product-type-simple"},"_links":{"self":[{"href":"https:\/\/baldumarket.lt\/lt\/wp-json\/wp\/v2\/product\/197688","targetHints":{"allow":["GET"]}}],"collection":[{"href":"https:\/\/baldumarket.lt\/lt\/wp-json\/wp\/v2\/product"}],"about":[{"href":"https:\/\/baldumarket.lt\/lt\/wp-json\/wp\/v2\/types\/product"}],"replies":[{"embeddable":true,"href":"https:\/\/baldumarket.lt\/lt\/wp-json\/wp\/v2\/comments?post=197688"}],"wp:featuredmedia":[{"embeddable":true,"href":"https:\/\/baldumarket.lt\/lt\/wp-json\/wp\/v2\/media\/197689"}],"wp:attachment":[{"href":"https:\/\/baldumarket.lt\/lt\/wp-json\/wp\/v2\/media?parent=197688"}],"wp:term":[{"taxonomy":"product_brand","embeddable":true,"href":"https:\/\/baldumarket.lt\/lt\/wp-json\/wp\/v2\/product_brand?post=197688"},{"taxonomy":"product_cat","embeddable":true,"href":"https:\/\/baldumarket.lt\/lt\/wp-json\/wp\/v2\/product_cat?post=197688"},{"taxonomy":"product_tag","embeddable":true,"href":"https:\/\/baldumarket.lt\/lt\/wp-json\/wp\/v2\/product_tag?post=197688"}],"curies":[{"name":"wp","href":"https:\/\/api.w.org\/{rel}","templated":true}]}}