{"id":197513,"date":"2025-12-24T03:35:21","date_gmt":"2025-12-24T00:35:21","guid":{"rendered":"https:\/\/baldumarket.lt\/product\/stol-barocco-s31-16040\/"},"modified":"2026-02-17T10:13:35","modified_gmt":"2026-02-17T07:13:35","slug":"stol-barocco-s31-16040","status":"publish","type":"product","link":"https:\/\/baldumarket.lt\/lt\/product\/stol-barocco-s31-16040\/","title":{"rendered":"BAROCCO STALAS S31 160+40"},"content":{"rendered":"<p>\u201eBarocco\u201c kolekcija \u2013 tai klasika su moderniu prieskoniu\u2026<br \/>\nTai gilumas, paslaptis ir magija\u2026<br \/>\nTai blizgaus pavir\u0161iaus gro\u017eis\u2026<\/p>\n<p>Techninis apra\u0161ymas:<br \/>\n\u2013 \u012ed\u0117klas daiktams laikyti u\u017e stalo rib\u0173<br \/>\n\u2013 Tvirtos buko medienos kojel\u0117s<\/p>","protected":false},"excerpt":{"rendered":"<p>Produkto matmenys:<br \/>\nPlotis: 100,00 cm<br \/>\nAuk\u0161tis: 76,00 cm<br \/>\nGylis: 160,00 cm<\/p>","protected":false},"featured_media":197514,"comment_status":"open","ping_status":"open","template":"","meta":[],"product_brand":[],"product_cat":[9663,5571,1934],"product_tag":[],"class_list":{"0":"post-197513","1":"product","2":"type-product","3":"status-publish","4":"has-post-thumbnail","6":"product_cat-furniture-system-barocco-art-futuro","7":"product_cat-art-futuro","8":"product_cat-tables","10":"first","11":"instock","12":"product-type-simple"},"_links":{"self":[{"href":"https:\/\/baldumarket.lt\/lt\/wp-json\/wp\/v2\/product\/197513","targetHints":{"allow":["GET"]}}],"collection":[{"href":"https:\/\/baldumarket.lt\/lt\/wp-json\/wp\/v2\/product"}],"about":[{"href":"https:\/\/baldumarket.lt\/lt\/wp-json\/wp\/v2\/types\/product"}],"replies":[{"embeddable":true,"href":"https:\/\/baldumarket.lt\/lt\/wp-json\/wp\/v2\/comments?post=197513"}],"wp:featuredmedia":[{"embeddable":true,"href":"https:\/\/baldumarket.lt\/lt\/wp-json\/wp\/v2\/media\/197514"}],"wp:attachment":[{"href":"https:\/\/baldumarket.lt\/lt\/wp-json\/wp\/v2\/media?parent=197513"}],"wp:term":[{"taxonomy":"product_brand","embeddable":true,"href":"https:\/\/baldumarket.lt\/lt\/wp-json\/wp\/v2\/product_brand?post=197513"},{"taxonomy":"product_cat","embeddable":true,"href":"https:\/\/baldumarket.lt\/lt\/wp-json\/wp\/v2\/product_cat?post=197513"},{"taxonomy":"product_tag","embeddable":true,"href":"https:\/\/baldumarket.lt\/lt\/wp-json\/wp\/v2\/product_tag?post=197513"}],"curies":[{"name":"wp","href":"https:\/\/api.w.org\/{rel}","templated":true}]}}