{"id":197501,"date":"2025-12-24T03:34:39","date_gmt":"2025-12-24T00:34:39","guid":{"rendered":"https:\/\/baldumarket.lt\/product\/stol-barocco-new-s31-2002x50\/"},"modified":"2026-02-19T11:13:50","modified_gmt":"2026-02-19T08:13:50","slug":"stol-barocco-new-s31-2002x50","status":"publish","type":"product","link":"https:\/\/baldumarket.lt\/lt\/product\/stol-barocco-new-s31-2002x50\/","title":{"rendered":"STALAS  BAROCCO NEW S31 200+2&#215;50"},"content":{"rendered":"<p>\u201eBarocco\u201c kolekcija \u2013 tai klasika su moderniu prieskoniu\u2026<br \/>\nTai gilumas, paslaptis ir magija\u2026<br \/>\nTai blizgaus pavir\u0161iaus gro\u017eis\u2026<\/p>\n<p>Techninis apra\u0161ymas:<br \/>\n\u2013 \u012ed\u0117klas daiktams laikyti u\u017e stalo rib\u0173<br \/>\n\u2013 Tvirtos buko medienos kojel\u0117s<\/p>","protected":false},"excerpt":{"rendered":"<p>Produkto matmenys:<br \/>\nPlotis: 100,00 cm<br \/>\nAuk\u0161tis: 76,00 cm<br \/>\nGylis: 200,00 cm<\/p>","protected":false},"featured_media":197502,"comment_status":"open","ping_status":"open","template":"","meta":[],"product_brand":[],"product_cat":[9662,5571],"product_tag":[],"class_list":{"0":"post-197501","1":"product","2":"type-product","3":"status-publish","4":"has-post-thumbnail","6":"product_cat-furniture-system-barocco-new-art-futuro","7":"product_cat-art-futuro","9":"first","10":"instock","11":"product-type-simple"},"_links":{"self":[{"href":"https:\/\/baldumarket.lt\/lt\/wp-json\/wp\/v2\/product\/197501","targetHints":{"allow":["GET"]}}],"collection":[{"href":"https:\/\/baldumarket.lt\/lt\/wp-json\/wp\/v2\/product"}],"about":[{"href":"https:\/\/baldumarket.lt\/lt\/wp-json\/wp\/v2\/types\/product"}],"replies":[{"embeddable":true,"href":"https:\/\/baldumarket.lt\/lt\/wp-json\/wp\/v2\/comments?post=197501"}],"wp:featuredmedia":[{"embeddable":true,"href":"https:\/\/baldumarket.lt\/lt\/wp-json\/wp\/v2\/media\/197502"}],"wp:attachment":[{"href":"https:\/\/baldumarket.lt\/lt\/wp-json\/wp\/v2\/media?parent=197501"}],"wp:term":[{"taxonomy":"product_brand","embeddable":true,"href":"https:\/\/baldumarket.lt\/lt\/wp-json\/wp\/v2\/product_brand?post=197501"},{"taxonomy":"product_cat","embeddable":true,"href":"https:\/\/baldumarket.lt\/lt\/wp-json\/wp\/v2\/product_cat?post=197501"},{"taxonomy":"product_tag","embeddable":true,"href":"https:\/\/baldumarket.lt\/lt\/wp-json\/wp\/v2\/product_tag?post=197501"}],"curies":[{"name":"wp","href":"https:\/\/api.w.org\/{rel}","templated":true}]}}