{"id":197382,"date":"2025-12-24T03:30:16","date_gmt":"2025-12-24T00:30:16","guid":{"rendered":"https:\/\/baldumarket.lt\/product\/lustro-boston-bs09\/"},"modified":"2026-02-11T01:33:12","modified_gmt":"2026-02-10T22:33:12","slug":"lustro-boston-bs09","status":"publish","type":"product","link":"https:\/\/baldumarket.lt\/lt\/product\/lustro-boston-bs09\/","title":{"rendered":"Bostono veidrodis BS09"},"content":{"rendered":"<p>Bostonas \u2013 tai minimalizmas ir paprastumas\u2026<br \/>\nHarmoninga erdv\u0117, presti\u017eas\u2026<br \/>\nSukurkite nuostabi\u0105 ir originali\u0105 kompozicij\u0105, leiskite 70-iesiems ateiti \u012f j\u016bs\u0173 namus\u2026 Techninis apra\u0161ymas:<br \/>\n\u2013 Baldai standartin\u0117s 06 spalvos arba kitos pasirinktos spalvos pagal pageidavim\u0105<br \/>\n\u2013 Kolekcijoje taip pat yra stal\u0173, k\u0117d\u017ei\u0173 ir suol\u0173<br \/>\n\u2013 Korpusas ir priekin\u0117 dalis, tiek viduje, tiek i\u0161or\u0117je, pagaminti i\u0161 \u0105\u017euolo faneros<br \/>\n\u2013 Bald\u0173 pagrindas \u2013 tvirta mediena<br \/>\n\u2013 Sistema be ranken\u0173<br \/>\n\u2013 Stal\u010di\u0173 d\u0117\u017e\u0117s: laminuota plok\u0161t\u0117<\/p>","protected":false},"excerpt":{"rendered":"<p>Produkto matmenys:<br \/>\nPlotis: 130,00 cm<br \/>\nAuk\u0161tis: 70,00 cm<br \/>\nGylis: 3,00 cm<\/p>","protected":false},"featured_media":197383,"comment_status":"open","ping_status":"open","template":"","meta":[],"product_brand":[],"product_cat":[5571,1108],"product_tag":[],"class_list":{"0":"post-197382","1":"product","2":"type-product","3":"status-publish","4":"has-post-thumbnail","6":"product_cat-art-futuro","7":"product_cat-mirrors","9":"first","10":"instock","11":"product-type-simple"},"_links":{"self":[{"href":"https:\/\/baldumarket.lt\/lt\/wp-json\/wp\/v2\/product\/197382","targetHints":{"allow":["GET"]}}],"collection":[{"href":"https:\/\/baldumarket.lt\/lt\/wp-json\/wp\/v2\/product"}],"about":[{"href":"https:\/\/baldumarket.lt\/lt\/wp-json\/wp\/v2\/types\/product"}],"replies":[{"embeddable":true,"href":"https:\/\/baldumarket.lt\/lt\/wp-json\/wp\/v2\/comments?post=197382"}],"wp:featuredmedia":[{"embeddable":true,"href":"https:\/\/baldumarket.lt\/lt\/wp-json\/wp\/v2\/media\/197383"}],"wp:attachment":[{"href":"https:\/\/baldumarket.lt\/lt\/wp-json\/wp\/v2\/media?parent=197382"}],"wp:term":[{"taxonomy":"product_brand","embeddable":true,"href":"https:\/\/baldumarket.lt\/lt\/wp-json\/wp\/v2\/product_brand?post=197382"},{"taxonomy":"product_cat","embeddable":true,"href":"https:\/\/baldumarket.lt\/lt\/wp-json\/wp\/v2\/product_cat?post=197382"},{"taxonomy":"product_tag","embeddable":true,"href":"https:\/\/baldumarket.lt\/lt\/wp-json\/wp\/v2\/product_tag?post=197382"}],"curies":[{"name":"wp","href":"https:\/\/api.w.org\/{rel}","templated":true}]}}