{"id":197363,"date":"2025-12-24T03:29:22","date_gmt":"2025-12-24T00:29:22","guid":{"rendered":"https:\/\/baldumarket.lt\/product\/lustro-barocco-new-bn11\/"},"modified":"2026-02-19T11:13:50","modified_gmt":"2026-02-19T08:13:50","slug":"lustro-barocco-new-bn11","status":"publish","type":"product","link":"https:\/\/baldumarket.lt\/lt\/product\/lustro-barocco-new-bn11\/","title":{"rendered":"BAROCCO NAUJAS VEIDRODIS BN11"},"content":{"rendered":"<p>\u201eBarocco New\u201c kolekcijas galima apib\u016bdinti keliais \u017eod\u017eiais: elegancija, stilius, pra\u0161matnumas ir prabanga. M\u016bs\u0173 naujoji kolekcija \u2013 tai prabangos ir prabangos, derinamos su geru skoniu, kvintesencija. Ji pasi\u017eymi spindin\u010dia balta spalva, mink\u0161tais apmu\u0161alais ir i\u0161skirtin\u0117mis formomis. \u201eBarocco New\u201c leis Jums sukurti tobul\u0105 kompozicij\u0105 su moteri\u0161ku, subtiliu charakteriu\u2026<br \/>\nTechninis apra\u0161ymas:<br \/>\n\u2013 MDF korpusas ir priekin\u0117 dalis, padengti auk\u0161tos kokyb\u0117s blizgiu laku arba nat\u016braliu luk\u0161tu,<br \/>\n\u2013 atraminiai elementai, pagaminti i\u0161 tvirtos medienos korpuso spalvos,<br \/>\n\u2013 aliuminio rankenos,<br \/>\n\u2013 komodos su stal\u010diais i\u0161 laminuotos plok\u0161t\u0117s.<\/p>","protected":false},"excerpt":{"rendered":"<p>Produkto matmenys:<br \/>\nPlotis: 70,00 cm<br \/>\nAuk\u0161tis: 70,00 cm<br \/>\nGylis: 3,00 cm<\/p>","protected":false},"featured_media":197364,"comment_status":"open","ping_status":"open","template":"","meta":[],"product_brand":[],"product_cat":[9662,5571],"product_tag":[],"class_list":{"0":"post-197363","1":"product","2":"type-product","3":"status-publish","4":"has-post-thumbnail","6":"product_cat-furniture-system-barocco-new-art-futuro","7":"product_cat-art-futuro","9":"first","10":"instock","11":"product-type-simple"},"_links":{"self":[{"href":"https:\/\/baldumarket.lt\/lt\/wp-json\/wp\/v2\/product\/197363","targetHints":{"allow":["GET"]}}],"collection":[{"href":"https:\/\/baldumarket.lt\/lt\/wp-json\/wp\/v2\/product"}],"about":[{"href":"https:\/\/baldumarket.lt\/lt\/wp-json\/wp\/v2\/types\/product"}],"replies":[{"embeddable":true,"href":"https:\/\/baldumarket.lt\/lt\/wp-json\/wp\/v2\/comments?post=197363"}],"wp:featuredmedia":[{"embeddable":true,"href":"https:\/\/baldumarket.lt\/lt\/wp-json\/wp\/v2\/media\/197364"}],"wp:attachment":[{"href":"https:\/\/baldumarket.lt\/lt\/wp-json\/wp\/v2\/media?parent=197363"}],"wp:term":[{"taxonomy":"product_brand","embeddable":true,"href":"https:\/\/baldumarket.lt\/lt\/wp-json\/wp\/v2\/product_brand?post=197363"},{"taxonomy":"product_cat","embeddable":true,"href":"https:\/\/baldumarket.lt\/lt\/wp-json\/wp\/v2\/product_cat?post=197363"},{"taxonomy":"product_tag","embeddable":true,"href":"https:\/\/baldumarket.lt\/lt\/wp-json\/wp\/v2\/product_tag?post=197363"}],"curies":[{"name":"wp","href":"https:\/\/api.w.org\/{rel}","templated":true}]}}