{"id":197221,"date":"2025-12-24T03:23:58","date_gmt":"2025-12-24T00:23:58","guid":{"rendered":"https:\/\/baldumarket.lt\/product\/lozko-boston-bs17-160\/"},"modified":"2026-02-11T01:32:50","modified_gmt":"2026-02-10T22:32:50","slug":"lozko-boston-bs17-160","status":"publish","type":"product","link":"https:\/\/baldumarket.lt\/lt\/product\/lozko-boston-bs17-160\/","title":{"rendered":"Bostono lova BS17 160"},"content":{"rendered":"<p>Bostonas \u2013 tai minimalizmas ir paprastumas\u2026<br \/>\nHarmoninga erdv\u0117, presti\u017eas\u2026<br \/>\nSukurkite nuostabi\u0105 ir originali\u0105 kompozicij\u0105, leiskite 70-iesiems ateiti \u012f j\u016bs\u0173 namus\u2026<br \/>\nTechninis apra\u0161ymas:<br \/>\n\u2013 Baldai standartin\u0117s 06 spalvos arba kitos pasirinktos spalvos pagal pageidavim\u0105<br \/>\n\u2013 Kolekcijoje taip pat yra stal\u0173, k\u0117d\u017ei\u0173 ir suol\u0173<br \/>\n\u2013 Korpusas ir priekin\u0117 dalis, tiek viduje, tiek i\u0161or\u0117je, pagaminti i\u0161 \u0105\u017euolo faneros<br \/>\n\u2013 Baldo pagrindas pagamintas i\u0161 med\u017eio masyvo<br \/>\n\u2013 Sistema be ranken\u0173<br \/>\n\u2013 Stal\u010di\u0173 d\u0117\u017e\u0117s: laminuota plok\u0161t\u0117<\/p>","protected":false},"excerpt":{"rendered":"<p>Produkto matmenys:<br \/>\nPlotis: 177,00 cm<br \/>\nAuk\u0161tis: 87,00 cm<br \/>\nGylis: 220,00 cm<\/p>","protected":false},"featured_media":197222,"comment_status":"open","ping_status":"open","template":"","meta":[],"product_brand":[],"product_cat":[5571,505],"product_tag":[],"class_list":{"0":"post-197221","1":"product","2":"type-product","3":"status-publish","4":"has-post-thumbnail","6":"product_cat-art-futuro","7":"product_cat-bedroom-beds","9":"first","10":"instock","11":"product-type-simple"},"_links":{"self":[{"href":"https:\/\/baldumarket.lt\/lt\/wp-json\/wp\/v2\/product\/197221","targetHints":{"allow":["GET"]}}],"collection":[{"href":"https:\/\/baldumarket.lt\/lt\/wp-json\/wp\/v2\/product"}],"about":[{"href":"https:\/\/baldumarket.lt\/lt\/wp-json\/wp\/v2\/types\/product"}],"replies":[{"embeddable":true,"href":"https:\/\/baldumarket.lt\/lt\/wp-json\/wp\/v2\/comments?post=197221"}],"wp:featuredmedia":[{"embeddable":true,"href":"https:\/\/baldumarket.lt\/lt\/wp-json\/wp\/v2\/media\/197222"}],"wp:attachment":[{"href":"https:\/\/baldumarket.lt\/lt\/wp-json\/wp\/v2\/media?parent=197221"}],"wp:term":[{"taxonomy":"product_brand","embeddable":true,"href":"https:\/\/baldumarket.lt\/lt\/wp-json\/wp\/v2\/product_brand?post=197221"},{"taxonomy":"product_cat","embeddable":true,"href":"https:\/\/baldumarket.lt\/lt\/wp-json\/wp\/v2\/product_cat?post=197221"},{"taxonomy":"product_tag","embeddable":true,"href":"https:\/\/baldumarket.lt\/lt\/wp-json\/wp\/v2\/product_tag?post=197221"}],"curies":[{"name":"wp","href":"https:\/\/api.w.org\/{rel}","templated":true}]}}