{"id":197129,"date":"2025-12-24T03:20:06","date_gmt":"2025-12-24T00:20:06","guid":{"rendered":"https:\/\/baldumarket.lt\/product\/lawa-linea-lnl\/"},"modified":"2026-02-19T11:43:40","modified_gmt":"2026-02-19T08:43:40","slug":"lawa-linea-lnl","status":"publish","type":"product","link":"https:\/\/baldumarket.lt\/lt\/product\/lawa-linea-lnl\/","title":{"rendered":"LINEA LNL SUOLAS"},"content":{"rendered":"<p>\u201eLinea\u201c bald\u0173 sistema buvo sukurta atsi\u017evelgiant \u012f modernias dizaino tendencijas ir industrinio stiliaus interjerus. Kolekcijai b\u016bdingas geometrinis paprastumas, kur\u012f pary\u0161kina grioveli\u0173 formos fasadai. Vertikalus ornamentavimas suteikia baldams ner\u016bpestingumo. Subtilus akcentas \u2013 v\u0117siu rudos spalvos faneros atspalviu apdailintas korpusas \u2013 leid\u017eia sukurti darni\u0105 ir unikali\u0105 kompozicij\u0105.<\/p>\n<p>Techninis apra\u0161ymas:<br \/>\n\u2013 baldai standartin\u0117s spalvos Nr. 37 \u2013 \u0161altai ruda \/ matin\u0117 juoda<br \/>\n\u2013 korpusas \u2013 bald\u0173 plok\u0161t\u0117, padengta \u0105\u017euolo fanera<br \/>\n\u2013 priekis \u2013 MDF plok\u0161t\u0117, lakuota matine juoda spalva<br \/>\n\u2013 pagrindas \u2013 metalin\u0117 matin\u0117s juodos spalvos koja<br \/>\n\u2013 dur\u0173 ir stal\u010di\u0173 fasad\u0173 atidarymo sistema be ranken\u0117li\u0173<br \/>\n\u2013 stal\u010di\u0173 blokai \u2013 laminuota plok\u0161t\u0117<br \/>\n\u2013 skaidrus stiklas<\/p>","protected":false},"excerpt":{"rendered":"<p>Produkto matmenys:<br \/>\nPlotis: 58,00 cm<br \/>\nAuk\u0161tis: 50,00 cm<br \/>\nGylis: 117,00 cm<\/p>","protected":false},"featured_media":197130,"comment_status":"open","ping_status":"open","template":"","meta":[],"product_brand":[],"product_cat":[9669,5571],"product_tag":[],"class_list":{"0":"post-197129","1":"product","2":"type-product","3":"status-publish","4":"has-post-thumbnail","6":"product_cat-furniture-system-linea-art-futuro","7":"product_cat-art-futuro","9":"first","10":"instock","11":"product-type-simple"},"_links":{"self":[{"href":"https:\/\/baldumarket.lt\/lt\/wp-json\/wp\/v2\/product\/197129","targetHints":{"allow":["GET"]}}],"collection":[{"href":"https:\/\/baldumarket.lt\/lt\/wp-json\/wp\/v2\/product"}],"about":[{"href":"https:\/\/baldumarket.lt\/lt\/wp-json\/wp\/v2\/types\/product"}],"replies":[{"embeddable":true,"href":"https:\/\/baldumarket.lt\/lt\/wp-json\/wp\/v2\/comments?post=197129"}],"wp:featuredmedia":[{"embeddable":true,"href":"https:\/\/baldumarket.lt\/lt\/wp-json\/wp\/v2\/media\/197130"}],"wp:attachment":[{"href":"https:\/\/baldumarket.lt\/lt\/wp-json\/wp\/v2\/media?parent=197129"}],"wp:term":[{"taxonomy":"product_brand","embeddable":true,"href":"https:\/\/baldumarket.lt\/lt\/wp-json\/wp\/v2\/product_brand?post=197129"},{"taxonomy":"product_cat","embeddable":true,"href":"https:\/\/baldumarket.lt\/lt\/wp-json\/wp\/v2\/product_cat?post=197129"},{"taxonomy":"product_tag","embeddable":true,"href":"https:\/\/baldumarket.lt\/lt\/wp-json\/wp\/v2\/product_tag?post=197129"}],"curies":[{"name":"wp","href":"https:\/\/api.w.org\/{rel}","templated":true}]}}