{"id":197112,"date":"2025-12-24T03:19:21","date_gmt":"2025-12-24T00:19:21","guid":{"rendered":"https:\/\/baldumarket.lt\/product\/lawa-charleston-lce\/"},"modified":"2026-02-11T01:32:28","modified_gmt":"2026-02-10T22:32:28","slug":"lawa-charleston-lce","status":"publish","type":"product","link":"https:\/\/baldumarket.lt\/lt\/product\/lawa-charleston-lce\/","title":{"rendered":"\u010carlstono LCE suolas"},"content":{"rendered":"<p>\u201eCharleston\u201c kolekcija derina modern\u0173 dizain\u0105 su nesenstan\u010diu med\u017eio \u017eavesiu. Pramonini\u0173 lameli\u0173 ir blizgi\u0173 lakuot\u0173 element\u0173 derinys sukuria unikal\u0173 bald\u0105, suteikiant\u012f svetain\u0117ms ir valgomiesiems nepakartojam\u0105 atmosfer\u0105. Kolekcijos atidarymo sistema be ranken\u0117li\u0173 padidina baldo funkcionalum\u0105, tod\u0117l jis yra esteti\u0161kai patrauklus ir prakti\u0161kas. \u201eCharleston\u201c sukurtas atlikti bet kok\u012f vaidmen\u012f. Be to, stalvir\u0161is papuo\u0161tas stiklo plok\u0161te, tod\u0117l j\u012f lengva valyti. Standartin\u0117s kojel\u0117s ir cokolio elementai buvo panaikinti, juose \u012frengtos simetri\u0161kai i\u0161d\u0117stytos medin\u0117s stalvir\u0161iai. \u0160i kolekcija atitinka dabartines tendencijas ir patraukli modernaus bei industrinio interjero m\u0117g\u0117jams.<\/p>","protected":false},"excerpt":{"rendered":"<p>Produkto matmenys:<br \/>\nPlotis: 70,00 cm<br \/>\nAuk\u0161tis: 50,00 cm<br \/>\nGylis: 120,00 cm<\/p>","protected":false},"featured_media":197113,"comment_status":"open","ping_status":"open","template":"","meta":[],"product_brand":[],"product_cat":[5571,866],"product_tag":[],"class_list":{"0":"post-197112","1":"product","2":"type-product","3":"status-publish","4":"has-post-thumbnail","6":"product_cat-art-futuro","7":"product_cat-coffee-tables","9":"first","10":"instock","11":"product-type-simple"},"_links":{"self":[{"href":"https:\/\/baldumarket.lt\/lt\/wp-json\/wp\/v2\/product\/197112","targetHints":{"allow":["GET"]}}],"collection":[{"href":"https:\/\/baldumarket.lt\/lt\/wp-json\/wp\/v2\/product"}],"about":[{"href":"https:\/\/baldumarket.lt\/lt\/wp-json\/wp\/v2\/types\/product"}],"replies":[{"embeddable":true,"href":"https:\/\/baldumarket.lt\/lt\/wp-json\/wp\/v2\/comments?post=197112"}],"wp:featuredmedia":[{"embeddable":true,"href":"https:\/\/baldumarket.lt\/lt\/wp-json\/wp\/v2\/media\/197113"}],"wp:attachment":[{"href":"https:\/\/baldumarket.lt\/lt\/wp-json\/wp\/v2\/media?parent=197112"}],"wp:term":[{"taxonomy":"product_brand","embeddable":true,"href":"https:\/\/baldumarket.lt\/lt\/wp-json\/wp\/v2\/product_brand?post=197112"},{"taxonomy":"product_cat","embeddable":true,"href":"https:\/\/baldumarket.lt\/lt\/wp-json\/wp\/v2\/product_cat?post=197112"},{"taxonomy":"product_tag","embeddable":true,"href":"https:\/\/baldumarket.lt\/lt\/wp-json\/wp\/v2\/product_tag?post=197112"}],"curies":[{"name":"wp","href":"https:\/\/api.w.org\/{rel}","templated":true}]}}