{"id":197083,"date":"2025-12-24T03:18:17","date_gmt":"2025-12-24T00:18:17","guid":{"rendered":"https:\/\/baldumarket.lt\/product\/krzeslo-richmond-k52z\/"},"modified":"2026-02-11T01:32:28","modified_gmt":"2026-02-10T22:32:28","slug":"krzeslo-richmond-k52z","status":"publish","type":"product","link":"https:\/\/baldumarket.lt\/lt\/product\/krzeslo-richmond-k52z\/","title":{"rendered":"RICHMOND K52Z K\u0116D\u0116"},"content":{"rendered":"<p>Techninis apra\u0161ymas:<br \/>\n\u2013 D\u0116MESIO!!! Nuotraukoje pavaizduota spalva ir apmu\u0161alai yra tik iliustraciniai. Pra\u0161ome pasirinkti ir suasmeninti gamin\u012f naudodamiesi toliau pateiktomis nuorodomis.<br \/>\n\u2013 R\u0117mas ir kojel\u0117s \u2013 tvirta buko mediena, kurios spalva dera prie bald\u0173 kolekcijos arba kita i\u0161 pavyzd\u017eio &gt;&gt;&gt;\u010dia<<&lt; - J\u016bs\u0173 pasirinktas apmu\u0161alas &gt;&gt;&gt;\u010dia<<&lt; (papildomas mokestis u\u017e audinio tip\u0105 ir atsparum\u0105 d\u0117m\u0117ms, \u017er. kainora\u0161t\u012f)\n<\/p>","protected":false},"excerpt":{"rendered":"<p>Produkto matmenys:<br \/>\nPlotis: 45,00 cm<br \/>\nAuk\u0161tis: 105,00 cm<br \/>\nGylis: 45,00 cm<\/p>","protected":false},"featured_media":197084,"comment_status":"open","ping_status":"open","template":"","meta":[],"product_brand":[],"product_cat":[5571,1930],"product_tag":[],"class_list":{"0":"post-197083","1":"product","2":"type-product","3":"status-publish","4":"has-post-thumbnail","6":"product_cat-art-futuro","7":"product_cat-chairs","9":"first","10":"instock","11":"product-type-simple"},"_links":{"self":[{"href":"https:\/\/baldumarket.lt\/lt\/wp-json\/wp\/v2\/product\/197083","targetHints":{"allow":["GET"]}}],"collection":[{"href":"https:\/\/baldumarket.lt\/lt\/wp-json\/wp\/v2\/product"}],"about":[{"href":"https:\/\/baldumarket.lt\/lt\/wp-json\/wp\/v2\/types\/product"}],"replies":[{"embeddable":true,"href":"https:\/\/baldumarket.lt\/lt\/wp-json\/wp\/v2\/comments?post=197083"}],"wp:featuredmedia":[{"embeddable":true,"href":"https:\/\/baldumarket.lt\/lt\/wp-json\/wp\/v2\/media\/197084"}],"wp:attachment":[{"href":"https:\/\/baldumarket.lt\/lt\/wp-json\/wp\/v2\/media?parent=197083"}],"wp:term":[{"taxonomy":"product_brand","embeddable":true,"href":"https:\/\/baldumarket.lt\/lt\/wp-json\/wp\/v2\/product_brand?post=197083"},{"taxonomy":"product_cat","embeddable":true,"href":"https:\/\/baldumarket.lt\/lt\/wp-json\/wp\/v2\/product_cat?post=197083"},{"taxonomy":"product_tag","embeddable":true,"href":"https:\/\/baldumarket.lt\/lt\/wp-json\/wp\/v2\/product_tag?post=197083"}],"curies":[{"name":"wp","href":"https:\/\/api.w.org\/{rel}","templated":true}]}}