{"id":196808,"date":"2025-12-24T03:07:34","date_gmt":"2025-12-24T00:07:34","guid":{"rendered":"https:\/\/baldumarket.lt\/product\/komoda-madera-dr05\/"},"modified":"2026-02-19T11:55:28","modified_gmt":"2026-02-19T08:55:28","slug":"komoda-madera-dr05","status":"publish","type":"product","link":"https:\/\/baldumarket.lt\/lt\/product\/komoda-madera-dr05\/","title":{"rendered":"MADERA DR05 komoda su stal\u010diais"},"content":{"rendered":"<p>\u201eMadera\u201c indauja i\u0161 \u201eArt-Futuro\u201c \u201eModera\u201c kolekcijos \u2013 tai eleganti\u0161kas ir funkcionalus baldas, kuriame derinamas modernus dizainas ir nesenstantis paprastumas. 186 cm plo\u010dio, 88 cm auk\u0161\u010dio ir 50 cm gylio indauja suteikia daug vietos daiktams susid\u0117ti, puikiai papildydama \u012fvairius interjerus, tokius kaip svetain\u0117, valgomasis ar biuras.<br \/>\nKomodos r\u0117mas pagamintas i\u0161 nat\u016bralaus, neda\u017eyto \u0105\u017euolo, o matin\u0117 apdaila suteikia subtilaus elegancijos akcento. Priekin\u0117s dalys, pagamintos i\u0161 lakuotos, balk\u0161vos spalvos MDF plok\u0161t\u0117s, puikiai dera su likusia baldo dalimi, suteikdamos jai gaiv\u0173, modern\u0173 vaizd\u0105. Stalvir\u0161is, pagamintas i\u0161 \u0105\u017euolo faneros ir lakuotas, i\u0161ry\u0161kina nat\u016bralios medienos gro\u017e\u012f, kartu i\u0161laikant patvarum\u0105 ir atsparum\u0105 kasdieniam naudojimui.<br \/>\nKomoda turi keturias dureles, kurios u\u017etikrina patog\u0173 pri\u0117jim\u0105 prie vidaus ir suteikia daug vietos daiktams susid\u0117ti. Pasl\u0117pti vyriai su \u0161velnaus u\u017edarymo mechanizmu u\u017etikrina tyl\u0173 ir skland\u0173 dur\u0173 u\u017edarym\u0105, o aukso spalvos plienin\u0117s rankenos suteikia prabangos. Med\u017eio masyvo kojel\u0117s suteikia stabilumo ir patvarumo, suteikdamos subtilumo.<\/p>\n<p>\u201eMadera\u201c indauja \u2013 puikus pasirinkimas ie\u0161kantiems eleganti\u0161k\u0173 bald\u0173, kuriuose der\u0117t\u0173 auk\u0161tos kokyb\u0117s meistri\u0161kumas, modernus dizainas ir funkcionalumas. Minimalistin\u0117 forma ir nat\u016bralios med\u017eiagos paver\u010dia j\u0105 nuostabiu dekoratyviniu elementu bet kuriame interjere.<\/p>","protected":false},"excerpt":{"rendered":"<p>Produkto matmenys:<br \/>\nPlotis: 180,00 cm<br \/>\nAuk\u0161tis: 88,00 cm<br \/>\nGylis: 50,00 cm<\/p>","protected":false},"featured_media":196809,"comment_status":"open","ping_status":"open","template":"","meta":[],"product_brand":[],"product_cat":[9675,5571],"product_tag":[],"class_list":{"0":"post-196808","1":"product","2":"type-product","3":"status-publish","4":"has-post-thumbnail","6":"product_cat-furniture-system-madera-art-futuro","7":"product_cat-art-futuro","9":"first","10":"instock","11":"product-type-simple"},"_links":{"self":[{"href":"https:\/\/baldumarket.lt\/lt\/wp-json\/wp\/v2\/product\/196808","targetHints":{"allow":["GET"]}}],"collection":[{"href":"https:\/\/baldumarket.lt\/lt\/wp-json\/wp\/v2\/product"}],"about":[{"href":"https:\/\/baldumarket.lt\/lt\/wp-json\/wp\/v2\/types\/product"}],"replies":[{"embeddable":true,"href":"https:\/\/baldumarket.lt\/lt\/wp-json\/wp\/v2\/comments?post=196808"}],"wp:featuredmedia":[{"embeddable":true,"href":"https:\/\/baldumarket.lt\/lt\/wp-json\/wp\/v2\/media\/196809"}],"wp:attachment":[{"href":"https:\/\/baldumarket.lt\/lt\/wp-json\/wp\/v2\/media?parent=196808"}],"wp:term":[{"taxonomy":"product_brand","embeddable":true,"href":"https:\/\/baldumarket.lt\/lt\/wp-json\/wp\/v2\/product_brand?post=196808"},{"taxonomy":"product_cat","embeddable":true,"href":"https:\/\/baldumarket.lt\/lt\/wp-json\/wp\/v2\/product_cat?post=196808"},{"taxonomy":"product_tag","embeddable":true,"href":"https:\/\/baldumarket.lt\/lt\/wp-json\/wp\/v2\/product_tag?post=196808"}],"curies":[{"name":"wp","href":"https:\/\/api.w.org\/{rel}","templated":true}]}}