{"id":196800,"date":"2025-12-24T03:07:16","date_gmt":"2025-12-24T00:07:16","guid":{"rendered":"https:\/\/baldumarket.lt\/product\/komoda-madera-dr02\/"},"modified":"2026-02-19T11:55:28","modified_gmt":"2026-02-19T08:55:28","slug":"komoda-madera-dr02","status":"publish","type":"product","link":"https:\/\/baldumarket.lt\/lt\/product\/komoda-madera-dr02\/","title":{"rendered":"MADERA DR02 komoda su stal\u010diais"},"content":{"rendered":"<p>\u201eArt-Futuro\u201c komoda \u201eMadera DR02\u201c \u2013 tai modernus baldas, i\u0161siskiriantis paprastu, ta\u010diau eleganti\u0161ku dizainu. 86 cm plo\u010dio, 88 cm auk\u0161\u010dio ir 50 cm gylio, ji puikiai tinka \u012fvairiems interjerams, pavyzd\u017eiui, svetainei, miegamajam ar biurui. Ji pasi\u017eymi puikiu funkcionalumu ir suteikia daug vietos daiktams susid\u0117ti.<br \/>\nKomoda pagaminta i\u0161 nat\u016bralaus, neda\u017eyto \u0105\u017euolo su matiniu pavir\u0161iumi, kuris pabr\u0117\u017eia jos nat\u016brali\u0105 i\u0161vaizd\u0105. Priekin\u0117s dalys pagamintos i\u0161 MDF plok\u0161t\u0117s, lakuotos balk\u0161va spalva, suteikian\u010dia komodai eleganti\u0161k\u0105 ir subtil\u0173 charakter\u012f. Komoda, pagaminta i\u0161 \u0105\u017euolo faneruot\u0117s, papildomai padengta laku, kuris padidina jos patvarum\u0105 ir i\u0161ry\u0161kina nat\u016brali\u0105 medienos tekst\u016br\u0105.<br \/>\n\u201eMadera DR02\u201c komoda turi keturis stal\u010dius, skirtus efektyviam smulki\u0173 daikt\u0173 laikymui. \u0160velniai u\u017esidarantys ir dalinai i\u0161traukiami b\u0117geliai u\u017etikrina patog\u0173 naudojim\u0105, o aukso spalvos plienin\u0117s rankenos suteikia prabangos. Komodos med\u017eio masyvo kojel\u0117s u\u017etikrina stabilum\u0105 ir patvarum\u0105, o subtilus j\u0173 dizainas papildo bendr\u0105 vaizd\u0105.<\/p>\n<p>\u201eMadera DR02\u201c komoda \u2013 puikus pasirinkimas ie\u0161kantiems funkcionalaus, bet eleganti\u0161ko baldo savo namams. Auk\u0161tos kokyb\u0117s meistri\u0161kumas ir modernus dizainas u\u017etikrina, kad komoda tarnaus daugel\u012f met\u0173 ir i\u0161laikys patraukli\u0105 i\u0161vaizd\u0105.<\/p>","protected":false},"excerpt":{"rendered":"<p>Produkto matmenys:<br \/>\nPlotis: 86,00 cm<br \/>\nAuk\u0161tis: 88,00 cm<br \/>\nGylis: 50,00 cm<\/p>","protected":false},"featured_media":196801,"comment_status":"open","ping_status":"open","template":"","meta":[],"product_brand":[],"product_cat":[9675,5571],"product_tag":[],"class_list":{"0":"post-196800","1":"product","2":"type-product","3":"status-publish","4":"has-post-thumbnail","6":"product_cat-furniture-system-madera-art-futuro","7":"product_cat-art-futuro","9":"first","10":"instock","11":"product-type-simple"},"_links":{"self":[{"href":"https:\/\/baldumarket.lt\/lt\/wp-json\/wp\/v2\/product\/196800","targetHints":{"allow":["GET"]}}],"collection":[{"href":"https:\/\/baldumarket.lt\/lt\/wp-json\/wp\/v2\/product"}],"about":[{"href":"https:\/\/baldumarket.lt\/lt\/wp-json\/wp\/v2\/types\/product"}],"replies":[{"embeddable":true,"href":"https:\/\/baldumarket.lt\/lt\/wp-json\/wp\/v2\/comments?post=196800"}],"wp:featuredmedia":[{"embeddable":true,"href":"https:\/\/baldumarket.lt\/lt\/wp-json\/wp\/v2\/media\/196801"}],"wp:attachment":[{"href":"https:\/\/baldumarket.lt\/lt\/wp-json\/wp\/v2\/media?parent=196800"}],"wp:term":[{"taxonomy":"product_brand","embeddable":true,"href":"https:\/\/baldumarket.lt\/lt\/wp-json\/wp\/v2\/product_brand?post=196800"},{"taxonomy":"product_cat","embeddable":true,"href":"https:\/\/baldumarket.lt\/lt\/wp-json\/wp\/v2\/product_cat?post=196800"},{"taxonomy":"product_tag","embeddable":true,"href":"https:\/\/baldumarket.lt\/lt\/wp-json\/wp\/v2\/product_tag?post=196800"}],"curies":[{"name":"wp","href":"https:\/\/api.w.org\/{rel}","templated":true}]}}