{"id":196231,"date":"2025-12-24T02:44:25","date_gmt":"2025-12-23T23:44:25","guid":{"rendered":"https:\/\/baldumarket.lt\/product\/komoda-barocco-br03\/"},"modified":"2026-02-17T10:15:01","modified_gmt":"2026-02-17T07:15:01","slug":"komoda-barocco-br03","status":"publish","type":"product","link":"https:\/\/baldumarket.lt\/lt\/product\/komoda-barocco-br03\/","title":{"rendered":"BAROCCO komoda BR03"},"content":{"rendered":"<p>\u201eBarocco\u201c kolekcija \u2013 tai klasika modernioje versijoje\u2026<br \/>\nTai gilumas, paslaptis ir magija\u2026<br \/>\nTai blizgan\u010di\u0173 pavir\u0161i\u0173 gro\u017eis\u2026<\/p>\n<p>Techninis apra\u0161ymas:<br \/>\n\u2013 Korpusas ir priekin\u0117 dalis i\u0161 MDF, padengti auk\u0161tos kokyb\u0117s, blizgiu laku<br \/>\n\u2013 Laikantys elementai pagaminti i\u0161 kietmed\u017eio faneros, kurios spalva atitinka korpuso spalv\u0105<br \/>\n\u2013 Aliuminio rankenos<br \/>\n\u2013 Stal\u010di\u0173 d\u0117\u017e\u0117s, laminuota plok\u0161t\u0117<\/p>","protected":false},"excerpt":{"rendered":"<p>Produkto matmenys:<br \/>\nPlotis: 52,00 cm<br \/>\nAuk\u0161tis: 82,00 cm<br \/>\nGylis: 45,00 cm<\/p>","protected":false},"featured_media":196232,"comment_status":"open","ping_status":"open","template":"","meta":[],"product_brand":[],"product_cat":[9663,5571,1173],"product_tag":[],"class_list":{"0":"post-196231","1":"product","2":"type-product","3":"status-publish","4":"has-post-thumbnail","6":"product_cat-furniture-system-barocco-art-futuro","7":"product_cat-art-futuro","8":"product_cat-chests-of-drawers","10":"first","11":"instock","12":"product-type-simple"},"_links":{"self":[{"href":"https:\/\/baldumarket.lt\/lt\/wp-json\/wp\/v2\/product\/196231","targetHints":{"allow":["GET"]}}],"collection":[{"href":"https:\/\/baldumarket.lt\/lt\/wp-json\/wp\/v2\/product"}],"about":[{"href":"https:\/\/baldumarket.lt\/lt\/wp-json\/wp\/v2\/types\/product"}],"replies":[{"embeddable":true,"href":"https:\/\/baldumarket.lt\/lt\/wp-json\/wp\/v2\/comments?post=196231"}],"wp:featuredmedia":[{"embeddable":true,"href":"https:\/\/baldumarket.lt\/lt\/wp-json\/wp\/v2\/media\/196232"}],"wp:attachment":[{"href":"https:\/\/baldumarket.lt\/lt\/wp-json\/wp\/v2\/media?parent=196231"}],"wp:term":[{"taxonomy":"product_brand","embeddable":true,"href":"https:\/\/baldumarket.lt\/lt\/wp-json\/wp\/v2\/product_brand?post=196231"},{"taxonomy":"product_cat","embeddable":true,"href":"https:\/\/baldumarket.lt\/lt\/wp-json\/wp\/v2\/product_cat?post=196231"},{"taxonomy":"product_tag","embeddable":true,"href":"https:\/\/baldumarket.lt\/lt\/wp-json\/wp\/v2\/product_tag?post=196231"}],"curies":[{"name":"wp","href":"https:\/\/api.w.org\/{rel}","templated":true}]}}