{"id":196086,"date":"2025-12-24T00:11:11","date_gmt":"2025-12-23T21:11:11","guid":{"rendered":"https:\/\/baldumarket.lt\/?post_type=product&#038;p=196086"},"modified":"2026-03-23T16:17:22","modified_gmt":"2026-03-23T13:17:22","slug":"sofa-rozkladana-z-pojemnikiem-balo-gr2","status":"publish","type":"product","link":"https:\/\/baldumarket.lt\/lt\/product\/sofa-rozkladana-z-pojemnikiem-balo-gr2\/","title":{"rendered":"Balo Gr2 sofa-lova su daiktad\u0117\u017ee"},"content":{"rendered":"<p>\u201eBalo\u201c sofa patraukia d\u0117mes\u012f derindama funkcionalum\u0105 ir dekoratyvias detales. Didel\u0117s pagalv\u0117l\u0117s ir u\u017eapvalinti kra\u0161tai sukuria unikal\u0173 stili\u0173.<br \/>\nBENDROSIOS DUOMENYS<br \/>\n\u00a0\u2013 Miego funkcija<br \/>\n\u2013 Patalyn\u0117s laikymo vieta<br \/>\n\u2013 Automatinis i\u0161skleidimas<br \/>\n\u2013 Apmu\u0161ta nugara<br \/>\n\u2013 Kojel\u0117s \/ plastikas (3,5 cm)<br \/>\n\u2013 R\u0117mas \u2013 mediena + med\u017eio dro\u017eli\u0173 plok\u0161t\u0117<br \/>\n\u2013 S\u0117dyn\u0117 \u2013 PUR putplastis, T-3042 + T-2542 tipo<br \/>\nPAPILDOMI MATMENYS<br \/>\n\u2013 Miegamoji erdv\u0117 \u2013 144 x 200 cm<br \/>\n\u2013 S\u0117dyn\u0117s auk\u0161tis \u2013 42 cm<br \/>\n\u2013 S\u0117dyn\u0117s gylis \u2013 63 cm<br \/>\nSand\u0117liavimo matmenys \u2013 197,6 x 67 x 18,5 cm<br \/>\n\u0160ie baldai gali b\u016bti pagaminti i\u0161 bet kurio audinio i\u0161 audini\u0173 s\u0105ra\u0161o (nuotraukos galerijoje) \u2013 jei norimo audinio n\u0117ra pasirinkime \u201cPasirinkti spalv\u0105\u201d, nurodykite jo pavadinim\u0105 u\u017esakymo pastabose. Arba konfig\u016bratoriuje pasirinkite parinkt\u012f \u201ckitas audinys\u201d ir \u012fra\u0161ykite jo pavadinim\u0105 bei numer\u012f.<\/p>","protected":false},"excerpt":{"rendered":"<p>Plotis [cm] 248<br \/>\n\u016agis [cm] 88<br \/>\nGylis [cm] 105<br \/>\nMiegamasis plotas [cm] 144 \u00d7 200<br \/>\nPagalv\u0117s tipas: Nuimamos pagalv\u0117s<\/p>","protected":false},"featured_media":196008,"comment_status":"open","ping_status":"closed","template":"","meta":[],"product_brand":[],"product_cat":[9640,5570,560],"product_tag":[],"class_list":{"0":"post-196086","1":"product","2":"type-product","3":"status-publish","4":"has-post-thumbnail","6":"product_cat-upholstered-furniture-laski","7":"product_cat-laski-meble","8":"product_cat-sofas-and-couches","10":"first","11":"instock","12":"shipping-taxable","13":"purchasable","14":"product-type-variable","15":"wvs-archive-product-wrapper"},"_links":{"self":[{"href":"https:\/\/baldumarket.lt\/lt\/wp-json\/wp\/v2\/product\/196086","targetHints":{"allow":["GET"]}}],"collection":[{"href":"https:\/\/baldumarket.lt\/lt\/wp-json\/wp\/v2\/product"}],"about":[{"href":"https:\/\/baldumarket.lt\/lt\/wp-json\/wp\/v2\/types\/product"}],"replies":[{"embeddable":true,"href":"https:\/\/baldumarket.lt\/lt\/wp-json\/wp\/v2\/comments?post=196086"}],"wp:featuredmedia":[{"embeddable":true,"href":"https:\/\/baldumarket.lt\/lt\/wp-json\/wp\/v2\/media\/196008"}],"wp:attachment":[{"href":"https:\/\/baldumarket.lt\/lt\/wp-json\/wp\/v2\/media?parent=196086"}],"wp:term":[{"taxonomy":"product_brand","embeddable":true,"href":"https:\/\/baldumarket.lt\/lt\/wp-json\/wp\/v2\/product_brand?post=196086"},{"taxonomy":"product_cat","embeddable":true,"href":"https:\/\/baldumarket.lt\/lt\/wp-json\/wp\/v2\/product_cat?post=196086"},{"taxonomy":"product_tag","embeddable":true,"href":"https:\/\/baldumarket.lt\/lt\/wp-json\/wp\/v2\/product_tag?post=196086"}],"curies":[{"name":"wp","href":"https:\/\/api.w.org\/{rel}","templated":true}]}}