{"id":196084,"date":"2025-12-24T00:10:37","date_gmt":"2025-12-23T21:10:37","guid":{"rendered":"https:\/\/baldumarket.lt\/?post_type=product&#038;p=196084"},"modified":"2026-03-23T16:17:22","modified_gmt":"2026-03-23T13:17:22","slug":"sofa-rozkladana-vena-oferta-specjalna-gr2","status":"publish","type":"product","link":"https:\/\/baldumarket.lt\/lt\/product\/sofa-rozkladana-vena-oferta-specjalna-gr2\/","title":{"rendered":"Vena sofa-lova &#8211; SPECIALUS PASI\u016aLYMAS Gr2"},"content":{"rendered":"<p>\u201eVena\u201c sofa-lova \u2013 tai avangardinio stiliaus svetain\u0117s baldas, kurio formos traukia ak\u012f ir yra i\u0161skirtinai originalios d\u0117l unikalaus dizaino.<br \/>\nMATMENYS<br \/>\n\u2013 Plotis \u2013 244 cm<br \/>\n\u2013 Auk\u0161tis \u2013 92 cm<br \/>\n\u2013 Gylis \u2013 102 cm<br \/>\nPAPILDOMI MATMENYS<br \/>\n\u2013 Miegamoji erdv\u0117 \u2013 140 x 200 cm<br \/>\n\u2013 S\u0117dyn\u0117s auk\u0161tis \u2013 45 cm<br \/>\n\u2013 S\u0117dyn\u0117s gylis \u2013 57 cm<br \/>\n\u2013 Koj\u0173 auk\u0161tis \u2013 16 cm<br \/>\nBENDRIEJI DUOMENYS<br \/>\n\u2013 Miego funkcija<br \/>\n\u2013 Patalyn\u0117s laikymo vieta<br \/>\n\u2013 Automatinis i\u0161skleidimo mechanizmas<br \/>\n\u2013 Apmu\u0161ta nugara<br \/>\n\u2013 P\u0117dos\/kojos \u2013 Mediena<br \/>\n\u2013 R\u0117mas \u2013 Mediena + Med\u017eio dro\u017eli\u0173 plok\u0161t\u0117 + Fanera<br \/>\n\u2013 S\u0117dyn\u0117 \u2013 PUR putplastis + zigzago spyruokl\u0117<br \/>\nSofa galima \u012fsigyti tik su \u201eVelutto\u201c audiniais<br \/>\n\u201eVelutto\u201c audinys \u2013 tai aksom\u0105 primenantis baldinis audinys, itin mink\u0161tas ir \u0161velnus liesti. \u0160is itin atsparus dilimui baldinis audinys yra vienodos spalvos i\u0161 abiej\u0173 pusi\u0173. Jame n\u0117ra azoda\u017eikli\u0173. Jis yra lengvai valomas, atitinka REACH reikalavimus ir yra sertifikuotas pagal \u201eOeko-Tex\u201c reikalavimus.<\/p>","protected":false},"excerpt":{"rendered":"<p>Plotis [cm] 244<br \/>\n\u016agis [cm] 92<br \/>\nGylis [cm] 102<br \/>\nMiegamasis plotas [cm] 140 \u00d7 200<br \/>\nPagalv\u0117s tipas: Nuimamos pagalv\u0117s<\/p>","protected":false},"featured_media":195997,"comment_status":"open","ping_status":"closed","template":"","meta":[],"product_brand":[],"product_cat":[9640,5570,560],"product_tag":[],"class_list":{"0":"post-196084","1":"product","2":"type-product","3":"status-publish","4":"has-post-thumbnail","6":"product_cat-upholstered-furniture-laski","7":"product_cat-laski-meble","8":"product_cat-sofas-and-couches","10":"first","11":"instock","12":"shipping-taxable","13":"purchasable","14":"product-type-variable","15":"wvs-archive-product-wrapper"},"_links":{"self":[{"href":"https:\/\/baldumarket.lt\/lt\/wp-json\/wp\/v2\/product\/196084","targetHints":{"allow":["GET"]}}],"collection":[{"href":"https:\/\/baldumarket.lt\/lt\/wp-json\/wp\/v2\/product"}],"about":[{"href":"https:\/\/baldumarket.lt\/lt\/wp-json\/wp\/v2\/types\/product"}],"replies":[{"embeddable":true,"href":"https:\/\/baldumarket.lt\/lt\/wp-json\/wp\/v2\/comments?post=196084"}],"wp:featuredmedia":[{"embeddable":true,"href":"https:\/\/baldumarket.lt\/lt\/wp-json\/wp\/v2\/media\/195997"}],"wp:attachment":[{"href":"https:\/\/baldumarket.lt\/lt\/wp-json\/wp\/v2\/media?parent=196084"}],"wp:term":[{"taxonomy":"product_brand","embeddable":true,"href":"https:\/\/baldumarket.lt\/lt\/wp-json\/wp\/v2\/product_brand?post=196084"},{"taxonomy":"product_cat","embeddable":true,"href":"https:\/\/baldumarket.lt\/lt\/wp-json\/wp\/v2\/product_cat?post=196084"},{"taxonomy":"product_tag","embeddable":true,"href":"https:\/\/baldumarket.lt\/lt\/wp-json\/wp\/v2\/product_tag?post=196084"}],"curies":[{"name":"wp","href":"https:\/\/api.w.org\/{rel}","templated":true}]}}