{"id":196080,"date":"2025-12-24T00:10:31","date_gmt":"2025-12-23T21:10:31","guid":{"rendered":"https:\/\/baldumarket.lt\/?post_type=product&#038;p=196080"},"modified":"2026-03-23T16:17:22","modified_gmt":"2026-03-23T13:17:22","slug":"sofa-rozkladana-soft-oferta-specjalna-gr2","status":"publish","type":"product","link":"https:\/\/baldumarket.lt\/lt\/product\/sofa-rozkladana-soft-oferta-specjalna-gr2\/","title":{"rendered":"Mink\u0161ta sofa-lova &#8211; SOFT Gr2"},"content":{"rendered":"<p>Sofa-lova \u201eSoft\u201c \u2013 tai avangardinio stiliaus svetain\u0117s baldas, kurio formos traukia ak\u012f ir yra i\u0161skirtinai originalios d\u0117l unikalaus dizaino.<br \/>\nMATMENYS<br \/>\n\u2013 Plotis \u2013 232 cm<br \/>\n\u2013 Auk\u0161tis \u2013 95 cm<br \/>\n\u2013 Gylis \u2013 109 cm<br \/>\nPAPILDOMI MATMENYS<br \/>\n\u2013 Miegamoji erdv\u0117 \u2013 140 x 200 cm<br \/>\n\u2013 S\u0117dyn\u0117s auk\u0161tis \u2013 45 cm<br \/>\n\u2013 S\u0117dyn\u0117s gylis \u2013 57 cm<br \/>\n\u2013 Koj\u0173 auk\u0161tis \u2013 16 cm<br \/>\nBENDRIEJI DUOMENYS<br \/>\n\u2013 Miego funkcija<br \/>\n\u2013 Patalyn\u0117s laikymo vieta<br \/>\n\u2013 Automatinis i\u0161skleidimo mechanizmas<br \/>\n\u2013 Apmu\u0161ta nugara<br \/>\n\u2013 Medin\u0117s kojel\u0117s<br \/>\n\u2013 Konstrukcija \u2013 Mediena + Med\u017eio dro\u017eli\u0173 plok\u0161t\u0117s + Fanera<br \/>\n\u2013 S\u0117dyn\u0117 ir atlo\u0161as \u2013 PUR putplastis + vingiuota spyruokl\u0117<br \/>\nSofa galima \u012fsigyti tik su \u201eCastel\u201c audiniais.<br \/>\n\u201eCastel\u201c audinys, d\u0117ka inovatyvios nanodaleli\u0173 technologijos, pasi\u017eymi neprilygstamomis savyb\u0117mis, tokiomis kaip atsparumas d\u0117m\u0117ms ir lengvas valymas.<br \/>\nJis yra lengvai valomos apdailos, atitinka REACH reikalavimus ir yra sertifikuotas pagal \u201eOeko-Tex\u201c standartus.<\/p>","protected":false},"excerpt":{"rendered":"<p>Plotis [cm] 232<br \/>\n\u016agis [cm] 95<br \/>\nGylis [cm] 109<br \/>\nMiegamasis plotas [cm] 140 \u00d7 200<br \/>\nPagalv\u0117s tipas: nuimamos pagalv\u0117s<\/p>","protected":false},"featured_media":195979,"comment_status":"open","ping_status":"closed","template":"","meta":[],"product_brand":[],"product_cat":[9640,5570,560],"product_tag":[],"class_list":{"0":"post-196080","1":"product","2":"type-product","3":"status-publish","4":"has-post-thumbnail","6":"product_cat-upholstered-furniture-laski","7":"product_cat-laski-meble","8":"product_cat-sofas-and-couches","10":"first","11":"instock","12":"shipping-taxable","13":"purchasable","14":"product-type-variable","15":"wvs-archive-product-wrapper"},"_links":{"self":[{"href":"https:\/\/baldumarket.lt\/lt\/wp-json\/wp\/v2\/product\/196080","targetHints":{"allow":["GET"]}}],"collection":[{"href":"https:\/\/baldumarket.lt\/lt\/wp-json\/wp\/v2\/product"}],"about":[{"href":"https:\/\/baldumarket.lt\/lt\/wp-json\/wp\/v2\/types\/product"}],"replies":[{"embeddable":true,"href":"https:\/\/baldumarket.lt\/lt\/wp-json\/wp\/v2\/comments?post=196080"}],"wp:featuredmedia":[{"embeddable":true,"href":"https:\/\/baldumarket.lt\/lt\/wp-json\/wp\/v2\/media\/195979"}],"wp:attachment":[{"href":"https:\/\/baldumarket.lt\/lt\/wp-json\/wp\/v2\/media?parent=196080"}],"wp:term":[{"taxonomy":"product_brand","embeddable":true,"href":"https:\/\/baldumarket.lt\/lt\/wp-json\/wp\/v2\/product_brand?post=196080"},{"taxonomy":"product_cat","embeddable":true,"href":"https:\/\/baldumarket.lt\/lt\/wp-json\/wp\/v2\/product_cat?post=196080"},{"taxonomy":"product_tag","embeddable":true,"href":"https:\/\/baldumarket.lt\/lt\/wp-json\/wp\/v2\/product_tag?post=196080"}],"curies":[{"name":"wp","href":"https:\/\/api.w.org\/{rel}","templated":true}]}}