{"id":196076,"date":"2025-12-24T00:10:23","date_gmt":"2025-12-23T21:10:23","guid":{"rendered":"https:\/\/baldumarket.lt\/?post_type=product&#038;p=196076"},"modified":"2026-03-23T16:17:30","modified_gmt":"2026-03-23T13:17:30","slug":"sofa-rozkladana-base-oferta-specjalna-gr2","status":"publish","type":"product","link":"https:\/\/baldumarket.lt\/lt\/product\/sofa-rozkladana-base-oferta-specjalna-gr2\/","title":{"rendered":"Sofos-lovos pagrindas &#8211; BASE Gr2"},"content":{"rendered":"<p>\u201eBase\u201c sofa-lova \u2013 tai avangardinio stiliaus svetain\u0117s baldas, kurio formos traukia ak\u012f ir yra i\u0161skirtinai originalios d\u0117l unikalaus dizaino.<br \/>\nMATMENYS<br \/>\n\u2013 Plotis \u2013 245 cm<br \/>\n\u2013 \u016agis \u2013 86 cm<br \/>\n\u2013 Gylis \u2013 110 cm<br \/>\nPAPILDOMI MATMENYS<br \/>\n\u2013 Miegamoji erdv\u0117 \u2013 144 x 200 cm<br \/>\n\u2013 S\u0117dyn\u0117s auk\u0161tis \u2013 42 cm<br \/>\n\u2013 S\u0117dyn\u0117s gylis \u2013 63 cm<br \/>\n\u2013 Kojos auk\u0161tis \u2013 3,5 cm<br \/>\nBENDRIEJI DUOMENYS<br \/>\n\u2013 Miego funkcija<br \/>\n\u2013 Patalyn\u0117s laikymo vieta<br \/>\n\u2013 Automatinis i\u0161skleidimo mechanizmas<br \/>\n\u2013 Apmu\u0161ta nugara<br \/>\n\u2013 Plastikin\u0117s kojel\u0117s<br \/>\n\u2013 Konstrukcija \u2013 Mediena + Med\u017eio dro\u017eli\u0173 plok\u0161t\u0117s + Fanera<br \/>\n\u2013 S\u0117dyn\u0117 ir atlo\u0161as \u2013 PUR putplastis \/ be spyruokli\u0173<br \/>\n\u0160i sofa galima \u012fsigyti tik su \u201eWind\u201c audiniais.<br \/>\nV\u0117jo nepraleid\u017eiantis audinys pasi\u017eymi nat\u016bralia strukt\u016bra, lygiu, vienodu pavir\u0161iumi, primenan\u010diu lin\u0105 ar kitus nat\u016bralius pluo\u0161tus. Jis yra i\u0161skirtinai mink\u0161tas ir malonus liesti.<br \/>\nAudinio tipas: \u0161enilinis<br \/>\nAtitinka ES kenksming\u0173 chemini\u0173 med\u017eiag\u0173 reglament\u0105 (REACH).<br \/>\nSertifikuota pagal OEKO-TEX STANDARD 100<br \/>\nValykite ir pri\u017ei\u016br\u0117kite \u0161velniais produktais.<\/p>","protected":false},"excerpt":{"rendered":"<p>Plotis [cm] 245<br \/>\n\u016agis [cm] 86<br \/>\nGylis [cm] 110<br \/>\nMiegamasis plotas [cm] 144 \u00d7 200<br \/>\nPagalv\u0117s tipas: Nuimamos pagalv\u0117s<\/p>","protected":false},"featured_media":195961,"comment_status":"open","ping_status":"closed","template":"","meta":[],"product_brand":[],"product_cat":[9640,5570,560],"product_tag":[],"class_list":{"0":"post-196076","1":"product","2":"type-product","3":"status-publish","4":"has-post-thumbnail","6":"product_cat-upholstered-furniture-laski","7":"product_cat-laski-meble","8":"product_cat-sofas-and-couches","10":"first","11":"instock","12":"shipping-taxable","13":"purchasable","14":"product-type-variable","15":"wvs-archive-product-wrapper"},"_links":{"self":[{"href":"https:\/\/baldumarket.lt\/lt\/wp-json\/wp\/v2\/product\/196076","targetHints":{"allow":["GET"]}}],"collection":[{"href":"https:\/\/baldumarket.lt\/lt\/wp-json\/wp\/v2\/product"}],"about":[{"href":"https:\/\/baldumarket.lt\/lt\/wp-json\/wp\/v2\/types\/product"}],"replies":[{"embeddable":true,"href":"https:\/\/baldumarket.lt\/lt\/wp-json\/wp\/v2\/comments?post=196076"}],"wp:featuredmedia":[{"embeddable":true,"href":"https:\/\/baldumarket.lt\/lt\/wp-json\/wp\/v2\/media\/195961"}],"wp:attachment":[{"href":"https:\/\/baldumarket.lt\/lt\/wp-json\/wp\/v2\/media?parent=196076"}],"wp:term":[{"taxonomy":"product_brand","embeddable":true,"href":"https:\/\/baldumarket.lt\/lt\/wp-json\/wp\/v2\/product_brand?post=196076"},{"taxonomy":"product_cat","embeddable":true,"href":"https:\/\/baldumarket.lt\/lt\/wp-json\/wp\/v2\/product_cat?post=196076"},{"taxonomy":"product_tag","embeddable":true,"href":"https:\/\/baldumarket.lt\/lt\/wp-json\/wp\/v2\/product_tag?post=196076"}],"curies":[{"name":"wp","href":"https:\/\/api.w.org\/{rel}","templated":true}]}}