{"id":196070,"date":"2025-12-24T00:09:37","date_gmt":"2025-12-23T21:09:37","guid":{"rendered":"https:\/\/baldumarket.lt\/?post_type=product&#038;p=196070"},"modified":"2026-03-23T16:17:30","modified_gmt":"2026-03-23T13:17:30","slug":"pufa-tapicerowana-laren-gr2","status":"publish","type":"product","link":"https:\/\/baldumarket.lt\/lt\/product\/pufa-tapicerowana-laren-gr2\/","title":{"rendered":"Laren Gr2 mink\u0161tas pufas"},"content":{"rendered":"<p>\u201eLaren\u201c pufas \u2013 tai avangardinio stiliaus svetain\u0117s baldas, kurio ak\u012f traukian\u010dios formos ir i\u0161skirtinis originalumas pasiekiami unikaliu dizainu \u2013 puikiai dera prie to paties pavadinimo fotelio ir kampin\u0117s sofos.<br \/>\nMATMENYS<br \/>\n\u2013 Plotis \u2013 60 cm<br \/>\n\u2013 Auk\u0161tis \u2013 41 cm<br \/>\n\u2013 Gylis \u2013 60 cm<br \/>\nBENDRIEJI DUOMENYS<br \/>\n\u2013 Kojel\u0117s \u2013 metalin\u0117s<br \/>\n\u2013 R\u0117mas \u2013 Mediena + Med\u017eio dro\u017eli\u0173 plok\u0161t\u0117 + Fanera<br \/>\n\u2013 S\u0117dyn\u0117 \u2013 PUR putplastis<br \/>\nPagrindin\u0117je nuotraukoje pavaizduotas gaminys, pasi\u016btas i\u0161 \u201eCastel 15\u201c audinio.<br \/>\nPASTABA \u2013 Jei pasirinksite kordurojaus audinius, tokius kaip \u201eLincoln\u201c ar \u201ePoso\u201c, si\u016bl\u0117s nebus matomos.<br \/>\nDrabu\u017eis gali b\u016bti pagamintas i\u0161 bet kurio audinio i\u0161 audini\u0173 s\u0105ra\u0161o (nuotraukos galerijoje). Jei j\u016bs\u0173 pasirinkto audinio n\u0117ra s\u0105ra\u0161e \u201cPasirinkite spalv\u0105\u201d, pra\u0161ome jo pavadinim\u0105 nurodyti u\u017esakymo pastabose.<br \/>\nArba konfig\u016bratoriuje pasirinkite \u201cKitas audinys\u201d ir \u012fveskite jo pavadinim\u0105 bei numer\u012f.<\/p>","protected":false},"excerpt":{"rendered":"<p>plotis [cm] 60<br \/>\n\u016agis [cm] 41<br \/>\ngylis [cm] 60<\/p>","protected":false},"featured_media":195936,"comment_status":"open","ping_status":"closed","template":"","meta":[],"product_brand":[],"product_cat":[9640,5570,826],"product_tag":[],"class_list":{"0":"post-196070","1":"product","2":"type-product","3":"status-publish","4":"has-post-thumbnail","6":"product_cat-upholstered-furniture-laski","7":"product_cat-laski-meble","8":"product_cat-poufs","10":"first","11":"instock","12":"shipping-taxable","13":"purchasable","14":"product-type-variable","15":"wvs-archive-product-wrapper"},"_links":{"self":[{"href":"https:\/\/baldumarket.lt\/lt\/wp-json\/wp\/v2\/product\/196070","targetHints":{"allow":["GET"]}}],"collection":[{"href":"https:\/\/baldumarket.lt\/lt\/wp-json\/wp\/v2\/product"}],"about":[{"href":"https:\/\/baldumarket.lt\/lt\/wp-json\/wp\/v2\/types\/product"}],"replies":[{"embeddable":true,"href":"https:\/\/baldumarket.lt\/lt\/wp-json\/wp\/v2\/comments?post=196070"}],"wp:featuredmedia":[{"embeddable":true,"href":"https:\/\/baldumarket.lt\/lt\/wp-json\/wp\/v2\/media\/195936"}],"wp:attachment":[{"href":"https:\/\/baldumarket.lt\/lt\/wp-json\/wp\/v2\/media?parent=196070"}],"wp:term":[{"taxonomy":"product_brand","embeddable":true,"href":"https:\/\/baldumarket.lt\/lt\/wp-json\/wp\/v2\/product_brand?post=196070"},{"taxonomy":"product_cat","embeddable":true,"href":"https:\/\/baldumarket.lt\/lt\/wp-json\/wp\/v2\/product_cat?post=196070"},{"taxonomy":"product_tag","embeddable":true,"href":"https:\/\/baldumarket.lt\/lt\/wp-json\/wp\/v2\/product_tag?post=196070"}],"curies":[{"name":"wp","href":"https:\/\/api.w.org\/{rel}","templated":true}]}}