{"id":196068,"date":"2025-12-24T00:09:35","date_gmt":"2025-12-23T21:09:35","guid":{"rendered":"https:\/\/baldumarket.lt\/?post_type=product&#038;p=196068"},"modified":"2026-03-23T16:17:31","modified_gmt":"2026-03-23T13:17:31","slug":"pufa-tapicerowana-do-sofy-puente-gr2","status":"publish","type":"product","link":"https:\/\/baldumarket.lt\/lt\/product\/pufa-tapicerowana-do-sofy-puente-gr2\/","title":{"rendered":"Apmu\u0161tas pufas \u201ePuente Gr2\u201c sofai"},"content":{"rendered":"<p>\u201ePuente\u201c sofa-pufas \u2013 tai avangardinio stiliaus svetain\u0117s baldas, kurio formos traukia ak\u012f ir yra i\u0161skirtinai originalios d\u0117l unikalaus dizaino.<br \/>\nMATMENYS<br \/>\n\u2013 Plotis \u2013 88 cm<br \/>\n\u2013 Auk\u0161tis \u2013 41 cm<br \/>\n\u2013 Gylis \u2013 88 cm<br \/>\nBENDRIEJI DUOMENYS<br \/>\n\u2013 Kojel\u0117s \u2013 Plastikin\u0117s<br \/>\n\u2013 R\u0117mas \u2013 pu\u0161is, med\u017eio dro\u017eli\u0173 plok\u0161t\u0117<br \/>\n\u2013 S\u0117dyn\u0117 \u2013 PUR putplastis, T-3042 tipas<br \/>\nPagrindin\u0117je nuotraukoje matyti baldai su \u201eVinci 42\u201c audiniu.<br \/>\n\u0160ie baldai gali b\u016bti pagaminti i\u0161 bet kurio audinio i\u0161 audini\u0173 s\u0105ra\u0161o (nuotraukos galerijoje). Jei norimo audinio n\u0117ra s\u0105ra\u0161e \u201cPasirinkite spalv\u0105\u201d, pra\u0161ome jo pavadinim\u0105 nurodyti u\u017esakymo pastabose.<br \/>\nArba konfig\u016bratoriuje pasirinkite parinkt\u012f \u201cKitas audinys\u201d ir nurodykite jos pavadinim\u0105 bei numer\u012f.<\/p>","protected":false},"excerpt":{"rendered":"<p>Plotis [cm] 88<br \/>\n\u016agis [cm] 41<br \/>\ngylis [cm] 88<\/p>","protected":false},"featured_media":195925,"comment_status":"open","ping_status":"closed","template":"","meta":[],"product_brand":[],"product_cat":[9640,5570,560],"product_tag":[],"class_list":{"0":"post-196068","1":"product","2":"type-product","3":"status-publish","4":"has-post-thumbnail","6":"product_cat-upholstered-furniture-laski","7":"product_cat-laski-meble","8":"product_cat-sofas-and-couches","10":"first","11":"instock","12":"shipping-taxable","13":"purchasable","14":"product-type-variable","15":"wvs-archive-product-wrapper"},"_links":{"self":[{"href":"https:\/\/baldumarket.lt\/lt\/wp-json\/wp\/v2\/product\/196068","targetHints":{"allow":["GET"]}}],"collection":[{"href":"https:\/\/baldumarket.lt\/lt\/wp-json\/wp\/v2\/product"}],"about":[{"href":"https:\/\/baldumarket.lt\/lt\/wp-json\/wp\/v2\/types\/product"}],"replies":[{"embeddable":true,"href":"https:\/\/baldumarket.lt\/lt\/wp-json\/wp\/v2\/comments?post=196068"}],"wp:featuredmedia":[{"embeddable":true,"href":"https:\/\/baldumarket.lt\/lt\/wp-json\/wp\/v2\/media\/195925"}],"wp:attachment":[{"href":"https:\/\/baldumarket.lt\/lt\/wp-json\/wp\/v2\/media?parent=196068"}],"wp:term":[{"taxonomy":"product_brand","embeddable":true,"href":"https:\/\/baldumarket.lt\/lt\/wp-json\/wp\/v2\/product_brand?post=196068"},{"taxonomy":"product_cat","embeddable":true,"href":"https:\/\/baldumarket.lt\/lt\/wp-json\/wp\/v2\/product_cat?post=196068"},{"taxonomy":"product_tag","embeddable":true,"href":"https:\/\/baldumarket.lt\/lt\/wp-json\/wp\/v2\/product_tag?post=196068"}],"curies":[{"name":"wp","href":"https:\/\/api.w.org\/{rel}","templated":true}]}}