{"id":196058,"date":"2025-12-24T00:08:43","date_gmt":"2025-12-23T21:08:43","guid":{"rendered":"https:\/\/baldumarket.lt\/?post_type=product&#038;p=196058"},"modified":"2026-03-23T16:17:38","modified_gmt":"2026-03-23T13:17:38","slug":"naroznik-tapicerowany-bez-bokow-milo-gr2","status":"publish","type":"product","link":"https:\/\/baldumarket.lt\/lt\/product\/naroznik-tapicerowany-bez-bokow-milo-gr2\/","title":{"rendered":"Apmu\u0161ta kampin\u0117 sofa be \u0161on\u0173 Milo Gr2"},"content":{"rendered":"<p>I\u0161skleid\u017eiama kampin\u0117 sofa \u201eMilo\u201c \u2013 tai avangardinio stiliaus svetain\u0117s baldas, kurio formos traukia d\u0117mes\u012f ir i\u0161siskiria nepaprastu originalumu d\u0117l unikalaus dizaino. MATMENYS<br \/>\n\u2013 Plotis \u2013 230 x 177 cm<br \/>\n\u2013 Auk\u0161tis \u2013 90 cm<br \/>\n\u2013 Gylis \u2013 105 cm<br \/>\nPAPILDOMI MATMENYS<br \/>\n\u2013 Miegamoji erdv\u0117 \u2013 140 x 215 cm<br \/>\n\u2013 S\u0117dyn\u0117s auk\u0161tis \u2013 41 cm<br \/>\n\u2013 S\u0117dyn\u0117s gylis \u2013 62 cm<br \/>\n\u2013 Kojos auk\u0161tis \u2013 3,5 cm<br \/>\nBENDRIEJI DUOMENYS<br \/>\n\u2013 Miego funkcija<br \/>\n\u2013 Patalyn\u0117s laikymo vieta<br \/>\n\u2013 DL automatinis i\u0161skleidimo mechanizmas<br \/>\n\u2013 Apmu\u0161ta nugara<br \/>\n\u2013 Kojel\u0117s\/kojel\u0117s \u2013 Med\u017eiaga \u2013 Mediena + Med\u017eio dro\u017eli\u0173 plok\u0161t\u0117 + Fanera<br \/>\n\u2013 S\u0117dyn\u0117 \u2013 PUR putplastis, T-3042 + T-2542 tipo<br \/>\nNuotraukoje matyti baldai su \u201eNow Or Never 54\u201c audiniu, pagrindin\u0117je nuotraukoje \u2013 de\u0161inioji kampin\u0117 sofa.<br \/>\nPASTABA \u2013 Renkantis \u201eLincoln\u201c arba \u201ePoso\u201c kordurojaus audinius, si\u016bl\u0117s ant bald\u0173 nebus matomos.<br \/>\nBaldai gali b\u016bti pagaminti i\u0161 bet kurio audinio i\u0161 audini\u0173 s\u0105ra\u0161o (nuotraukos galerijoje). Jei pasirinkto audinio n\u0117ra pasirinktyje \u201cpasirinkti spalv\u0105\u201d, nurodykite jo pavadinim\u0105 u\u017esakymo pastabose. Arba konfig\u016bratoriuje pasirinkite \u201ckitas audinys\u201d ir \u012fveskite jo pavadinim\u0105 bei numer\u012f.<\/p>","protected":false},"excerpt":{"rendered":"<p>Ilgesn\u0117s kra\u0161tin\u0117s plotis [cm] 230<br \/>\nTrumpesn\u0117s kra\u0161tin\u0117s plotis [cm] 177<br \/>\nGylis [cm] 105<br \/>\nMiegamasis plotas [cm] 140 \u00d7 215<br \/>\nModernus kampin\u0117s sofos stilius<br \/>\nI\u0161skleidimo sistema: Automatin\u0117, kad b\u016bt\u0173 lengva i\u0161skleisti \/ DL<\/p>","protected":false},"featured_media":195882,"comment_status":"open","ping_status":"closed","template":"","meta":[],"product_brand":[],"product_cat":[9640,5570,560],"product_tag":[],"class_list":{"0":"post-196058","1":"product","2":"type-product","3":"status-publish","4":"has-post-thumbnail","6":"product_cat-upholstered-furniture-laski","7":"product_cat-laski-meble","8":"product_cat-sofas-and-couches","10":"first","11":"instock","12":"shipping-taxable","13":"purchasable","14":"product-type-variable","15":"wvs-archive-product-wrapper"},"_links":{"self":[{"href":"https:\/\/baldumarket.lt\/lt\/wp-json\/wp\/v2\/product\/196058","targetHints":{"allow":["GET"]}}],"collection":[{"href":"https:\/\/baldumarket.lt\/lt\/wp-json\/wp\/v2\/product"}],"about":[{"href":"https:\/\/baldumarket.lt\/lt\/wp-json\/wp\/v2\/types\/product"}],"replies":[{"embeddable":true,"href":"https:\/\/baldumarket.lt\/lt\/wp-json\/wp\/v2\/comments?post=196058"}],"wp:featuredmedia":[{"embeddable":true,"href":"https:\/\/baldumarket.lt\/lt\/wp-json\/wp\/v2\/media\/195882"}],"wp:attachment":[{"href":"https:\/\/baldumarket.lt\/lt\/wp-json\/wp\/v2\/media?parent=196058"}],"wp:term":[{"taxonomy":"product_brand","embeddable":true,"href":"https:\/\/baldumarket.lt\/lt\/wp-json\/wp\/v2\/product_brand?post=196058"},{"taxonomy":"product_cat","embeddable":true,"href":"https:\/\/baldumarket.lt\/lt\/wp-json\/wp\/v2\/product_cat?post=196058"},{"taxonomy":"product_tag","embeddable":true,"href":"https:\/\/baldumarket.lt\/lt\/wp-json\/wp\/v2\/product_tag?post=196058"}],"curies":[{"name":"wp","href":"https:\/\/api.w.org\/{rel}","templated":true}]}}