{"id":196056,"date":"2025-12-24T00:08:12","date_gmt":"2025-12-23T21:08:12","guid":{"rendered":"https:\/\/baldumarket.lt\/?post_type=product&#038;p=196056"},"modified":"2026-03-23T16:17:38","modified_gmt":"2026-03-23T13:17:38","slug":"naroznik-rozkladany-z-pojemnikiem-olio-gr2","status":"publish","type":"product","link":"https:\/\/baldumarket.lt\/lt\/product\/naroznik-rozkladany-z-pojemnikiem-olio-gr2\/","title":{"rendered":"Olio Gr2 i\u0161skleid\u017eiama kampin\u0117 sofa su d\u0117\u017ee"},"content":{"rendered":"<p>\u201eOlio\u201c kampin\u0117 sofa patraukia d\u0117mes\u012f derindama funkcionalum\u0105 ir dekoratyvum\u0105. Didel\u0117s pagalv\u0117l\u0117s ir u\u017eapvalinti kra\u0161tai sukuria unikal\u0173 stili\u0173.<br \/>\nBENDRIEJI DUOMENYS<br \/>\n\u00a0\u2013 Miego funkcija<br \/>\n\u2013 Daiktad\u0117\u017e\u0117<br \/>\n\u2013 Automatinis i\u0161skleidimas<br \/>\n\u2013 Apmu\u0161ta nugara<br \/>\n\u2013 Kojel\u0117s \/ plastikas (3,5 cm)<br \/>\n\u2013 R\u0117mas \u2013 mediena + med\u017eio dro\u017eli\u0173 plok\u0161t\u0117<br \/>\n\u2013 S\u0117dyn\u0117 \u2013 PUR putplastis, T-3042 + T-2542 tipo + Bonell ki\u0161enin\u0117 spyruokl\u0117<br \/>\nPAPILDOMI MATMENYS<br \/>\n\u2013 Miegamoji erdv\u0117 \u2013 138 x 210 cm<br \/>\n\u2013 S\u0117dyn\u0117s auk\u0161tis \u2013 39 cm<br \/>\n\u2013 S\u0117dyn\u0117s gylis \u2013 58 cm<br \/>\nSand\u0117liavimo matmenys \u2013 65 x 60 x 20 cm<br \/>\nNuotraukoje pavaizduota de\u0161inioji kampin\u0117 sofa.<br \/>\nBaldai gali b\u016bti pagaminti i\u0161 bet kurio audinio i\u0161 audini\u0173 s\u0105ra\u0161o (nuotraukos galerijoje). Jei pasirinkto audinio n\u0117ra pasirinktyje \u201cpasirinkti spalv\u0105\u201d, nurodykite jo pavadinim\u0105 u\u017esakymo pastabose. Arba konfig\u016bratoriuje pasirinkite \u201ckitas audinys\u201d ir \u012fveskite jo pavadinim\u0105 bei numer\u012f.<\/p>","protected":false},"excerpt":{"rendered":"<p>Ilgesn\u0117s kra\u0161tin\u0117s plotis [cm] 248<br \/>\nTrumpesn\u0117s kra\u0161tin\u0117s plotis [cm] 174<br \/>\nGylis [cm] 95<br \/>\nMiegamasis plotas [cm] 138 \u00d7 210<br \/>\nModernus kampin\u0117s sofos stilius<br \/>\nI\u0161skleidimo sistema: Automatin\u0117, kad b\u016bt\u0173 lengva i\u0161skleisti \/ DL<\/p>","protected":false},"featured_media":195871,"comment_status":"open","ping_status":"closed","template":"","meta":[],"product_brand":[],"product_cat":[9640,5570,560],"product_tag":[],"class_list":{"0":"post-196056","1":"product","2":"type-product","3":"status-publish","4":"has-post-thumbnail","6":"product_cat-upholstered-furniture-laski","7":"product_cat-laski-meble","8":"product_cat-sofas-and-couches","10":"first","11":"instock","12":"shipping-taxable","13":"purchasable","14":"product-type-variable","15":"wvs-archive-product-wrapper"},"_links":{"self":[{"href":"https:\/\/baldumarket.lt\/lt\/wp-json\/wp\/v2\/product\/196056","targetHints":{"allow":["GET"]}}],"collection":[{"href":"https:\/\/baldumarket.lt\/lt\/wp-json\/wp\/v2\/product"}],"about":[{"href":"https:\/\/baldumarket.lt\/lt\/wp-json\/wp\/v2\/types\/product"}],"replies":[{"embeddable":true,"href":"https:\/\/baldumarket.lt\/lt\/wp-json\/wp\/v2\/comments?post=196056"}],"wp:featuredmedia":[{"embeddable":true,"href":"https:\/\/baldumarket.lt\/lt\/wp-json\/wp\/v2\/media\/195871"}],"wp:attachment":[{"href":"https:\/\/baldumarket.lt\/lt\/wp-json\/wp\/v2\/media?parent=196056"}],"wp:term":[{"taxonomy":"product_brand","embeddable":true,"href":"https:\/\/baldumarket.lt\/lt\/wp-json\/wp\/v2\/product_brand?post=196056"},{"taxonomy":"product_cat","embeddable":true,"href":"https:\/\/baldumarket.lt\/lt\/wp-json\/wp\/v2\/product_cat?post=196056"},{"taxonomy":"product_tag","embeddable":true,"href":"https:\/\/baldumarket.lt\/lt\/wp-json\/wp\/v2\/product_tag?post=196056"}],"curies":[{"name":"wp","href":"https:\/\/api.w.org\/{rel}","templated":true}]}}