{"id":196054,"date":"2025-12-24T00:08:09","date_gmt":"2025-12-23T21:08:09","guid":{"rendered":"https:\/\/baldumarket.lt\/?post_type=product&#038;p=196054"},"modified":"2026-03-23T16:17:38","modified_gmt":"2026-03-23T13:17:38","slug":"naroznik-rozkladany-z-pojemnikiem-laren-gr2","status":"publish","type":"product","link":"https:\/\/baldumarket.lt\/lt\/product\/naroznik-rozkladany-z-pojemnikiem-laren-gr2\/","title":{"rendered":"Laren Gr2 i\u0161skleid\u017eiama kampin\u0117 sofa su daiktad\u0117\u017ee"},"content":{"rendered":"<p>\u201eLaren\u201c kampin\u0117 sofa patraukia d\u0117mes\u012f funkcionalumo ir dekoratyvini\u0173 element\u0173 deriniu. Subtilus s\u0117dyn\u0117s si\u016bli\u0173 apipavidalinimas, u\u017eapvalinti \u0161onai ir i\u0161skirtin\u0117s auksin\u0117s spalvos metalin\u0117s kojel\u0117s sukuria unikal\u0173 stili\u0173.<br \/>\nMATMENYS<br \/>\n\u2013 Plotis \u2013 255 cm<br \/>\n\u2013 \u016agis \u2013 86 cm<br \/>\n\u2013 Gylis \u2013 255 cm<br \/>\nPAPILDOMI MATMENYS<br \/>\n\u2013 Miegamoji erdv\u0117 \u2013 140 x 210 cm<br \/>\n\u2013 S\u0117dyn\u0117s auk\u0161tis \u2013 43 cm<br \/>\n\u2013 S\u0117dyn\u0117s gylis \u2013 58 cm<br \/>\n\u2013 Porankio auk\u0161tis \u2013 57 cm<br \/>\nBENDRIEJI DUOMENYS<br \/>\n\u2013 Miego funkcija<br \/>\n\u2013 Patalyn\u0117s laikymo vieta<br \/>\n\u2013 Automatinis i\u0161skleidimo mechanizmas<br \/>\n\u2013 Apmu\u0161ta nugara<br \/>\n\u2013 P\u0117dos\/kojos \u2013 Metalas, plastikas<br \/>\n\u2013 Konstrukcija \u2013 Mediena + Med\u017eio dro\u017eli\u0173 plok\u0161t\u0117s + Fanera<br \/>\n\u2013 S\u0117dyn\u0117 \u2013 PUR putplastis + gofruota spyruokl\u0117<br \/>\nUniversali kampin\u0117 sofa.<br \/>\nPagrindin\u0117je nuotraukoje matyti baldai i\u0161 \u201eCastel 15\u201c audinio.<\/p>","protected":false},"excerpt":{"rendered":"<p>Ilgesn\u0117s kra\u0161tin\u0117s plotis [cm] 255<br \/>\nTrumpesn\u0117s kra\u0161tin\u0117s plotis [cm] 255<br \/>\nGylis [cm] 90<br \/>\nMiegamasis plotas [cm] 140 \u00d7 210<br \/>\nStilius: \u010cesterfildo kampin\u0117 sofa \/ dygsniuota moderni<br \/>\nI\u0161skleidimo sistema: Automatin\u0117, kad b\u016bt\u0173 lengva i\u0161skleisti \/ DL<\/p>","protected":false},"featured_media":195864,"comment_status":"open","ping_status":"closed","template":"","meta":[],"product_brand":[],"product_cat":[9640,5570,826],"product_tag":[],"class_list":{"0":"post-196054","1":"product","2":"type-product","3":"status-publish","4":"has-post-thumbnail","6":"product_cat-upholstered-furniture-laski","7":"product_cat-laski-meble","8":"product_cat-poufs","10":"first","11":"instock","12":"shipping-taxable","13":"purchasable","14":"product-type-variable","15":"wvs-archive-product-wrapper"},"_links":{"self":[{"href":"https:\/\/baldumarket.lt\/lt\/wp-json\/wp\/v2\/product\/196054","targetHints":{"allow":["GET"]}}],"collection":[{"href":"https:\/\/baldumarket.lt\/lt\/wp-json\/wp\/v2\/product"}],"about":[{"href":"https:\/\/baldumarket.lt\/lt\/wp-json\/wp\/v2\/types\/product"}],"replies":[{"embeddable":true,"href":"https:\/\/baldumarket.lt\/lt\/wp-json\/wp\/v2\/comments?post=196054"}],"wp:featuredmedia":[{"embeddable":true,"href":"https:\/\/baldumarket.lt\/lt\/wp-json\/wp\/v2\/media\/195864"}],"wp:attachment":[{"href":"https:\/\/baldumarket.lt\/lt\/wp-json\/wp\/v2\/media?parent=196054"}],"wp:term":[{"taxonomy":"product_brand","embeddable":true,"href":"https:\/\/baldumarket.lt\/lt\/wp-json\/wp\/v2\/product_brand?post=196054"},{"taxonomy":"product_cat","embeddable":true,"href":"https:\/\/baldumarket.lt\/lt\/wp-json\/wp\/v2\/product_cat?post=196054"},{"taxonomy":"product_tag","embeddable":true,"href":"https:\/\/baldumarket.lt\/lt\/wp-json\/wp\/v2\/product_tag?post=196054"}],"curies":[{"name":"wp","href":"https:\/\/api.w.org\/{rel}","templated":true}]}}