{"id":196041,"date":"2025-12-24T00:07:34","date_gmt":"2025-12-23T21:07:34","guid":{"rendered":"https:\/\/baldumarket.lt\/?post_type=product&#038;p=196041"},"modified":"2026-03-23T16:17:38","modified_gmt":"2026-03-23T13:17:38","slug":"naroznik-rozkladany-z-pojemnikiem-balo-gr2","status":"publish","type":"product","link":"https:\/\/baldumarket.lt\/lt\/product\/naroznik-rozkladany-z-pojemnikiem-balo-gr2\/","title":{"rendered":"Sulankstoma kampin\u0117 sofa su d\u0117\u017ee Balo Gr2"},"content":{"rendered":"<p>\u201eBalo\u201c kampin\u0117 sofa traukia d\u0117mes\u012f derindama funkcionalum\u0105 ir dekoratyvum\u0105. Didel\u0117s pagalv\u0117l\u0117s, u\u017eapvalinti kra\u0161tai ir \u012fdomios si\u016bl\u0117s sukuria unikal\u0173 stili\u0173.<br \/>\nBENDRIEJI DUOMENYS<br \/>\n\u2013 Miego funkcija<br \/>\n\u2013 Daiktad\u0117\u017e\u0117<br \/>\n\u2013 Automatinis i\u0161skleidimo mechanizmas<br \/>\n\u2013 Apmu\u0161ta nugara<br \/>\n\u2013 Kojel\u0117s \u2013 Plastikin\u0117s<br \/>\n\u2013 Konstrukcija \u2013 Mediena + Med\u017eio dro\u017eli\u0173 plok\u0161t\u0117s<br \/>\n\u2013 S\u0117dyn\u0117 \u2013 PUR putplastis, T-3042 + T-2542 + T-1620 tipo, Atlo\u0161as \u2013 PUR putplastis, T-1620 tipo<br \/>\nPAPILDOMI MATMENYS<br \/>\n\u2013 Miegamoji erdv\u0117 \u2013 145 x 212 cm<br \/>\n\u2013 S\u0117dyn\u0117s auk\u0161tis \u2013 42 cm<br \/>\n\u2013 S\u0117dyn\u0117s gylis \u2013 62 cm<br \/>\n\u2013 Kojos auk\u0161tis \u2013 3,5 cm<br \/>\nDaiktad\u0117\u017e\u0117s matmenys: 113 x 67 x 21,5 cm<br \/>\nNuotraukoje pavaizduota kairioji kampin\u0117 sofa.<br \/>\nPASTABA \u2013 jei pasirinksite kordurojaus audinius, tokius kaip \u201eLincoln\u201c ar \u201ePoso\u201c, si\u016bl\u0117s ant bald\u0173 nebus matomos.<br \/>\nBaldai gali b\u016bti pagaminti i\u0161 bet kurio audinio i\u0161 audini\u0173 s\u0105ra\u0161o (nuotraukos galerijoje). Jei pasirinkto audinio n\u0117ra s\u0105ra\u0161e \u201cpasirinkti spalv\u0105\u201d, pra\u0161ome nurodyti jo pavadinim\u0105 u\u017esakymo pastabose.<br \/>\nArba konfig\u016bratoriuje pasirinkite \u201ckitas audinys\u201d ir nurodykite jo pavadinim\u0105 bei numer\u012f.<\/p>","protected":false},"excerpt":{"rendered":"<p>Ilgesn\u0117s kra\u0161tin\u0117s plotis [cm] 276<br \/>\nTrumpesn\u0117s kra\u0161tin\u0117s plotis [cm] 176<br \/>\nGylis [cm] 104<br \/>\nMiegamasis plotas [cm] 145 \u00d7 212<br \/>\nModernus kampin\u0117s sofos stilius<br \/>\nI\u0161skleidimo sistema: Automatin\u0117, kad b\u016bt\u0173 lengva i\u0161skleisti \/ DL<\/p>","protected":false},"featured_media":195836,"comment_status":"open","ping_status":"closed","template":"","meta":[],"product_brand":[],"product_cat":[9640,5570,560],"product_tag":[],"class_list":{"0":"post-196041","1":"product","2":"type-product","3":"status-publish","4":"has-post-thumbnail","6":"product_cat-upholstered-furniture-laski","7":"product_cat-laski-meble","8":"product_cat-sofas-and-couches","10":"first","11":"instock","12":"shipping-taxable","13":"purchasable","14":"product-type-variable","15":"wvs-archive-product-wrapper"},"_links":{"self":[{"href":"https:\/\/baldumarket.lt\/lt\/wp-json\/wp\/v2\/product\/196041","targetHints":{"allow":["GET"]}}],"collection":[{"href":"https:\/\/baldumarket.lt\/lt\/wp-json\/wp\/v2\/product"}],"about":[{"href":"https:\/\/baldumarket.lt\/lt\/wp-json\/wp\/v2\/types\/product"}],"replies":[{"embeddable":true,"href":"https:\/\/baldumarket.lt\/lt\/wp-json\/wp\/v2\/comments?post=196041"}],"wp:featuredmedia":[{"embeddable":true,"href":"https:\/\/baldumarket.lt\/lt\/wp-json\/wp\/v2\/media\/195836"}],"wp:attachment":[{"href":"https:\/\/baldumarket.lt\/lt\/wp-json\/wp\/v2\/media?parent=196041"}],"wp:term":[{"taxonomy":"product_brand","embeddable":true,"href":"https:\/\/baldumarket.lt\/lt\/wp-json\/wp\/v2\/product_brand?post=196041"},{"taxonomy":"product_cat","embeddable":true,"href":"https:\/\/baldumarket.lt\/lt\/wp-json\/wp\/v2\/product_cat?post=196041"},{"taxonomy":"product_tag","embeddable":true,"href":"https:\/\/baldumarket.lt\/lt\/wp-json\/wp\/v2\/product_tag?post=196041"}],"curies":[{"name":"wp","href":"https:\/\/api.w.org\/{rel}","templated":true}]}}