{"id":196023,"date":"2025-12-24T00:06:47","date_gmt":"2025-12-23T21:06:47","guid":{"rendered":"https:\/\/baldumarket.lt\/?post_type=product&#038;p=196023"},"modified":"2026-03-23T16:17:46","modified_gmt":"2026-03-23T13:17:46","slug":"naroznik-rozkladany-olio-oferta-specjalna-gr2","status":"publish","type":"product","link":"https:\/\/baldumarket.lt\/lt\/product\/naroznik-rozkladany-olio-oferta-specjalna-gr2\/","title":{"rendered":"Olio i\u0161skleid\u017eiama kampin\u0117 sofa &#8211; SPECIALUS PASI\u016aLYMAS Gr2"},"content":{"rendered":"<p>\u0160is unikaliai suprojektuotas originalios formos baldas neabejotinai taps bet kurio svetain\u0117s akcentu.<br \/>\n\u201eOlio\u201c kampin\u0117 sofa pasi\u017eymi aptakiomis formomis ir standarti\u0161kai komplektuojama su dviem ma\u017eomis apvaliomis pagalv\u0117l\u0117mis.<br \/>\nMATMENYS<br \/>\n\u2013 Plotis \u2013 248 cm<br \/>\n\u2013 \u016agis \u2013 86,5 cm<br \/>\n\u2013 Gylis \u2013 174 cm<br \/>\nPAPILDOMI MATMENYS<br \/>\n\u2013 Miegamoji erdv\u0117 \u2013 138 x 210 cm<br \/>\n\u2013 S\u0117dyn\u0117s auk\u0161tis \u2013 39 cm<br \/>\n\u2013 S\u0117dyn\u0117s gylis \u2013 58 cm<br \/>\n\u2013 Porankio auk\u0161tis \u2013 34 cm<br \/>\nBENDRIEJI DUOMENYS<br \/>\n\u2013 Miego funkcija<br \/>\n\u2013 Patalyn\u0117s laikymo vieta<br \/>\n\u2013 Automatinis i\u0161skleidimo mechanizmas<br \/>\n\u2013 Apmu\u0161ta nugara<br \/>\n\u2013 3,5 cm plastikin\u0117s kojel\u0117s<br \/>\n\u2013 Statyba \u2013 Mediena + Med\u017eio dro\u017eli\u0173 plok\u0161t\u0117s<br \/>\n\u2013 S\u0117dyn\u0117 \u2013 PUR putplastis + Bonnell spyruokl\u0117s<br \/>\n\u2013 Laisvos pagalv\u0117l\u0117s<br \/>\nKampin\u0117 sofa pavaizduota de\u0161in\u0117je.<br \/>\nGalima \u012fsigyti tik i\u0161 Aragono audini\u0173<br \/>\nKremin\u0117s spalvos \u201eAragon 3\u201c audinys spinduliuoja elegancija ir ramybe.<br \/>\nPagamintas i\u0161 auk\u0161tos kokyb\u0117s si\u016bl\u0173, \u0161is audinys yra ne\u012ftik\u0117tinai mink\u0161tas ir malonus liesti, tod\u0117l s\u0117d\u0117ti ant jo vienas malonumas.<br \/>\n\u0160is audinys turi speciali\u0105 vandeniui atspari\u0105 dang\u0105, kuri apsaugo j\u012f nuo dr\u0117gm\u0117s ir skys\u010di\u0173.<br \/>\nTechnin\u0117s specifikacijos:<br \/>\nSud\u0117tis: 95% PES 5% NY<br \/>\nSvoris: 340 g\/m\u00b2 (+\/- 5%)<br \/>\nPlotis: 140 cm (+\/- 2 cm)<br \/>\nAtsparumas dilimui: 45 000\u201360 000 cikl\u0173<\/p>","protected":false},"excerpt":{"rendered":"<p>Ilgesn\u0117s kra\u0161tin\u0117s plotis [cm] 248<br \/>\nTrumpesn\u0117s kra\u0161tin\u0117s plotis [cm] 174<br \/>\n\u016agis [cm] 86,5<br \/>\nMiegamasis plotas [cm] 138 \u00d7 210<br \/>\nModernus kampin\u0117s sofos stilius<br \/>\nI\u0161skleidimo sistema: Automatin\u0117, kad b\u016bt\u0173 lengva i\u0161skleisti \/ DL<\/p>","protected":false},"featured_media":195819,"comment_status":"open","ping_status":"closed","template":"","meta":[],"product_brand":[],"product_cat":[9640,5570,560],"product_tag":[],"class_list":{"0":"post-196023","1":"product","2":"type-product","3":"status-publish","4":"has-post-thumbnail","6":"product_cat-upholstered-furniture-laski","7":"product_cat-laski-meble","8":"product_cat-sofas-and-couches","10":"first","11":"instock","12":"shipping-taxable","13":"purchasable","14":"product-type-variable","15":"wvs-archive-product-wrapper"},"_links":{"self":[{"href":"https:\/\/baldumarket.lt\/lt\/wp-json\/wp\/v2\/product\/196023","targetHints":{"allow":["GET"]}}],"collection":[{"href":"https:\/\/baldumarket.lt\/lt\/wp-json\/wp\/v2\/product"}],"about":[{"href":"https:\/\/baldumarket.lt\/lt\/wp-json\/wp\/v2\/types\/product"}],"replies":[{"embeddable":true,"href":"https:\/\/baldumarket.lt\/lt\/wp-json\/wp\/v2\/comments?post=196023"}],"wp:featuredmedia":[{"embeddable":true,"href":"https:\/\/baldumarket.lt\/lt\/wp-json\/wp\/v2\/media\/195819"}],"wp:attachment":[{"href":"https:\/\/baldumarket.lt\/lt\/wp-json\/wp\/v2\/media?parent=196023"}],"wp:term":[{"taxonomy":"product_brand","embeddable":true,"href":"https:\/\/baldumarket.lt\/lt\/wp-json\/wp\/v2\/product_brand?post=196023"},{"taxonomy":"product_cat","embeddable":true,"href":"https:\/\/baldumarket.lt\/lt\/wp-json\/wp\/v2\/product_cat?post=196023"},{"taxonomy":"product_tag","embeddable":true,"href":"https:\/\/baldumarket.lt\/lt\/wp-json\/wp\/v2\/product_tag?post=196023"}],"curies":[{"name":"wp","href":"https:\/\/api.w.org\/{rel}","templated":true}]}}