{"id":195971,"date":"2025-12-24T00:04:59","date_gmt":"2025-12-23T21:04:59","guid":{"rendered":"https:\/\/baldumarket.lt\/?post_type=product&#038;p=195971"},"modified":"2026-03-23T16:17:47","modified_gmt":"2026-03-23T13:17:47","slug":"fotel-w-typie-uszak-avis-gr2","status":"publish","type":"product","link":"https:\/\/baldumarket.lt\/lt\/product\/fotel-w-typie-uszak-avis-gr2\/","title":{"rendered":"\u201eAvis Gr2\u201c s\u0117dyn\u0117 su atlo\u0161u"},"content":{"rendered":"<p>\u201eAvis\u201c fotelis yra avangardinio stiliaus svetain\u0117s baldas, kurio formos traukia ak\u012f ir yra i\u0161skirtinai originalios d\u0117l unikalaus dizaino.<br \/>\nMATMENYS<br \/>\n\u2013 plotis \u2013 82 cm<br \/>\n\u2013 auk\u0161tis \u2013 74 cm<br \/>\n\u2013 gylis \u2013 74 cm<br \/>\nPAPILDOMI MATMENYS<br \/>\n\u2013 s\u0117dyn\u0117s auk\u0161tis \u2013 40 cm<br \/>\n\u2013 s\u0117dyn\u0117s gylis \u2013 56 cm<br \/>\nBENDRIEJI DUOMENYS<br \/>\n\u2013 apmu\u0161ta nugara<br \/>\n\u2013 p\u0117dos\/kojos \u2013 plastikin\u0117s<br \/>\n\u2013 r\u0117mas \u2013 pu\u0161ies mediena, med\u017eio dro\u017eli\u0173 plok\u0161t\u0117, fanera<br \/>\n\u2013 s\u0117dyn\u0117 \u2013 PUR putplastis, T-3042 tipas<br \/>\nPagrindin\u0117je nuotraukoje matyti baldai i\u0161 \u201eAnthology 20\u201c audinio.<br \/>\nBaldai gali b\u016bti pagaminti i\u0161 bet kurio audinio i\u0161 audini\u0173 s\u0105ra\u0161o (nuotraukos galerijoje) \u2013 jei norimo audinio n\u0117ra pasirinkime \u201cpasirinkti spalv\u0105\u201d, nurodykite jo pavadinim\u0105 u\u017esakymo pastabose. Arba konfig\u016bratoriuje pasirinkite parinkt\u012f \u201ckitas audinys\u201d ir \u012fra\u0161ykite jo pavadinim\u0105 bei numer\u012f.<\/p>","protected":false},"excerpt":{"rendered":"<p>Plotis [cm] 82<br \/>\n\u016agis [cm] 74<br \/>\ns\u0117dyn\u0117s auk\u0161tis [cm] 40<\/p>","protected":false},"featured_media":195772,"comment_status":"open","ping_status":"closed","template":"","meta":[],"product_brand":[],"product_cat":[9637,634,5570],"product_tag":[],"class_list":{"0":"post-195971","1":"product","2":"type-product","3":"status-publish","4":"has-post-thumbnail","6":"product_cat-armchairs-poufs-and-tables-laski","7":"product_cat-armchairs","8":"product_cat-laski-meble","10":"first","11":"instock","12":"shipping-taxable","13":"purchasable","14":"product-type-variable","15":"wvs-archive-product-wrapper"},"_links":{"self":[{"href":"https:\/\/baldumarket.lt\/lt\/wp-json\/wp\/v2\/product\/195971","targetHints":{"allow":["GET"]}}],"collection":[{"href":"https:\/\/baldumarket.lt\/lt\/wp-json\/wp\/v2\/product"}],"about":[{"href":"https:\/\/baldumarket.lt\/lt\/wp-json\/wp\/v2\/types\/product"}],"replies":[{"embeddable":true,"href":"https:\/\/baldumarket.lt\/lt\/wp-json\/wp\/v2\/comments?post=195971"}],"wp:featuredmedia":[{"embeddable":true,"href":"https:\/\/baldumarket.lt\/lt\/wp-json\/wp\/v2\/media\/195772"}],"wp:attachment":[{"href":"https:\/\/baldumarket.lt\/lt\/wp-json\/wp\/v2\/media?parent=195971"}],"wp:term":[{"taxonomy":"product_brand","embeddable":true,"href":"https:\/\/baldumarket.lt\/lt\/wp-json\/wp\/v2\/product_brand?post=195971"},{"taxonomy":"product_cat","embeddable":true,"href":"https:\/\/baldumarket.lt\/lt\/wp-json\/wp\/v2\/product_cat?post=195971"},{"taxonomy":"product_tag","embeddable":true,"href":"https:\/\/baldumarket.lt\/lt\/wp-json\/wp\/v2\/product_tag?post=195971"}],"curies":[{"name":"wp","href":"https:\/\/api.w.org\/{rel}","templated":true}]}}