{"id":195969,"date":"2025-12-24T00:04:57","date_gmt":"2025-12-23T21:04:57","guid":{"rendered":"https:\/\/baldumarket.lt\/?post_type=product&#038;p=195969"},"modified":"2026-03-23T16:17:47","modified_gmt":"2026-03-23T13:17:47","slug":"fotel-uszak-ted-gr2","status":"publish","type":"product","link":"https:\/\/baldumarket.lt\/lt\/product\/fotel-uszak-ted-gr2\/","title":{"rendered":"Ted Gr2 atlenkiamoji k\u0117d\u0117"},"content":{"rendered":"<p>TED kr\u0117slas su atlo\u0161u yra patogus mink\u0161tas baldas, kuris pastaruoju metu tapo esminiu bet kurio modernaus interjero dizaino elementu.<br \/>\n\u0160is itin patogus modelis puikiai tinka svetainei, biurui ar laukiamajam.<br \/>\nMATMENYS<br \/>\n\u2013 Plotis \u2013 76 cm<br \/>\n\u2013 Auk\u0161tis \u2013 100 cm<br \/>\n\u2013 Gylis \u2013 78 cm<br \/>\nPAPILDOMI MATMENYS<br \/>\n\u2013 S\u0117dyn\u0117s auk\u0161tis \u2013 46 cm<br \/>\n\u2013 S\u0117dyn\u0117s gylis \u2013 54 cm<br \/>\n\u2013 Porankio auk\u0161tis \u2013 58\u201363 cm<br \/>\nBENDRIEJI DUOMENYS<br \/>\n\u2013 Apmu\u0161ta nugara<br \/>\n\u2013 Kojel\u0117s \u2013 Medin\u0117s<br \/>\n\u2013 R\u0117mas \u2013 Mediena + Fanera<br \/>\n\u2013 S\u0117dyn\u0117 \u2013 PUR putplastis<br \/>\nPagrindin\u0117je nuotraukoje matyti \u201eVelutto\u201c audiniu aptrauktas baldas.<br \/>\nPASTABA \u2013 Jei pasirinksite kordurojaus audinius, tokius kaip \u201eLincoln\u201c ar \u201ePoso\u201c, si\u016bli\u0173 nebus.<br \/>\nBaldai gali b\u016bti pagaminti i\u0161 bet kurio audinio i\u0161 audini\u0173 s\u0105ra\u0161o (nuotraukos galerijoje). Jei pasirinkto audinio n\u0117ra pasirinktyje \u201cpasirinkti spalv\u0105\u201d, nurodykite jo pavadinim\u0105 u\u017esakymo pastabose. Arba konfig\u016bratoriuje pasirinkite \u201ckitas audinys\u201d ir \u012fveskite jo pavadinim\u0105 bei numer\u012f.<\/p>","protected":false},"excerpt":{"rendered":"<p>Plotis [cm] 76<br \/>\n\u016agis [cm] 100<br \/>\ns\u0117dyn\u0117s auk\u0161tis [cm] 46<\/p>","protected":false},"featured_media":195765,"comment_status":"open","ping_status":"closed","template":"","meta":[],"product_brand":[],"product_cat":[9640,634,5570],"product_tag":[],"class_list":{"0":"post-195969","1":"product","2":"type-product","3":"status-publish","4":"has-post-thumbnail","6":"product_cat-upholstered-furniture-laski","7":"product_cat-armchairs","8":"product_cat-laski-meble","10":"first","11":"instock","12":"shipping-taxable","13":"purchasable","14":"product-type-variable","15":"wvs-archive-product-wrapper"},"_links":{"self":[{"href":"https:\/\/baldumarket.lt\/lt\/wp-json\/wp\/v2\/product\/195969","targetHints":{"allow":["GET"]}}],"collection":[{"href":"https:\/\/baldumarket.lt\/lt\/wp-json\/wp\/v2\/product"}],"about":[{"href":"https:\/\/baldumarket.lt\/lt\/wp-json\/wp\/v2\/types\/product"}],"replies":[{"embeddable":true,"href":"https:\/\/baldumarket.lt\/lt\/wp-json\/wp\/v2\/comments?post=195969"}],"wp:featuredmedia":[{"embeddable":true,"href":"https:\/\/baldumarket.lt\/lt\/wp-json\/wp\/v2\/media\/195765"}],"wp:attachment":[{"href":"https:\/\/baldumarket.lt\/lt\/wp-json\/wp\/v2\/media?parent=195969"}],"wp:term":[{"taxonomy":"product_brand","embeddable":true,"href":"https:\/\/baldumarket.lt\/lt\/wp-json\/wp\/v2\/product_brand?post=195969"},{"taxonomy":"product_cat","embeddable":true,"href":"https:\/\/baldumarket.lt\/lt\/wp-json\/wp\/v2\/product_cat?post=195969"},{"taxonomy":"product_tag","embeddable":true,"href":"https:\/\/baldumarket.lt\/lt\/wp-json\/wp\/v2\/product_tag?post=195969"}],"curies":[{"name":"wp","href":"https:\/\/api.w.org\/{rel}","templated":true}]}}