{"id":195953,"date":"2025-12-24T00:04:19","date_gmt":"2025-12-23T21:04:19","guid":{"rendered":"https:\/\/baldumarket.lt\/?post_type=product&#038;p=195953"},"modified":"2026-03-23T16:17:54","modified_gmt":"2026-03-23T13:17:54","slug":"fotel-uszak-laren-gr2","status":"publish","type":"product","link":"https:\/\/baldumarket.lt\/lt\/product\/fotel-uszak-laren-gr2\/","title":{"rendered":"Laren Gr2 atlenkiamoji k\u0117d\u0117"},"content":{"rendered":"<p>\u201eLaren\u201c fotelis yra avangardinio stiliaus svetain\u0117s baldas, kurio formos traukia ak\u012f ir yra i\u0161skirtinai originalios d\u0117l unikalaus dizaino.<br \/>\nMATMENYS<br \/>\n\u2013 Plotis \u2013 100 cm<br \/>\n\u2013 Auk\u0161tis \u2013 85 cm<br \/>\n\u2013 Gylis \u2013 94 cm<br \/>\nPAPILDOMI MATMENYS<br \/>\n\u2013 S\u0117dyn\u0117s auk\u0161tis \u2013 42 cm<br \/>\n\u2013 S\u0117dyn\u0117s gylis \u2013 57 cm<br \/>\n\u2013 Porankio auk\u0161tis \u2013 60 cm<br \/>\nBENDRIEJI DUOMENYS<br \/>\n\u2013 Apmu\u0161ta nugara<br \/>\n\u2013 Kojel\u0117s \u2013 metalin\u0117s (auksin\u0117s arba juodos \u2013 nurodykite u\u017esakymo pastabose)<br \/>\n\u2013 R\u0117mas \u2013 Mediena + Med\u017eio dro\u017eli\u0173 plok\u0161t\u0117 + Fanera<br \/>\n\u2013 S\u0117dyn\u0117 \u2013 PUR putplastis + zigzago spyruokl\u0117<br \/>\nPagrindin\u0117je nuotraukoje matyti \u201eCastel 15\u201c audiniu aptrauktas baldas.<br \/>\nPASTABA \u2013 Jei pasirinksite velvetinius audinius, tokius kaip \u201eLincoln\u201c ar \u201ePoso\u201c, si\u016bli\u0173 nebus.<br \/>\nBaldai gali b\u016bti pagaminti i\u0161 bet kurio audinio i\u0161 audini\u0173 s\u0105ra\u0161o (nuotraukos galerijoje). Jei pasirinkto audinio n\u0117ra pasirinktyje \u201cpasirinkti spalv\u0105\u201d, nurodykite jo pavadinim\u0105 u\u017esakymo pastabose. Arba konfig\u016bratoriuje pasirinkite \u201ckitas audinys\u201d ir \u012fveskite jo pavadinim\u0105 bei numer\u012f.<\/p>","protected":false},"excerpt":{"rendered":"<p>Plotis [cm] 100<br \/>\n\u016agis [cm] 85<br \/>\ns\u0117dyn\u0117s auk\u0161tis [cm] 42<\/p>","protected":false},"featured_media":195754,"comment_status":"open","ping_status":"closed","template":"","meta":[],"product_brand":[],"product_cat":[9640,5570,826],"product_tag":[],"class_list":{"0":"post-195953","1":"product","2":"type-product","3":"status-publish","4":"has-post-thumbnail","6":"product_cat-upholstered-furniture-laski","7":"product_cat-laski-meble","8":"product_cat-poufs","10":"first","11":"instock","12":"shipping-taxable","13":"purchasable","14":"product-type-variable","15":"wvs-archive-product-wrapper"},"_links":{"self":[{"href":"https:\/\/baldumarket.lt\/lt\/wp-json\/wp\/v2\/product\/195953","targetHints":{"allow":["GET"]}}],"collection":[{"href":"https:\/\/baldumarket.lt\/lt\/wp-json\/wp\/v2\/product"}],"about":[{"href":"https:\/\/baldumarket.lt\/lt\/wp-json\/wp\/v2\/types\/product"}],"replies":[{"embeddable":true,"href":"https:\/\/baldumarket.lt\/lt\/wp-json\/wp\/v2\/comments?post=195953"}],"wp:featuredmedia":[{"embeddable":true,"href":"https:\/\/baldumarket.lt\/lt\/wp-json\/wp\/v2\/media\/195754"}],"wp:attachment":[{"href":"https:\/\/baldumarket.lt\/lt\/wp-json\/wp\/v2\/media?parent=195953"}],"wp:term":[{"taxonomy":"product_brand","embeddable":true,"href":"https:\/\/baldumarket.lt\/lt\/wp-json\/wp\/v2\/product_brand?post=195953"},{"taxonomy":"product_cat","embeddable":true,"href":"https:\/\/baldumarket.lt\/lt\/wp-json\/wp\/v2\/product_cat?post=195953"},{"taxonomy":"product_tag","embeddable":true,"href":"https:\/\/baldumarket.lt\/lt\/wp-json\/wp\/v2\/product_tag?post=195953"}],"curies":[{"name":"wp","href":"https:\/\/api.w.org\/{rel}","templated":true}]}}