{"id":195951,"date":"2025-12-24T00:04:16","date_gmt":"2025-12-23T21:04:16","guid":{"rendered":"https:\/\/baldumarket.lt\/?post_type=product&#038;p=195951"},"modified":"2026-03-23T16:17:54","modified_gmt":"2026-03-23T13:17:54","slug":"fotel-uszak-elis-obrotowy-gr2","status":"publish","type":"product","link":"https:\/\/baldumarket.lt\/lt\/product\/fotel-uszak-elis-obrotowy-gr2\/","title":{"rendered":"\u201eElis\u201c pasukama k\u0117d\u0117 Gr2"},"content":{"rendered":"<p>\u201eElis\u201c kr\u0117slas su atlo\u0161u yra patogus mink\u0161tas baldas, kuris pastaruoju metu tapo esminiu bet kurio modernaus interjero dizaino elementu.<br \/>\nMATMENYS<br \/>\n\u2013 Plotis \u2013 88 cm<br \/>\n\u2013 Auk\u0161tis \u2013 110 cm<br \/>\n\u2013 Gylis \u2013 88\u2013106 cm<br \/>\nPAPILDOMI MATMENYS<br \/>\n\u2013 S\u0117dyn\u0117s auk\u0161tis \u2013 46 cm<br \/>\n\u2013 S\u0117dyn\u0117s gylis \u2013 55 cm<br \/>\n\u2013 Porankio auk\u0161tis \u2013 61\u201364 cm<br \/>\nBENDRIEJI DUOMENYS<br \/>\n\u2013 Apmu\u0161ta nugara<br \/>\n\u2013 Koja \u2013 metalin\u0117<br \/>\n\u2013 Pasukimo ir pakreipimo mechanizmas<br \/>\n\u2013 R\u0117mas \u2013 stiklo pluo\u0161tas + fanera<br \/>\n\u2013 S\u0117dyn\u0117 \u2013 PUR putplastis<br \/>\nPagrindin\u0117je nuotraukoje matyti baldai su \u201eNow or Never\u201c audiniu.<br \/>\nBaldai gali b\u016bti pagaminti i\u0161 bet kokio audinio i\u0161 audini\u0173 s\u0105ra\u0161o (nuotraukos galerijoje) \u2013 jei norimo audinio n\u0117ra s\u0105ra\u0161e \u201cPasirinkite spalv\u0105\u201d, pra\u0161ome jo pavadinim\u0105 nurodyti u\u017esakymo pastabose.<br \/>\nArba konfig\u016bratoriuje pasirinkite parinkt\u012f \u201cKitas audinys\u201d ir nurodykite jos pavadinim\u0105 bei numer\u012f.<\/p>","protected":false},"excerpt":{"rendered":"<p>Plotis [cm] 88<br \/>\n\u016agis [cm] 110<br \/>\ns\u0117dyn\u0117s auk\u0161tis [cm] 46<\/p>","protected":false},"featured_media":195747,"comment_status":"open","ping_status":"closed","template":"","meta":[],"product_brand":[],"product_cat":[9637,634,5570],"product_tag":[],"class_list":{"0":"post-195951","1":"product","2":"type-product","3":"status-publish","4":"has-post-thumbnail","6":"product_cat-armchairs-poufs-and-tables-laski","7":"product_cat-armchairs","8":"product_cat-laski-meble","10":"first","11":"instock","12":"shipping-taxable","13":"purchasable","14":"product-type-variable","15":"wvs-archive-product-wrapper"},"_links":{"self":[{"href":"https:\/\/baldumarket.lt\/lt\/wp-json\/wp\/v2\/product\/195951","targetHints":{"allow":["GET"]}}],"collection":[{"href":"https:\/\/baldumarket.lt\/lt\/wp-json\/wp\/v2\/product"}],"about":[{"href":"https:\/\/baldumarket.lt\/lt\/wp-json\/wp\/v2\/types\/product"}],"replies":[{"embeddable":true,"href":"https:\/\/baldumarket.lt\/lt\/wp-json\/wp\/v2\/comments?post=195951"}],"wp:featuredmedia":[{"embeddable":true,"href":"https:\/\/baldumarket.lt\/lt\/wp-json\/wp\/v2\/media\/195747"}],"wp:attachment":[{"href":"https:\/\/baldumarket.lt\/lt\/wp-json\/wp\/v2\/media?parent=195951"}],"wp:term":[{"taxonomy":"product_brand","embeddable":true,"href":"https:\/\/baldumarket.lt\/lt\/wp-json\/wp\/v2\/product_brand?post=195951"},{"taxonomy":"product_cat","embeddable":true,"href":"https:\/\/baldumarket.lt\/lt\/wp-json\/wp\/v2\/product_cat?post=195951"},{"taxonomy":"product_tag","embeddable":true,"href":"https:\/\/baldumarket.lt\/lt\/wp-json\/wp\/v2\/product_tag?post=195951"}],"curies":[{"name":"wp","href":"https:\/\/api.w.org\/{rel}","templated":true}]}}