{"id":195933,"date":"2025-12-24T00:03:41","date_gmt":"2025-12-23T21:03:41","guid":{"rendered":"https:\/\/baldumarket.lt\/?post_type=product&#038;p=195933"},"modified":"2026-03-23T16:17:54","modified_gmt":"2026-03-23T13:17:54","slug":"fotel-tapicerowany-ezo-gr2","status":"publish","type":"product","link":"https:\/\/baldumarket.lt\/lt\/product\/fotel-tapicerowany-ezo-gr2\/","title":{"rendered":"Ezo Gr2 mink\u0161tas fotelis"},"content":{"rendered":"<p>\u201eEzo\u201c fotelis \u2013 tai ak\u012f traukiantis funkcionalumo ir dekoratyvini\u0173 element\u0173 derinys.<br \/>\nBENDRIEJI DUOMENYS<br \/>\n\u2013 apmu\u0161ta nugara<br \/>\n\u2013 kojos \u2013 metalin\u0117s<br \/>\n\u2013 konstrukcija \u2013 stiklo pluo\u0161tas + fanera<br \/>\n\u2013 s\u0117dyn\u0117 \u2013 PUR putplastis<br \/>\nPAPILDOMI MATMENYS<br \/>\n\u2013 s\u0117dyn\u0117s auk\u0161tis \u2013 44,5 cm<br \/>\n\u2013 s\u0117dyn\u0117s gylis \u2013 52 cm<br \/>\n\u2013 poranki\u0173 auk\u0161tis \u2013 59,5 cm<br \/>\n\u0160ie baldai gali b\u016bti pagaminti i\u0161 bet kurio audinio i\u0161 audini\u0173 s\u0105ra\u0161o (nuotraukos galerijoje). Jei norimo audinio n\u0117ra pasirinkus \u201cpasirinkti spalv\u0105\u201d, pra\u0161ome jo pavadinim\u0105 nurodyti u\u017esakymo pastabose.<br \/>\nArba konfig\u016bratoriuje pasirinkite parinkt\u012f \u201ckitas audinys\u201d ir nurodykite jo pavadinim\u0105 bei numer\u012f.<\/p>","protected":false},"excerpt":{"rendered":"<p>Plotis [cm] 73<br \/>\n\u016agis [cm] 102<br \/>\ns\u0117dyn\u0117s auk\u0161tis [cm] 45<\/p>","protected":false},"featured_media":195730,"comment_status":"open","ping_status":"closed","template":"","meta":[],"product_brand":[],"product_cat":[9637,634,5570],"product_tag":[],"class_list":{"0":"post-195933","1":"product","2":"type-product","3":"status-publish","4":"has-post-thumbnail","6":"product_cat-armchairs-poufs-and-tables-laski","7":"product_cat-armchairs","8":"product_cat-laski-meble","10":"first","11":"instock","12":"shipping-taxable","13":"purchasable","14":"product-type-variable","15":"wvs-archive-product-wrapper"},"_links":{"self":[{"href":"https:\/\/baldumarket.lt\/lt\/wp-json\/wp\/v2\/product\/195933","targetHints":{"allow":["GET"]}}],"collection":[{"href":"https:\/\/baldumarket.lt\/lt\/wp-json\/wp\/v2\/product"}],"about":[{"href":"https:\/\/baldumarket.lt\/lt\/wp-json\/wp\/v2\/types\/product"}],"replies":[{"embeddable":true,"href":"https:\/\/baldumarket.lt\/lt\/wp-json\/wp\/v2\/comments?post=195933"}],"wp:featuredmedia":[{"embeddable":true,"href":"https:\/\/baldumarket.lt\/lt\/wp-json\/wp\/v2\/media\/195730"}],"wp:attachment":[{"href":"https:\/\/baldumarket.lt\/lt\/wp-json\/wp\/v2\/media?parent=195933"}],"wp:term":[{"taxonomy":"product_brand","embeddable":true,"href":"https:\/\/baldumarket.lt\/lt\/wp-json\/wp\/v2\/product_brand?post=195933"},{"taxonomy":"product_cat","embeddable":true,"href":"https:\/\/baldumarket.lt\/lt\/wp-json\/wp\/v2\/product_cat?post=195933"},{"taxonomy":"product_tag","embeddable":true,"href":"https:\/\/baldumarket.lt\/lt\/wp-json\/wp\/v2\/product_tag?post=195933"}],"curies":[{"name":"wp","href":"https:\/\/api.w.org\/{rel}","templated":true}]}}