{"id":195845,"date":"2025-12-24T00:00:30","date_gmt":"2025-12-23T21:00:30","guid":{"rendered":"https:\/\/baldumarket.lt\/?post_type=product&#038;p=195845"},"modified":"2026-03-23T16:18:04","modified_gmt":"2026-03-23T13:18:04","slug":"sofa-rozkladana-bez-boczkow-milo-gr1","status":"publish","type":"product","link":"https:\/\/baldumarket.lt\/lt\/product\/sofa-rozkladana-bez-boczkow-milo-gr1\/","title":{"rendered":"Milo Gr1 sofa-lova be \u0161on\u0173"},"content":{"rendered":"<p>\u201eMilo\u201c sofa-lova \u2013 tai avangardinio stiliaus svetain\u0117s baldas, kurio formos traukia ak\u012f, o unikalus dizainas suteikia jam i\u0161skirtinio originalumo. MATMENYS<br \/>\n\u2013 Plotis \u2013 214 cm<br \/>\n\u2013 \u016agis \u2013 89 cm<br \/>\n\u2013 Gylis \u2013 104 cm<br \/>\nPAPILDOMI MATMENYS<br \/>\n\u2013 Miegamoji erdv\u0117 \u2013 142 x 200 cm<br \/>\n\u2013 S\u0117dyn\u0117s auk\u0161tis \u2013 41 cm<br \/>\n\u2013 S\u0117dyn\u0117s gylis \u2013 60 cm<br \/>\n\u2013 Kojos auk\u0161tis \u2013 3,5 cm<br \/>\nBENDRIEJI DUOMENYS<br \/>\n\u2013 Miego funkcija<br \/>\n\u2013 Patalyn\u0117s laikymo vieta<br \/>\n\u2013 DL automatinis i\u0161skleidimo mechanizmas<br \/>\n\u2013 Apmu\u0161ta nugara<br \/>\n\u2013 Kojel\u0117s \u2013 Med\u017eiaga \u2013 Konstrukcija \u2013 Mediena + Med\u017eio dro\u017eli\u0173 plok\u0161t\u0117s + Fanera<br \/>\n\u2013 S\u0117dyn\u0117 \u2013 Ki\u0161en\u0117s formos + PUR putplastis, T-3042 + T-2542 tipo<br \/>\nNuotraukoje pavaizduoti baldai i\u0161 \u201eNow Or Never 38\u201c audinio.<br \/>\nPASTABA \u2013 Jei pasirinksite kordurojaus audinius, tokius kaip \u201eLincoln\u201c ar \u201ePoso\u201c, si\u016bl\u0117s ant bald\u0173 nebus matomos.<br \/>\nBaldai gali b\u016bti pagaminti i\u0161 bet kurio audinio i\u0161 audini\u0173 s\u0105ra\u0161o (nuotraukos galerijoje). Jei pasirinkto audinio n\u0117ra pasirinktyje \u201cpasirinkti spalv\u0105\u201d, nurodykite jo pavadinim\u0105 u\u017esakymo pastabose. Arba konfig\u016bratoriuje pasirinkite \u201ckitas audinys\u201d ir \u012fveskite jo pavadinim\u0105 bei numer\u012f.<\/p>","protected":false},"excerpt":{"rendered":"<p>Plotis [cm] 214<br \/>\n\u016agis [cm] 89<br \/>\nGylis [cm] 104<br \/>\nMiegamasis plotas [cm] 142 \u00d7 200<br \/>\nPagalv\u0117s tipas: Nuimamos pagalv\u0117s<\/p>","protected":false},"featured_media":195972,"comment_status":"open","ping_status":"closed","template":"","meta":[],"product_brand":[],"product_cat":[9640,5570,560],"product_tag":[],"class_list":{"0":"post-195845","1":"product","2":"type-product","3":"status-publish","4":"has-post-thumbnail","6":"product_cat-upholstered-furniture-laski","7":"product_cat-laski-meble","8":"product_cat-sofas-and-couches","10":"first","11":"instock","12":"shipping-taxable","13":"purchasable","14":"product-type-variable","15":"wvs-archive-product-wrapper"},"_links":{"self":[{"href":"https:\/\/baldumarket.lt\/lt\/wp-json\/wp\/v2\/product\/195845","targetHints":{"allow":["GET"]}}],"collection":[{"href":"https:\/\/baldumarket.lt\/lt\/wp-json\/wp\/v2\/product"}],"about":[{"href":"https:\/\/baldumarket.lt\/lt\/wp-json\/wp\/v2\/types\/product"}],"replies":[{"embeddable":true,"href":"https:\/\/baldumarket.lt\/lt\/wp-json\/wp\/v2\/comments?post=195845"}],"wp:featuredmedia":[{"embeddable":true,"href":"https:\/\/baldumarket.lt\/lt\/wp-json\/wp\/v2\/media\/195972"}],"wp:attachment":[{"href":"https:\/\/baldumarket.lt\/lt\/wp-json\/wp\/v2\/media?parent=195845"}],"wp:term":[{"taxonomy":"product_brand","embeddable":true,"href":"https:\/\/baldumarket.lt\/lt\/wp-json\/wp\/v2\/product_brand?post=195845"},{"taxonomy":"product_cat","embeddable":true,"href":"https:\/\/baldumarket.lt\/lt\/wp-json\/wp\/v2\/product_cat?post=195845"},{"taxonomy":"product_tag","embeddable":true,"href":"https:\/\/baldumarket.lt\/lt\/wp-json\/wp\/v2\/product_tag?post=195845"}],"curies":[{"name":"wp","href":"https:\/\/api.w.org\/{rel}","templated":true}]}}