{"id":195798,"date":"2025-12-23T23:58:45","date_gmt":"2025-12-23T20:58:45","guid":{"rendered":"https:\/\/baldumarket.lt\/?post_type=product&#038;p=195798"},"modified":"2026-03-23T16:18:11","modified_gmt":"2026-03-23T13:18:11","slug":"pufa-tapicerowana-do-sof-base-milo-soho-gr1","status":"publish","type":"product","link":"https:\/\/baldumarket.lt\/lt\/product\/pufa-tapicerowana-do-sof-base-milo-soho-gr1\/","title":{"rendered":"Apmu\u0161alas Base Milo Soho Gr1 sofos"},"content":{"rendered":"<p>\u201eBase Milo Soho\u201c sofa-pufas yra avangardinio stiliaus svetain\u0117s baldas, kurio formos traukia ak\u012f ir yra i\u0161skirtinai originalios d\u0117l unikalaus dizaino.<br \/>\nMATMENYS<br \/>\n\u2013 Plotis \u2013 72 cm<br \/>\n\u2013 Auk\u0161tis \u2013 43,5 cm<br \/>\n\u2013 Gylis \u2013 72 cm<br \/>\nBENDRIEJI DUOMENYS<br \/>\n\u2013 Kojel\u0117s \u2013 Plastikin\u0117s<br \/>\n\u2013 R\u0117mas \u2013 pu\u0161is, med\u017eio dro\u017eli\u0173 plok\u0161t\u0117<br \/>\n\u2013 S\u0117dyn\u0117 \u2013 PUR putplastis, T-3042 tipas<br \/>\nPagrindin\u0117je nuotraukoje matyti baldai, pagaminti i\u0161 \u201eNOW OR NEVER 38\u201c audinio.<br \/>\nPASTABA \u2013 Jei pasirinksite kordurojaus audinius, tokius kaip \u201eLincoln\u201c ar \u201ePoso\u201c, si\u016bl\u0117s nebus matomos.<br \/>\nBaldai gali b\u016bti pagaminti i\u0161 bet kurio audinio i\u0161 audini\u0173 s\u0105ra\u0161o (nuotraukos galerijoje). Jei pasirinkto audinio n\u0117ra pasirinkime \u201cPasirinkti spalv\u0105\u201d, nurodykite jo pavadinim\u0105 u\u017esakymo pastabose. Arba konfig\u016bratoriuje pasirinkite parinkt\u012f \u201ckitas audinys\u201d ir \u012fra\u0161ykite jo pavadinim\u0105 bei numer\u012f.<\/p>","protected":false},"excerpt":{"rendered":"<p>Plotis [cm] 72<br \/>\n\u016agis [cm] 43,5<br \/>\ngylis [cm] 72<\/p>","protected":false},"featured_media":195918,"comment_status":"open","ping_status":"closed","template":"","meta":[],"product_brand":[],"product_cat":[9640,5570,560],"product_tag":[],"class_list":{"0":"post-195798","1":"product","2":"type-product","3":"status-publish","4":"has-post-thumbnail","6":"product_cat-upholstered-furniture-laski","7":"product_cat-laski-meble","8":"product_cat-sofas-and-couches","10":"first","11":"instock","12":"shipping-taxable","13":"purchasable","14":"product-type-variable","15":"wvs-archive-product-wrapper"},"_links":{"self":[{"href":"https:\/\/baldumarket.lt\/lt\/wp-json\/wp\/v2\/product\/195798","targetHints":{"allow":["GET"]}}],"collection":[{"href":"https:\/\/baldumarket.lt\/lt\/wp-json\/wp\/v2\/product"}],"about":[{"href":"https:\/\/baldumarket.lt\/lt\/wp-json\/wp\/v2\/types\/product"}],"replies":[{"embeddable":true,"href":"https:\/\/baldumarket.lt\/lt\/wp-json\/wp\/v2\/comments?post=195798"}],"wp:featuredmedia":[{"embeddable":true,"href":"https:\/\/baldumarket.lt\/lt\/wp-json\/wp\/v2\/media\/195918"}],"wp:attachment":[{"href":"https:\/\/baldumarket.lt\/lt\/wp-json\/wp\/v2\/media?parent=195798"}],"wp:term":[{"taxonomy":"product_brand","embeddable":true,"href":"https:\/\/baldumarket.lt\/lt\/wp-json\/wp\/v2\/product_brand?post=195798"},{"taxonomy":"product_cat","embeddable":true,"href":"https:\/\/baldumarket.lt\/lt\/wp-json\/wp\/v2\/product_cat?post=195798"},{"taxonomy":"product_tag","embeddable":true,"href":"https:\/\/baldumarket.lt\/lt\/wp-json\/wp\/v2\/product_tag?post=195798"}],"curies":[{"name":"wp","href":"https:\/\/api.w.org\/{rel}","templated":true}]}}