{"id":195782,"date":"2025-12-23T23:58:10","date_gmt":"2025-12-23T20:58:10","guid":{"rendered":"https:\/\/baldumarket.lt\/?post_type=product&#038;p=195782"},"modified":"2026-03-23T16:18:12","modified_gmt":"2026-03-23T13:18:12","slug":"pufa-tapicerowana-balo-gr1","status":"publish","type":"product","link":"https:\/\/baldumarket.lt\/lt\/product\/pufa-tapicerowana-balo-gr1\/","title":{"rendered":"Balo Gr1 mink\u0161tas pufas"},"content":{"rendered":"<p>\u201eBalo\u201c pufas traukia ak\u012f, nes jame dera funkcionalumas ir dekoratyvumas. Jis puikiai dera prie \u201eBalo\u201c kampin\u0117s sofos ar fotelio.<br \/>\nBENDRIEJI DUOMENYS<br \/>\n\u2013 kojos \u2013 plastikin\u0117s<br \/>\n\u2013 r\u0117mas \u2013 medis + med\u017eio dro\u017eli\u0173 plok\u0161t\u0117<br \/>\n\u2013 s\u0117dyn\u0117 \u2013 PUR putplastis, T-3042 tipas<br \/>\n\u0160is baldas gali b\u016bti pagamintas i\u0161 bet kurio audinio i\u0161 audini\u0173 s\u0105ra\u0161o (nuotraukos galerijoje). Jei norimo audinio n\u0117ra pasirinkus \u201cpasirinkti spalv\u0105\u201d, pra\u0161ome jo pavadinim\u0105 nurodyti u\u017esakymo pastabose.<br \/>\nArba konfig\u016bratoriuje pasirinkite \u201ckitas audinys\u201d ir \u012fveskite jo pavadinim\u0105 bei numer\u012f.<\/p>","protected":false},"excerpt":{"rendered":"<p>Plotis [cm] 82<br \/>\n\u016agis [cm] 41<br \/>\ngylis [cm] 75<\/p>","protected":false},"featured_media":195907,"comment_status":"open","ping_status":"closed","template":"","meta":[],"product_brand":[],"product_cat":[9640,5570,560],"product_tag":[],"class_list":{"0":"post-195782","1":"product","2":"type-product","3":"status-publish","4":"has-post-thumbnail","6":"product_cat-upholstered-furniture-laski","7":"product_cat-laski-meble","8":"product_cat-sofas-and-couches","10":"first","11":"instock","12":"shipping-taxable","13":"purchasable","14":"product-type-variable","15":"wvs-archive-product-wrapper"},"_links":{"self":[{"href":"https:\/\/baldumarket.lt\/lt\/wp-json\/wp\/v2\/product\/195782","targetHints":{"allow":["GET"]}}],"collection":[{"href":"https:\/\/baldumarket.lt\/lt\/wp-json\/wp\/v2\/product"}],"about":[{"href":"https:\/\/baldumarket.lt\/lt\/wp-json\/wp\/v2\/types\/product"}],"replies":[{"embeddable":true,"href":"https:\/\/baldumarket.lt\/lt\/wp-json\/wp\/v2\/comments?post=195782"}],"wp:featuredmedia":[{"embeddable":true,"href":"https:\/\/baldumarket.lt\/lt\/wp-json\/wp\/v2\/media\/195907"}],"wp:attachment":[{"href":"https:\/\/baldumarket.lt\/lt\/wp-json\/wp\/v2\/media?parent=195782"}],"wp:term":[{"taxonomy":"product_brand","embeddable":true,"href":"https:\/\/baldumarket.lt\/lt\/wp-json\/wp\/v2\/product_brand?post=195782"},{"taxonomy":"product_cat","embeddable":true,"href":"https:\/\/baldumarket.lt\/lt\/wp-json\/wp\/v2\/product_cat?post=195782"},{"taxonomy":"product_tag","embeddable":true,"href":"https:\/\/baldumarket.lt\/lt\/wp-json\/wp\/v2\/product_tag?post=195782"}],"curies":[{"name":"wp","href":"https:\/\/api.w.org\/{rel}","templated":true}]}}