{"id":195780,"date":"2025-12-23T23:58:08","date_gmt":"2025-12-23T20:58:08","guid":{"rendered":"https:\/\/baldumarket.lt\/?post_type=product&#038;p=195780"},"modified":"2026-03-23T16:18:12","modified_gmt":"2026-03-23T13:18:12","slug":"naroznik-tapicerowany-puente-ii-gr1","status":"publish","type":"product","link":"https:\/\/baldumarket.lt\/lt\/product\/naroznik-tapicerowany-puente-ii-gr1\/","title":{"rendered":"Mink\u0161ta kampin\u0117 sofa Puente II Gr1"},"content":{"rendered":"<p>\u201ePuente\u201c mink\u0161ta kampin\u0117 sofa \u2013 tai avangardinio stiliaus svetain\u0117s baldas, kurio formos traukia ak\u012f ir yra i\u0161skirtinai originalios d\u0117l unikalaus dizaino.<br \/>\nMATMENYS<br \/>\n\u2013 Plotis \u2013 265 cm<br \/>\n\u2013 \u016agis \u2013 74 cm<br \/>\n\u2013 Gylis \u2013 265 cm<br \/>\nBENDRIEJI DUOMENYS<br \/>\n\u2013 P\u0117dos\/kojos \u2013 plastikin\u0117s<br \/>\n\u2013 Patalyn\u0117<br \/>\n\u2013 R\u0117mas \u2013 pu\u0161ies mediena, med\u017eio dro\u017eli\u0173 plok\u0161t\u0117<br \/>\n\u2013 S\u0117dyn\u0117 \u2013 PUR putplastis<br \/>\n\u2013 DL pl\u0117tinys<br \/>\n\u0160ie baldai gali b\u016bti pagaminti i\u0161 bet kurio audinio i\u0161 audini\u0173 s\u0105ra\u0161o (nuotraukos galerijoje). Jei norimo audinio n\u0117ra s\u0105ra\u0161e \u201cPasirinkite spalv\u0105\u201d, pra\u0161ome jo pavadinim\u0105 nurodyti u\u017esakymo pastabose.<br \/>\nArba konfig\u016bratoriuje pasirinkite parinkt\u012f \u201cKitas audinys\u201d ir nurodykite jos pavadinim\u0105 bei numer\u012f.<\/p>","protected":false},"excerpt":{"rendered":"<p>Ilgesn\u0117s kra\u0161tin\u0117s plotis [cm] 265<br \/>\nTrumpesn\u0117s kra\u0161tin\u0117s plotis [cm] 265<br \/>\n\u016agis [cm] 74<br \/>\nMiegamasis plotas [cm] 123 \u00d7 203<br \/>\nModernus kampin\u0117s sofos stilius<br \/>\nI\u0161skleidimo sistema: Automatin\u0117, kad b\u016bt\u0173 lengva i\u0161skleisti \/ DL<\/p>","protected":false},"featured_media":195900,"comment_status":"open","ping_status":"closed","template":"","meta":[],"product_brand":[],"product_cat":[9640,5570,560],"product_tag":[],"class_list":{"0":"post-195780","1":"product","2":"type-product","3":"status-publish","4":"has-post-thumbnail","6":"product_cat-upholstered-furniture-laski","7":"product_cat-laski-meble","8":"product_cat-sofas-and-couches","10":"first","11":"instock","12":"shipping-taxable","13":"purchasable","14":"product-type-variable","15":"wvs-archive-product-wrapper"},"_links":{"self":[{"href":"https:\/\/baldumarket.lt\/lt\/wp-json\/wp\/v2\/product\/195780","targetHints":{"allow":["GET"]}}],"collection":[{"href":"https:\/\/baldumarket.lt\/lt\/wp-json\/wp\/v2\/product"}],"about":[{"href":"https:\/\/baldumarket.lt\/lt\/wp-json\/wp\/v2\/types\/product"}],"replies":[{"embeddable":true,"href":"https:\/\/baldumarket.lt\/lt\/wp-json\/wp\/v2\/comments?post=195780"}],"wp:featuredmedia":[{"embeddable":true,"href":"https:\/\/baldumarket.lt\/lt\/wp-json\/wp\/v2\/media\/195900"}],"wp:attachment":[{"href":"https:\/\/baldumarket.lt\/lt\/wp-json\/wp\/v2\/media?parent=195780"}],"wp:term":[{"taxonomy":"product_brand","embeddable":true,"href":"https:\/\/baldumarket.lt\/lt\/wp-json\/wp\/v2\/product_brand?post=195780"},{"taxonomy":"product_cat","embeddable":true,"href":"https:\/\/baldumarket.lt\/lt\/wp-json\/wp\/v2\/product_cat?post=195780"},{"taxonomy":"product_tag","embeddable":true,"href":"https:\/\/baldumarket.lt\/lt\/wp-json\/wp\/v2\/product_tag?post=195780"}],"curies":[{"name":"wp","href":"https:\/\/api.w.org\/{rel}","templated":true}]}}