{"id":195728,"date":"2025-12-23T23:56:19","date_gmt":"2025-12-23T20:56:19","guid":{"rendered":"https:\/\/baldumarket.lt\/?post_type=product&#038;p=195728"},"modified":"2026-03-23T16:18:20","modified_gmt":"2026-03-23T13:18:20","slug":"naroznik-rozkladany-z-pojemnikiem-colin-gr1","status":"publish","type":"product","link":"https:\/\/baldumarket.lt\/lt\/product\/naroznik-rozkladany-z-pojemnikiem-colin-gr1\/","title":{"rendered":"Colin Gr1 i\u0161skleid\u017eiama kampin\u0117 sofa su daiktad\u0117\u017ee"},"content":{"rendered":"<p>Kampin\u0117 sofa \u201eColin\u201c traukia d\u0117mes\u012f derindama funkcionalum\u0105 ir dekoratyvum\u0105. Didel\u0117s pagalv\u0117l\u0117s, u\u017eapvalinti kra\u0161tai ir \u012fdomios si\u016bl\u0117s sukuria unikal\u0173 stili\u0173.<br \/>\nBENDROSIOS DUOMENYS<br \/>\n\u00a0\u2013 Miego funkcija<br \/>\n\u2013 Patalyn\u0117s laikymo vieta<br \/>\n\u2013 Delfin i\u0161lankstymo funkcija<br \/>\n\u2013 Apmu\u0161ta nugara<br \/>\n\u2013 P\u0117dos\/kojos \u2013 metalin\u0117s, plastikin\u0117s<br \/>\n\u2013 R\u0117mas \u2013 medis + med\u017eio dro\u017eli\u0173 plok\u0161t\u0117<br \/>\n\u2013 S\u0117dyn\u0117 \u2013 PUR putplastis + vingiuota spyruokl\u0117<br \/>\n\u2013 Galvos atrama<br \/>\nPAPILDOMI MATMENYS<br \/>\n\u2013 Miegamoji erdv\u0117 \u2013 140 x 212 cm<br \/>\n\u2013 S\u0117dyn\u0117s auk\u0161tis \u2013 41 cm<br \/>\n\u2013 S\u0117dyn\u0117s gylis \u2013 52 cm<br \/>\n\u2013 Porankio auk\u0161tis \u2013 55 cm<br \/>\nNuotraukoje pavaizduota de\u0161inioji kampin\u0117 sofa.<br \/>\nPASTABA \u2013 Jei pasirinksite kordurojaus audinius, tokius kaip \u201eLincoln\u201c ar \u201ePoso\u201c, si\u016bli\u0173 ant sofos nebus.<br \/>\nBaldai gali b\u016bti pagaminti i\u0161 bet kurio audinio i\u0161 audini\u0173 s\u0105ra\u0161o (nuotraukos galerijoje). Jei pasirinkto audinio n\u0117ra pasirinktyje \u201cpasirinkti spalv\u0105\u201d, nurodykite jo pavadinim\u0105 u\u017esakymo pastabose. Arba konfig\u016bratoriuje pasirinkite \u201ckitas audinys\u201d ir \u012fveskite jo pavadinim\u0105 bei numer\u012f.<\/p>","protected":false},"excerpt":{"rendered":"<p>Ilgesn\u0117s kra\u0161tin\u0117s plotis [cm] 253<br \/>\nTrumpesn\u0117s kra\u0161tin\u0117s plotis [cm] 165<br \/>\nGylis [cm] 90<br \/>\nMiegamasis plotas [cm] 140 \u00d7 212<br \/>\nModernus kampin\u0117s sofos stilius<br \/>\nDelfin i\u0161skleid\u017eiama sistema<\/p>","protected":false},"featured_media":195853,"comment_status":"open","ping_status":"closed","template":"","meta":[],"product_brand":[],"product_cat":[9640,616,1983,5570],"product_tag":[],"class_list":{"0":"post-195728","1":"product","2":"type-product","3":"status-publish","4":"has-post-thumbnail","6":"product_cat-upholstered-furniture-laski","7":"product_cat-corners","8":"product_cat-corners-l","9":"product_cat-laski-meble","11":"first","12":"instock","13":"shipping-taxable","14":"purchasable","15":"product-type-variable","16":"wvs-archive-product-wrapper"},"_links":{"self":[{"href":"https:\/\/baldumarket.lt\/lt\/wp-json\/wp\/v2\/product\/195728","targetHints":{"allow":["GET"]}}],"collection":[{"href":"https:\/\/baldumarket.lt\/lt\/wp-json\/wp\/v2\/product"}],"about":[{"href":"https:\/\/baldumarket.lt\/lt\/wp-json\/wp\/v2\/types\/product"}],"replies":[{"embeddable":true,"href":"https:\/\/baldumarket.lt\/lt\/wp-json\/wp\/v2\/comments?post=195728"}],"wp:featuredmedia":[{"embeddable":true,"href":"https:\/\/baldumarket.lt\/lt\/wp-json\/wp\/v2\/media\/195853"}],"wp:attachment":[{"href":"https:\/\/baldumarket.lt\/lt\/wp-json\/wp\/v2\/media?parent=195728"}],"wp:term":[{"taxonomy":"product_brand","embeddable":true,"href":"https:\/\/baldumarket.lt\/lt\/wp-json\/wp\/v2\/product_brand?post=195728"},{"taxonomy":"product_cat","embeddable":true,"href":"https:\/\/baldumarket.lt\/lt\/wp-json\/wp\/v2\/product_cat?post=195728"},{"taxonomy":"product_tag","embeddable":true,"href":"https:\/\/baldumarket.lt\/lt\/wp-json\/wp\/v2\/product_tag?post=195728"}],"curies":[{"name":"wp","href":"https:\/\/api.w.org\/{rel}","templated":true}]}}