{"id":195722,"date":"2025-12-23T23:56:13","date_gmt":"2025-12-23T20:56:13","guid":{"rendered":"https:\/\/baldumarket.lt\/?post_type=product&#038;p=195722"},"modified":"2026-03-23T16:18:20","modified_gmt":"2026-03-23T13:18:20","slug":"naroznik-rozkladany-titan-gr1","status":"publish","type":"product","link":"https:\/\/baldumarket.lt\/lt\/product\/naroznik-rozkladany-titan-gr1\/","title":{"rendered":"Titan Gr1 i\u0161skleid\u017eiama kampin\u0117 sofa"},"content":{"rendered":"<p>\u0160is unikaliai suprojektuotas originalios formos baldas neabejotinai taps bet kurio svetain\u0117s akcentu. Kampin\u0117 sofa \u201eTitan\u201c pasi\u017eymi \u012fdomiomis, \u0161iek tiek pary\u0161kintomis juodo metalo kojel\u0117mis, funkcionalia lentyna ir reguliuojamomis galvos bei poranki\u0173 atramomis.<br \/>\nMATMENYS<br \/>\n\u2013 Plotis \u2013 280 cm<br \/>\n\u2013 \u016agis \u2013 90\u2013102 cm<br \/>\n\u2013 Gylis \u2013 96\u2013166 cm<br \/>\nPAPILDOMI MATMENYS<br \/>\n\u2013 Miegamoji erdv\u0117 \u2013 125 x 216 cm<br \/>\n\u2013 S\u0117dyn\u0117s auk\u0161tis \u2013 45 cm<br \/>\n\u2013 S\u0117dyn\u0117s gylis \u2013 60 cm<br \/>\n\u2013 Porankio auk\u0161tis \u2013 maks. 59 cm<br \/>\nBENDRIEJI DUOMENYS<br \/>\n\u2013 Miego funkcija<br \/>\n\u2013 Patalyn\u0117s laikymo vieta<br \/>\n\u2013 Automatinis i\u0161skleidimo asistentas<br \/>\n\u2013 Mediniai apdailos elementai<br \/>\n\u2013 Apmu\u0161ta nugara<br \/>\n\u2013 Reguliuojama galvos atrama<br \/>\n\u2013 Reguliuojamas porankis<br \/>\n\u2013 P\u0117dos\/kojos \u2013 metalas, plastikas<br \/>\n\u2013 R\u0117mas \u2013 mediena + med\u017eio dro\u017eli\u0173 plok\u0161t\u0117<br \/>\n\u2013 S\u0117dyn\u0117 \u2013 PUR putplastis + zigzago spyruokl\u0117<br \/>\nKampin\u0117 sofa pavaizduota de\u0161in\u0117je.<br \/>\nPagrindin\u0117je nuotraukoje pavaizduota sofa, pagaminta i\u0161 \u201eTerra 69\u201c audinio.<br \/>\n\u0160ie baldai gali b\u016bti pagaminti i\u0161 bet kurio audinio i\u0161 audini\u0173 s\u0105ra\u0161o (nuotraukos galerijoje) \u2013 jei norimo audinio n\u0117ra s\u0105ra\u0161e \u201cPasirinkite spalv\u0105\u201d, pra\u0161ome jo pavadinim\u0105 nurodyti u\u017esakymo pastabose.<br \/>\nArba konfig\u016bratoriuje pasirinkite parinkt\u012f \u201cKitas audinys\u201d ir nurodykite jos pavadinim\u0105 bei numer\u012f.<\/p>","protected":false},"excerpt":{"rendered":"<p>Ilgesn\u0117s kra\u0161tin\u0117s plotis [cm] 280<br \/>\nTrumpesn\u0117s kra\u0161tin\u0117s plotis [cm] 166<br \/>\nGylis [cm] 96<br \/>\nMiegamasis plotas [cm] 125 \u00d7 216<br \/>\nKampin\u0117s sofos stilius: modernus skandinavi\u0161kas pal\u0117p\u0117s stilius<br \/>\nI\u0161skleidimo sistema: i\u0161traukiamas ve\u017eim\u0117lis (delfinas)<\/p>","protected":false},"featured_media":195829,"comment_status":"open","ping_status":"closed","template":"","meta":[],"product_brand":[],"product_cat":[9640,616,1983,5570],"product_tag":[],"class_list":{"0":"post-195722","1":"product","2":"type-product","3":"status-publish","4":"has-post-thumbnail","6":"product_cat-upholstered-furniture-laski","7":"product_cat-corners","8":"product_cat-corners-l","9":"product_cat-laski-meble","11":"first","12":"instock","13":"shipping-taxable","14":"purchasable","15":"product-type-variable","16":"wvs-archive-product-wrapper"},"_links":{"self":[{"href":"https:\/\/baldumarket.lt\/lt\/wp-json\/wp\/v2\/product\/195722","targetHints":{"allow":["GET"]}}],"collection":[{"href":"https:\/\/baldumarket.lt\/lt\/wp-json\/wp\/v2\/product"}],"about":[{"href":"https:\/\/baldumarket.lt\/lt\/wp-json\/wp\/v2\/types\/product"}],"replies":[{"embeddable":true,"href":"https:\/\/baldumarket.lt\/lt\/wp-json\/wp\/v2\/comments?post=195722"}],"wp:featuredmedia":[{"embeddable":true,"href":"https:\/\/baldumarket.lt\/lt\/wp-json\/wp\/v2\/media\/195829"}],"wp:attachment":[{"href":"https:\/\/baldumarket.lt\/lt\/wp-json\/wp\/v2\/media?parent=195722"}],"wp:term":[{"taxonomy":"product_brand","embeddable":true,"href":"https:\/\/baldumarket.lt\/lt\/wp-json\/wp\/v2\/product_brand?post=195722"},{"taxonomy":"product_cat","embeddable":true,"href":"https:\/\/baldumarket.lt\/lt\/wp-json\/wp\/v2\/product_cat?post=195722"},{"taxonomy":"product_tag","embeddable":true,"href":"https:\/\/baldumarket.lt\/lt\/wp-json\/wp\/v2\/product_tag?post=195722"}],"curies":[{"name":"wp","href":"https:\/\/api.w.org\/{rel}","templated":true}]}}