{"id":195718,"date":"2025-12-23T23:56:09","date_gmt":"2025-12-23T20:56:09","guid":{"rendered":"https:\/\/baldumarket.lt\/?post_type=product&#038;p=195718"},"modified":"2026-03-23T16:18:20","modified_gmt":"2026-03-23T13:18:20","slug":"naroznik-rozkladany-monaco-oferta-specjalna-gr1","status":"publish","type":"product","link":"https:\/\/baldumarket.lt\/lt\/product\/naroznik-rozkladany-monaco-oferta-specjalna-gr1\/","title":{"rendered":"\u201eMonaco\u201c kampin\u0117 sofa-lova \u2013 SPECIALUS PASI\u016aLYMAS Gr1"},"content":{"rendered":"<p>Unikalaus dizaino ir originalios formos baldas neabejotinai taps bet kurio svetain\u0117s akcentu. Kampin\u0117 sofa \u201eMonaco\u201c pasi\u017eymi \u012fdomiomis, \u0161iek tiek pary\u0161kintomis juodo arba auksinio metalo kojel\u0117mis ir galvos atrama.<br \/>\nMATMENYS<br \/>\n\u2013 Plotis \u2013 252 cm<br \/>\n\u2013 \u016agis \u2013 106,5 cm<br \/>\n\u2013 Gylis \u2013 90\u2013168 cm<br \/>\nPAPILDOMI MATMENYS<br \/>\n\u2013 Miegamoji erdv\u0117 \u2013 140 x 212 cm<br \/>\n\u2013 S\u0117dyn\u0117s auk\u0161tis \u2013 41 cm<br \/>\n\u2013 S\u0117dyn\u0117s gylis \u2013 64 cm<br \/>\n\u2013 Porankio auk\u0161tis \u2013 56 cm<br \/>\nBENDRIEJI DUOMENYS<br \/>\n\u2013 Miego funkcija<br \/>\n\u2013 Patalyn\u0117s laikymo vieta<br \/>\n\u2013 Automatinis i\u0161skleidimo mechanizmas<br \/>\n\u2013 Apmu\u0161ta nugara<br \/>\n\u2013 P\u0117dos\/kojos \u2013 metalas, plastikas<br \/>\n\u2013 R\u0117mas \u2013 mediena + med\u017eio dro\u017eli\u0173 plok\u0161t\u0117<br \/>\n\u2013 S\u0117dyn\u0117 \u2013 PUR putplastis + zigzago spyruokl\u0117<br \/>\n\u2013 Galvos atrama<br \/>\nPagrindin\u0117je nuotraukoje, kair\u0117je pus\u0117je, pavaizduota kampin\u0117 sofa.<br \/>\nGalima \u012fsigyti tik su \u201eLoft\u201c audiniais.<br \/>\n\u201eLoft\u201c i\u0161 SIC kolekcijos \u2013 tai modernus austas audinys.<br \/>\nTai tankiai austas audinys su ai\u0161kiai pastebima pynimo tekst\u016bra.<br \/>\nApmu\u0161al\u0173 med\u017eiaga yra dviej\u0173 atspalvi\u0173, pabr\u0117\u017eianti pynim\u0105 ir galutin\u012f vizualin\u012f efekt\u0105.<br \/>\nAudinys atitinka ES reglamento d\u0117l kenksming\u0173 chemini\u0173 med\u017eiag\u0173 (REACH) reikalavimus.<br \/>\nMed\u017eiaga sertifikuota \u201eOeko-Tex\u201c. \u0160is sertifikatas patvirtina auk\u0161t\u0105 gamini\u0173 kokyb\u0119 ir suteikiamas gaminiams be kenksming\u0173 med\u017eiag\u0173.<\/p>","protected":false},"excerpt":{"rendered":"<p>Ilgesn\u0117s kra\u0161tin\u0117s plotis [cm] 252<br \/>\nTrumpesn\u0117s kra\u0161tin\u0117s plotis [cm] 168<br \/>\nGylis [cm] 90<br \/>\nMiegamasis plotas [cm] 140 \u00d7 212<br \/>\nKampin\u0117s sofos stilius: modernus skandinavi\u0161kas pal\u0117p\u0117s stilius<br \/>\nI\u0161skleidimo sistema: i\u0161traukiamas ve\u017eim\u0117lis (delfinas)<\/p>","protected":false},"featured_media":195808,"comment_status":"open","ping_status":"closed","template":"","meta":[],"product_brand":[],"product_cat":[9640,616,1983,5570],"product_tag":[],"class_list":{"0":"post-195718","1":"product","2":"type-product","3":"status-publish","4":"has-post-thumbnail","6":"product_cat-upholstered-furniture-laski","7":"product_cat-corners","8":"product_cat-corners-l","9":"product_cat-laski-meble","11":"first","12":"instock","13":"shipping-taxable","14":"purchasable","15":"product-type-variable","16":"wvs-archive-product-wrapper"},"_links":{"self":[{"href":"https:\/\/baldumarket.lt\/lt\/wp-json\/wp\/v2\/product\/195718","targetHints":{"allow":["GET"]}}],"collection":[{"href":"https:\/\/baldumarket.lt\/lt\/wp-json\/wp\/v2\/product"}],"about":[{"href":"https:\/\/baldumarket.lt\/lt\/wp-json\/wp\/v2\/types\/product"}],"replies":[{"embeddable":true,"href":"https:\/\/baldumarket.lt\/lt\/wp-json\/wp\/v2\/comments?post=195718"}],"wp:featuredmedia":[{"embeddable":true,"href":"https:\/\/baldumarket.lt\/lt\/wp-json\/wp\/v2\/media\/195808"}],"wp:attachment":[{"href":"https:\/\/baldumarket.lt\/lt\/wp-json\/wp\/v2\/media?parent=195718"}],"wp:term":[{"taxonomy":"product_brand","embeddable":true,"href":"https:\/\/baldumarket.lt\/lt\/wp-json\/wp\/v2\/product_brand?post=195718"},{"taxonomy":"product_cat","embeddable":true,"href":"https:\/\/baldumarket.lt\/lt\/wp-json\/wp\/v2\/product_cat?post=195718"},{"taxonomy":"product_tag","embeddable":true,"href":"https:\/\/baldumarket.lt\/lt\/wp-json\/wp\/v2\/product_tag?post=195718"}],"curies":[{"name":"wp","href":"https:\/\/api.w.org\/{rel}","templated":true}]}}