{"id":195714,"date":"2025-12-23T23:56:04","date_gmt":"2025-12-23T20:56:04","guid":{"rendered":"https:\/\/baldumarket.lt\/?post_type=product&#038;p=195714"},"modified":"2026-03-23T16:18:28","modified_gmt":"2026-03-23T13:18:28","slug":"naroznik-rozkladany-adel-gr1","status":"publish","type":"product","link":"https:\/\/baldumarket.lt\/lt\/product\/naroznik-rozkladany-adel-gr1\/","title":{"rendered":"Adel Gr1 i\u0161skleid\u017eiama kampin\u0117 sofa"},"content":{"rendered":"<p>Kampin\u0117 sofa \u201eAdel\u201c traukia d\u0117mes\u012f derindama funkcionalum\u0105 ir dekoratyvum\u0105. Didel\u0117s pagalv\u0117l\u0117s, u\u017eapvalinti kra\u0161tai ir i\u0161skirtin\u0117s juodos kojel\u0117s sukuria unikal\u0173 stili\u0173.<br \/>\nMATMENYS<br \/>\n\u2013 Plotis \u2013 257 cm<br \/>\n\u2013 Auk\u0161tis \u2013 90 cm<br \/>\n\u2013 Gylis \u2013 111\u2013171 cm<br \/>\nPAPILDOMI MATMENYS<br \/>\n\u2013 Miegamoji erdv\u0117 \u2013 145 x 212 cm<br \/>\n\u2013 S\u0117dyn\u0117s auk\u0161tis \u2013 44 cm<br \/>\n\u2013 S\u0117dyn\u0117s gylis \u2013 60 cm<br \/>\n\u2013 Koj\u0173 auk\u0161tis \u2013 15 cm<br \/>\nBENDRIEJI DUOMENYS<br \/>\n\u2013 Miego funkcija<br \/>\n\u2013 Patalyn\u0117s laikymo vieta<br \/>\n\u2013 Automatinis i\u0161skleidimo mechanizmas<br \/>\n\u2013 Apmu\u0161ta nugara<br \/>\n\u2013 Kojel\u0117s \u2013 Plastikin\u0117s<br \/>\n\u2013 R\u0117mas \u2013 mediena + med\u017eio dro\u017eli\u0173 plok\u0161t\u0117<br \/>\n\u2013 S\u0117dyn\u0117 \u2013 PUR putplastis + zigzago spyruokl\u0117<br \/>\nNuotraukoje pavaizduota de\u0161inioji kampin\u0117 sofa.<br \/>\n\u0160is baldas gali b\u016bti pagamintas i\u0161 bet kurio audinio i\u0161 audini\u0173 s\u0105ra\u0161o (nuotraukos galerijoje). Jei norimo audinio n\u0117ra pasirinkime \u201cPasirinkti spalv\u0105\u201d, nurodykite jo pavadinim\u0105 u\u017esakymo pastabose. Arba konfig\u016bratoriuje pasirinkite parinkt\u012f \u201ckitas audinys\u201d ir \u012fveskite jo pavadinim\u0105 bei numer\u012f.<\/p>","protected":false},"excerpt":{"rendered":"<p>Ilgesn\u0117s kra\u0161tin\u0117s plotis [cm] 257<br \/>\nTrumpesn\u0117s kra\u0161tin\u0117s plotis [cm] 171<br \/>\nGylis [cm] 111<br \/>\nMiegamasis plotas [cm] 145 \u00d7 212<br \/>\nKampin\u0117s sofos stilius: modernus skandinavi\u0161kas pal\u0117p\u0117s stilius<br \/>\nI\u0161skleidimo sistema: automatin\u0117, kad b\u016bt\u0173 lengva i\u0161skleisti \/ DL<\/p>","protected":false},"featured_media":195790,"comment_status":"open","ping_status":"closed","template":"","meta":[],"product_brand":[],"product_cat":[9640,5570,560],"product_tag":[],"class_list":{"0":"post-195714","1":"product","2":"type-product","3":"status-publish","4":"has-post-thumbnail","6":"product_cat-upholstered-furniture-laski","7":"product_cat-laski-meble","8":"product_cat-sofas-and-couches","10":"first","11":"instock","12":"shipping-taxable","13":"purchasable","14":"product-type-variable","15":"wvs-archive-product-wrapper"},"_links":{"self":[{"href":"https:\/\/baldumarket.lt\/lt\/wp-json\/wp\/v2\/product\/195714","targetHints":{"allow":["GET"]}}],"collection":[{"href":"https:\/\/baldumarket.lt\/lt\/wp-json\/wp\/v2\/product"}],"about":[{"href":"https:\/\/baldumarket.lt\/lt\/wp-json\/wp\/v2\/types\/product"}],"replies":[{"embeddable":true,"href":"https:\/\/baldumarket.lt\/lt\/wp-json\/wp\/v2\/comments?post=195714"}],"wp:featuredmedia":[{"embeddable":true,"href":"https:\/\/baldumarket.lt\/lt\/wp-json\/wp\/v2\/media\/195790"}],"wp:attachment":[{"href":"https:\/\/baldumarket.lt\/lt\/wp-json\/wp\/v2\/media?parent=195714"}],"wp:term":[{"taxonomy":"product_brand","embeddable":true,"href":"https:\/\/baldumarket.lt\/lt\/wp-json\/wp\/v2\/product_brand?post=195714"},{"taxonomy":"product_cat","embeddable":true,"href":"https:\/\/baldumarket.lt\/lt\/wp-json\/wp\/v2\/product_cat?post=195714"},{"taxonomy":"product_tag","embeddable":true,"href":"https:\/\/baldumarket.lt\/lt\/wp-json\/wp\/v2\/product_tag?post=195714"}],"curies":[{"name":"wp","href":"https:\/\/api.w.org\/{rel}","templated":true}]}}