{"id":195712,"date":"2025-12-23T23:56:01","date_gmt":"2025-12-23T20:56:01","guid":{"rendered":"https:\/\/baldumarket.lt\/?post_type=product&#038;p=195712"},"modified":"2026-03-23T16:18:28","modified_gmt":"2026-03-23T13:18:28","slug":"fotel-w-typie-uszak-avis-z-nogami-gr1","status":"publish","type":"product","link":"https:\/\/baldumarket.lt\/lt\/product\/fotel-w-typie-uszak-avis-z-nogami-gr1\/","title":{"rendered":"\u201eAvis\u201c atlenkiamoji k\u0117d\u0117 su \u201eGr1\u201c kojomis"},"content":{"rendered":"<p>\u201eAvis\u201c fotelis yra avangardinio stiliaus svetain\u0117s baldas, kurio formos traukia ak\u012f ir yra i\u0161skirtinai originalios d\u0117l unikalaus dizaino.<br \/>\nMATMENYS<br \/>\n\u2013 Plotis \u2013 82 cm<br \/>\n\u2013 Auk\u0161tis \u2013 75,5 cm<br \/>\n\u2013 Gylis \u2013 74 cm<br \/>\nPAPILDOMI MATMENYS<br \/>\n\u2013 S\u0117dyn\u0117s auk\u0161tis \u2013 41,5 cm<br \/>\n\u2013 S\u0117dyn\u0117s gylis \u2013 56 cm<br \/>\nBENDRIEJI DUOMENYS<br \/>\n\u2013 Apmu\u0161ta nugara<br \/>\n\u2013 Kojel\u0117s \u2013 Medin\u0117s, nat\u016bralios medienos<br \/>\n\u2013 R\u0117mas \u2013 pu\u0161ies mediena, med\u017eio dro\u017eli\u0173 plok\u0161t\u0117, fanera<br \/>\n\u2013 S\u0117dyn\u0117 \u2013 PUR putplastis, T-3042 tipas<br \/>\nPagrindin\u0117je nuotraukoje matyti baldai i\u0161 \u201eAnthology 20\u201c audinio.<br \/>\nBaldai gali b\u016bti pagaminti i\u0161 bet kurio audinio i\u0161 audini\u0173 s\u0105ra\u0161o (nuotraukos galerijoje) \u2013 jei norimo audinio n\u0117ra pasirinkime \u201cPasirinkti spalv\u0105\u201d, nurodykite jo pavadinim\u0105 u\u017esakymo pastabose. Arba konfig\u016bratoriuje pasirinkite parinkt\u012f \u201ckitas audinys\u201d ir \u012fra\u0161ykite jo pavadinim\u0105 bei numer\u012f.<\/p>","protected":false},"excerpt":{"rendered":"<p>Plotis [cm] 82<br \/>\n\u016agis [cm] 75,5<br \/>\ns\u0117dyn\u0117s auk\u0161tis [cm] 41,5<\/p>","protected":false},"featured_media":195783,"comment_status":"open","ping_status":"closed","template":"","meta":[],"product_brand":[],"product_cat":[9637,634,5570],"product_tag":[],"class_list":{"0":"post-195712","1":"product","2":"type-product","3":"status-publish","4":"has-post-thumbnail","6":"product_cat-armchairs-poufs-and-tables-laski","7":"product_cat-armchairs","8":"product_cat-laski-meble","10":"first","11":"instock","12":"shipping-taxable","13":"purchasable","14":"product-type-variable","15":"wvs-archive-product-wrapper"},"_links":{"self":[{"href":"https:\/\/baldumarket.lt\/lt\/wp-json\/wp\/v2\/product\/195712","targetHints":{"allow":["GET"]}}],"collection":[{"href":"https:\/\/baldumarket.lt\/lt\/wp-json\/wp\/v2\/product"}],"about":[{"href":"https:\/\/baldumarket.lt\/lt\/wp-json\/wp\/v2\/types\/product"}],"replies":[{"embeddable":true,"href":"https:\/\/baldumarket.lt\/lt\/wp-json\/wp\/v2\/comments?post=195712"}],"wp:featuredmedia":[{"embeddable":true,"href":"https:\/\/baldumarket.lt\/lt\/wp-json\/wp\/v2\/media\/195783"}],"wp:attachment":[{"href":"https:\/\/baldumarket.lt\/lt\/wp-json\/wp\/v2\/media?parent=195712"}],"wp:term":[{"taxonomy":"product_brand","embeddable":true,"href":"https:\/\/baldumarket.lt\/lt\/wp-json\/wp\/v2\/product_brand?post=195712"},{"taxonomy":"product_cat","embeddable":true,"href":"https:\/\/baldumarket.lt\/lt\/wp-json\/wp\/v2\/product_cat?post=195712"},{"taxonomy":"product_tag","embeddable":true,"href":"https:\/\/baldumarket.lt\/lt\/wp-json\/wp\/v2\/product_tag?post=195712"}],"curies":[{"name":"wp","href":"https:\/\/api.w.org\/{rel}","templated":true}]}}