{"id":195691,"date":"2025-12-23T22:56:02","date_gmt":"2025-12-23T19:56:02","guid":{"rendered":"https:\/\/baldumarket.lt\/product\/witryna-wysoka-loftowa-przeszklona-z-oswietleniem-lang\/"},"modified":"2026-03-23T16:10:32","modified_gmt":"2026-03-23T13:10:32","slug":"witryna-wysoka-loftowa-przeszklona-z-oswietleniem-lang","status":"publish","type":"product","link":"https:\/\/baldumarket.lt\/lt\/product\/witryna-wysoka-loftowa-przeszklona-z-oswietleniem-lang\/","title":{"rendered":"Auk\u0161ta lofto stiliaus stiklin\u0117 vitrina su Lang ap\u0161vietimu"},"content":{"rendered":"<p>Kiekvienas \u201eLang\u201c sistemos elementas yra kruop\u0161\u010diai sukurtas atsi\u017evelgiant \u012f estetik\u0105 ir funkcionalum\u0105. Sistema i\u0161siskiria unikalia forma ir kruop\u0161\u010diai parinktomis spalvomis.<br \/>\nParametrai:<br \/>\nKorpusas: E05 laminuota med\u017eio dro\u017eli\u0173 plok\u0161t\u0117, 16 mm<br \/>\nKorpuso spalva: juoda<br \/>\nPriekin\u0117 dalis: E05 laminuota med\u017eio dro\u017eli\u0173 plok\u0161t\u0117, 16 mm + 18 mm MDF r\u0117mas (gr\u016bdintas stiklas)<br \/>\nPriekin\u0117s dalies spalva: juodas r\u0117mas + \u201eEvoke Oak\u201c<br \/>\nHDF: juoda + \u201eEvoke Oak\u201c lentjuost\u0117s<br \/>\nApvadai: ABS, atitinkantys lentos spalv\u0105. \u0104\u017euolo \u012fkv\u0117pti fasadai<br \/>\nJuodas ABS<br \/>\nRankena: n\u0117ra, atidaroma spustel\u0117jus<br \/>\nKojel\u0117s: medin\u0117s, juodos<br \/>\nVyriai: perdengiami<br \/>\nStal\u010di\u0173 b\u0117geliai: su rutuliniais guoliais, pilno i\u0161traukimo<br \/>\nHDF stal\u010di\u0173 b\u0117geliai: juodi<br \/>\nLED ap\u0161vietimas: \u012ftrauktas (\u0161iltai baltas)<br \/>\nAuk\u0161ta vitrina \u201eLang\u201c \u2013 turi dvi stiklines spinteles su ap\u0161vietimu ir groteli\u0173 fon\u0105.<\/p>","protected":false},"excerpt":{"rendered":"<p>Plotis [cm] 100,1<br \/>\n\u016agis [cm] 188,4<br \/>\ngylis [cm] 39,4<\/p>","protected":false},"featured_media":195692,"comment_status":"open","ping_status":"open","template":"","meta":[],"product_brand":[],"product_cat":[9654,5570],"product_tag":[],"class_list":{"0":"post-195691","1":"product","2":"type-product","3":"status-publish","4":"has-post-thumbnail","6":"product_cat-furniture-system-lang-laski","7":"product_cat-laski-meble","9":"first","10":"instock","11":"purchasable","12":"product-type-simple"},"_links":{"self":[{"href":"https:\/\/baldumarket.lt\/lt\/wp-json\/wp\/v2\/product\/195691","targetHints":{"allow":["GET"]}}],"collection":[{"href":"https:\/\/baldumarket.lt\/lt\/wp-json\/wp\/v2\/product"}],"about":[{"href":"https:\/\/baldumarket.lt\/lt\/wp-json\/wp\/v2\/types\/product"}],"replies":[{"embeddable":true,"href":"https:\/\/baldumarket.lt\/lt\/wp-json\/wp\/v2\/comments?post=195691"}],"wp:featuredmedia":[{"embeddable":true,"href":"https:\/\/baldumarket.lt\/lt\/wp-json\/wp\/v2\/media\/195692"}],"wp:attachment":[{"href":"https:\/\/baldumarket.lt\/lt\/wp-json\/wp\/v2\/media?parent=195691"}],"wp:term":[{"taxonomy":"product_brand","embeddable":true,"href":"https:\/\/baldumarket.lt\/lt\/wp-json\/wp\/v2\/product_brand?post=195691"},{"taxonomy":"product_cat","embeddable":true,"href":"https:\/\/baldumarket.lt\/lt\/wp-json\/wp\/v2\/product_cat?post=195691"},{"taxonomy":"product_tag","embeddable":true,"href":"https:\/\/baldumarket.lt\/lt\/wp-json\/wp\/v2\/product_tag?post=195691"}],"curies":[{"name":"wp","href":"https:\/\/api.w.org\/{rel}","templated":true}]}}