{"id":195686,"date":"2025-12-23T22:55:49","date_gmt":"2025-12-23T19:55:49","guid":{"rendered":"https:\/\/baldumarket.lt\/product\/witryna-wysoka-link-80\/"},"modified":"2026-03-23T16:10:32","modified_gmt":"2026-03-23T13:10:32","slug":"witryna-wysoka-link-80","status":"publish","type":"product","link":"https:\/\/baldumarket.lt\/lt\/product\/witryna-wysoka-link-80\/","title":{"rendered":"Auk\u0161tybin\u0117 vitrina \u201eLink 80\u201c"},"content":{"rendered":"<p>LINK bald\u0173 sistema yra \u012fdomus sprendimas bet kokiam madingam ir funkcionaliam miegamajam, taip pat svetainei, jaunimo kambariui ar valgomajam. Kolekcijos universalumas ypa\u010d vertas d\u0117mesio, nes joje yra \u012fvairi\u0173 element\u0173.<br \/>\nPagaminta i\u0161:<br \/>\nAuk\u0161tos kokyb\u0117s laminuota plok\u0161t\u0117 su 3D strukt\u016bra, atspari \u012fbr\u0117\u017eimams, dr\u0117gmei ir auk\u0161tai temperat\u016brai<br \/>\nMDF juostel\u0117s<br \/>\nKra\u0161tai apdirbti patvaresne ABS fanera, kuri yra atsparesn\u0117 kasdieniam naudojimui<br \/>\nFrezuoti fasadai<br \/>\nGr\u016bdinto stiklo priekin\u0117 dalis<br \/>\nUniversal\u016bs fasadai (galima montuoti kair\u0117je arba de\u0161in\u0117je)<br \/>\nStiklin\u0117s lentynos<br \/>\nHDF galin\u0117 plok\u0161t\u0117 tos pa\u010dios spalvos kaip ir baldai<br \/>\nRankenos pagamintos i\u0161 auk\u0161tos kokyb\u0117s plastiko<br \/>\nLED ap\u0161vietimas u\u017e papildom\u0105 mokest\u012f, pasirinkus galimas parinktis \u2013 ap\u0161vietimo spalva: \u0161iltai balta<\/p>","protected":false},"excerpt":{"rendered":"<p>plotis [cm] 80<br \/>\n\u016agis [cm] 194<br \/>\ngylis [cm] 37<\/p>","protected":false},"featured_media":330744,"comment_status":"open","ping_status":"closed","template":"","meta":[],"product_brand":[],"product_cat":[9638,5570],"product_tag":[],"class_list":{"0":"post-195686","1":"product","2":"type-product","3":"status-publish","4":"has-post-thumbnail","6":"product_cat-furniture-system-link-laski","7":"product_cat-laski-meble","9":"first","10":"instock","11":"purchasable","12":"product-type-simple"},"_links":{"self":[{"href":"https:\/\/baldumarket.lt\/lt\/wp-json\/wp\/v2\/product\/195686","targetHints":{"allow":["GET"]}}],"collection":[{"href":"https:\/\/baldumarket.lt\/lt\/wp-json\/wp\/v2\/product"}],"about":[{"href":"https:\/\/baldumarket.lt\/lt\/wp-json\/wp\/v2\/types\/product"}],"replies":[{"embeddable":true,"href":"https:\/\/baldumarket.lt\/lt\/wp-json\/wp\/v2\/comments?post=195686"}],"wp:featuredmedia":[{"embeddable":true,"href":"https:\/\/baldumarket.lt\/lt\/wp-json\/wp\/v2\/media\/330744"}],"wp:attachment":[{"href":"https:\/\/baldumarket.lt\/lt\/wp-json\/wp\/v2\/media?parent=195686"}],"wp:term":[{"taxonomy":"product_brand","embeddable":true,"href":"https:\/\/baldumarket.lt\/lt\/wp-json\/wp\/v2\/product_brand?post=195686"},{"taxonomy":"product_cat","embeddable":true,"href":"https:\/\/baldumarket.lt\/lt\/wp-json\/wp\/v2\/product_cat?post=195686"},{"taxonomy":"product_tag","embeddable":true,"href":"https:\/\/baldumarket.lt\/lt\/wp-json\/wp\/v2\/product_tag?post=195686"}],"curies":[{"name":"wp","href":"https:\/\/api.w.org\/{rel}","templated":true}]}}