{"id":195654,"date":"2025-12-23T22:54:39","date_gmt":"2025-12-23T19:54:39","guid":{"rendered":"https:\/\/baldumarket.lt\/product\/witryna-niska-72-arco-bialy-polysk\/"},"modified":"2026-03-23T16:10:39","modified_gmt":"2026-03-23T13:10:39","slug":"witryna-niska-72-arco-bialy-polysk","status":"publish","type":"product","link":"https:\/\/baldumarket.lt\/lt\/product\/witryna-niska-72-arco-bialy-polysk\/","title":{"rendered":"\u017dema vitrina 72 Arco \u2013 balta blizgi"},"content":{"rendered":"<p>Arco balta \u017eema vitrina<br \/>\n\u017dema balta \u201eArco\u201c vitrina leid\u017eia eksponuoti dekoratyvinius daiktus, tokius kaip gra\u017eus porcelianas, suvenyrai, knygos ar nuotraukos. Spalvinga ir paprasta konstrukcija daro visus \u201eArco\u201c baldus puikiai tinkan\u010dius minimalistiniam, moderniam ar lofto interjerui. Kiekvienas, vertinantis \u0161\u012f stili\u0173, tikrai \u012fsimyl\u0117s m\u016bs\u0173 baldus i\u0161 pirmo \u017evilgsnio! LED ap\u0161vietimas ir nepriekai\u0161tinga balta apdaila suteiks \u0161varos poj\u016bt\u012f ir vizualiai padidins svetain\u0119. D\u0117l to spintel\u0117 puikiai tinka ma\u017eoms erdv\u0117ms. Nereikaling\u0173 puo\u0161men\u0173 nebuvimas \u017eymiai sutrumpins valymo laik\u0105. Tokioje aplinkoje lengva atsipalaiduoti ir pails\u0117ti. \u017dema balta, blizgi \u201eArco\u201c vitrina puikiai tiks tiek svetain\u0117je, tiek miegamajame, arba daugiafunkciniame kambaryje, dekoruotame pagal naujausias interjero dizaino tendencijas. Patvari laminuota plok\u0161t\u0117 ir gr\u016bdintas stiklas u\u017etikrina, kad baldai daugel\u012f met\u0173 i\u0161laikys nepriekai\u0161ting\u0105 i\u0161vaizd\u0105. Tai patikima investicija, kuri tarnaus ilgai!<br \/>\nPapildoma informacija:<br \/>\nBaldai pagaminti i\u0161 16 mm laminuotos plok\u0161t\u0117s.<br \/>\nBaldo galin\u0117 dalis pagaminta i\u0161 HDF plok\u0161t\u0117s.<br \/>\nKra\u0161tai apdailinti patvariu, dilimui atspariu ABS luk\u0161tu.<br \/>\nStiklo elementai pagaminti i\u0161 auk\u0161\u010diausios kokyb\u0117s gr\u016bdinto stiklo.<br \/>\nU\u017e papildom\u0105 mokest\u012f galima \u012fsigyti LED ap\u0161vietim\u0105 \u2013 LED spalva: \u0161altai balta.<br \/>\nSpalvos:<br \/>\nbalta + an\u016bko \u0105\u017euolas + blizgi balta.<\/p>","protected":false},"excerpt":{"rendered":"<p>Plotis [cm] 72<br \/>\n\u016agis [cm] 154<br \/>\ngylis [cm] 40<\/p>","protected":false},"featured_media":195655,"comment_status":"open","ping_status":"open","template":"","meta":[],"product_brand":[],"product_cat":[9649,5570],"product_tag":[],"class_list":{"0":"post-195654","1":"product","2":"type-product","3":"status-publish","4":"has-post-thumbnail","6":"product_cat-furniture-system-arco-laski","7":"product_cat-laski-meble","9":"first","10":"instock","11":"purchasable","12":"product-type-simple"},"_links":{"self":[{"href":"https:\/\/baldumarket.lt\/lt\/wp-json\/wp\/v2\/product\/195654","targetHints":{"allow":["GET"]}}],"collection":[{"href":"https:\/\/baldumarket.lt\/lt\/wp-json\/wp\/v2\/product"}],"about":[{"href":"https:\/\/baldumarket.lt\/lt\/wp-json\/wp\/v2\/types\/product"}],"replies":[{"embeddable":true,"href":"https:\/\/baldumarket.lt\/lt\/wp-json\/wp\/v2\/comments?post=195654"}],"wp:featuredmedia":[{"embeddable":true,"href":"https:\/\/baldumarket.lt\/lt\/wp-json\/wp\/v2\/media\/195655"}],"wp:attachment":[{"href":"https:\/\/baldumarket.lt\/lt\/wp-json\/wp\/v2\/media?parent=195654"}],"wp:term":[{"taxonomy":"product_brand","embeddable":true,"href":"https:\/\/baldumarket.lt\/lt\/wp-json\/wp\/v2\/product_brand?post=195654"},{"taxonomy":"product_cat","embeddable":true,"href":"https:\/\/baldumarket.lt\/lt\/wp-json\/wp\/v2\/product_cat?post=195654"},{"taxonomy":"product_tag","embeddable":true,"href":"https:\/\/baldumarket.lt\/lt\/wp-json\/wp\/v2\/product_tag?post=195654"}],"curies":[{"name":"wp","href":"https:\/\/api.w.org\/{rel}","templated":true}]}}