{"id":195638,"date":"2025-12-23T22:54:02","date_gmt":"2025-12-23T19:54:02","guid":{"rendered":"https:\/\/baldumarket.lt\/product\/witryna-lumi-2d2s-z-hartowana-szyba-ornamentowa-flutes-dab-dunin\/"},"modified":"2026-03-23T16:10:39","modified_gmt":"2026-03-23T13:10:39","slug":"witryna-lumi-2d2s-z-hartowana-szyba-ornamentowa-flutes-dab-dunin","status":"publish","type":"product","link":"https:\/\/baldumarket.lt\/lt\/product\/witryna-lumi-2d2s-z-hartowana-szyba-ornamentowa-flutes-dab-dunin\/","title":{"rendered":"\u201eLumi 2D2S\u201c vitrina su gr\u016bdinto stiklo ornamentuomis fleitomis, \u0105\u017euolo \u201eDunin\u201c spalva"},"content":{"rendered":"<p>\u201eLumi\u201c kolekcija buvo sukurta atsi\u017evelgiant \u012f dabartines tendencijas \u2013 auk\u0161tos, juodos kojos, geometrin\u0117s formos ir spalvos pabr\u0117\u017eia elegancij\u0105 ir klasikin\u012f, loft\u0105 primenant\u012f stili\u0173. Parametrai:<br \/>\nKorpusas: E05 laminuota med\u017eio dro\u017eli\u0173 plok\u0161t\u0117, 16 mm + MDF juostel\u0117 \u0161onuose<br \/>\nKorpuso spalva: Dunin \u0105\u017euolas<br \/>\nPriekin\u0117 dalis: MDF r\u0117mas su gr\u016bdintu stiklu, rudas antisol \/ E05 laminuota med\u017eio dro\u017eli\u0173 plok\u0161t\u0117, 16 mm<br \/>\nPriekin\u0117s dalies spalva: juoda \/ Dunin \u0105\u017euolas<br \/>\nHDF: atitinka Dunin Oak<br \/>\nBriauna: ABS, atitinkanti lentos spalv\u0105<br \/>\nRankena: juodas metalas<br \/>\nKojel\u0117s: juodas metalas<br \/>\nVyriai: dvigubi<br \/>\nStal\u010di\u0173 b\u0117geliai: su rutuliniais guoliais, pilno i\u0161traukimo<br \/>\nHDF stal\u010diai: dera su \u201eDunin Oak\u201c<br \/>\nAp\u0161vietimas: LED profiliai, \u0161iltai balta \u0161viesos spalva<br \/>\nPapildoma informacija: auk\u0161ta vitrina turi vidinius stal\u010dius, kurie atidaromi paspaudus mygtuk\u0105<br \/>\n\u0160ioje kolekcijoje yra dvi komodos, vitrina ir televizoriaus staliukas \u2013 ie\u0161kokite \u201eLumi\u201c<\/p>","protected":false},"excerpt":{"rendered":"<p>Plotis [cm] 91,5<br \/>\n\u016agis [cm] 194,6<br \/>\ngylis [cm] 39,3<\/p>","protected":false},"featured_media":195639,"comment_status":"open","ping_status":"open","template":"","meta":[],"product_brand":[],"product_cat":[9639,5570],"product_tag":[],"class_list":{"0":"post-195638","1":"product","2":"type-product","3":"status-publish","4":"has-post-thumbnail","6":"product_cat-furniture-system-lumi-laski","7":"product_cat-laski-meble","9":"first","10":"instock","11":"purchasable","12":"product-type-simple"},"_links":{"self":[{"href":"https:\/\/baldumarket.lt\/lt\/wp-json\/wp\/v2\/product\/195638","targetHints":{"allow":["GET"]}}],"collection":[{"href":"https:\/\/baldumarket.lt\/lt\/wp-json\/wp\/v2\/product"}],"about":[{"href":"https:\/\/baldumarket.lt\/lt\/wp-json\/wp\/v2\/types\/product"}],"replies":[{"embeddable":true,"href":"https:\/\/baldumarket.lt\/lt\/wp-json\/wp\/v2\/comments?post=195638"}],"wp:featuredmedia":[{"embeddable":true,"href":"https:\/\/baldumarket.lt\/lt\/wp-json\/wp\/v2\/media\/195639"}],"wp:attachment":[{"href":"https:\/\/baldumarket.lt\/lt\/wp-json\/wp\/v2\/media?parent=195638"}],"wp:term":[{"taxonomy":"product_brand","embeddable":true,"href":"https:\/\/baldumarket.lt\/lt\/wp-json\/wp\/v2\/product_brand?post=195638"},{"taxonomy":"product_cat","embeddable":true,"href":"https:\/\/baldumarket.lt\/lt\/wp-json\/wp\/v2\/product_cat?post=195638"},{"taxonomy":"product_tag","embeddable":true,"href":"https:\/\/baldumarket.lt\/lt\/wp-json\/wp\/v2\/product_tag?post=195638"}],"curies":[{"name":"wp","href":"https:\/\/api.w.org\/{rel}","templated":true}]}}