{"id":195609,"date":"2025-12-23T22:52:46","date_gmt":"2025-12-23T19:52:46","guid":{"rendered":"https:\/\/baldumarket.lt\/product\/toaletka-ada-kolor-kaszmir\/"},"modified":"2026-03-23T16:10:39","modified_gmt":"2026-03-23T13:10:39","slug":"toaletka-ada-kolor-kaszmir","status":"publish","type":"product","link":"https:\/\/baldumarket.lt\/lt\/product\/toaletka-ada-kolor-kaszmir\/","title":{"rendered":"Ada tualetinis staliukas, ka\u0161myro spalvos"},"content":{"rendered":"<p>\u201eAda\u201c tualetinis staliukas suteiks j\u016bs\u0173 kambariui stiliaus. Funkcionalumo ir dizaino derinys.<br \/>\nSpecifikacijos:<br \/>\nPriekin\u0117 dalis \/ korpusas: E05 laminuota med\u017eio dro\u017eli\u0173 plok\u0161t\u0117: 16 mm<br \/>\nVir\u0161us: E05 laminuota med\u017eio dro\u017eli\u0173 plok\u0161t\u0117: 16 mm<br \/>\nKra\u0161tai apdirbti patvariu, kasdieniam naudojimui skirtu ABS luk\u0161tu<br \/>\nNugara pagaminta i\u0161 HDF plok\u0161t\u0117s<br \/>\nSpintel\u0117s stal\u010dius ant ritinini\u0173 b\u0117geli\u0173<br \/>\nPapildoma informacija: Universalus elementas<br \/>\nSpalva: Ka\u0161myras<\/p>","protected":false},"excerpt":{"rendered":"<p>Plotis [cm] 120<br \/>\n\u016agis [cm] 75<br \/>\ngylis [cm] 55<\/p>","protected":false},"featured_media":195610,"comment_status":"open","ping_status":"open","template":"","meta":[],"product_brand":[],"product_cat":[9650,5570],"product_tag":[],"class_list":{"0":"post-195609","1":"product","2":"type-product","3":"status-publish","4":"has-post-thumbnail","6":"product_cat-furniture-system-ada-laski","7":"product_cat-laski-meble","9":"first","10":"instock","11":"purchasable","12":"product-type-simple"},"_links":{"self":[{"href":"https:\/\/baldumarket.lt\/lt\/wp-json\/wp\/v2\/product\/195609","targetHints":{"allow":["GET"]}}],"collection":[{"href":"https:\/\/baldumarket.lt\/lt\/wp-json\/wp\/v2\/product"}],"about":[{"href":"https:\/\/baldumarket.lt\/lt\/wp-json\/wp\/v2\/types\/product"}],"replies":[{"embeddable":true,"href":"https:\/\/baldumarket.lt\/lt\/wp-json\/wp\/v2\/comments?post=195609"}],"wp:featuredmedia":[{"embeddable":true,"href":"https:\/\/baldumarket.lt\/lt\/wp-json\/wp\/v2\/media\/195610"}],"wp:attachment":[{"href":"https:\/\/baldumarket.lt\/lt\/wp-json\/wp\/v2\/media?parent=195609"}],"wp:term":[{"taxonomy":"product_brand","embeddable":true,"href":"https:\/\/baldumarket.lt\/lt\/wp-json\/wp\/v2\/product_brand?post=195609"},{"taxonomy":"product_cat","embeddable":true,"href":"https:\/\/baldumarket.lt\/lt\/wp-json\/wp\/v2\/product_cat?post=195609"},{"taxonomy":"product_tag","embeddable":true,"href":"https:\/\/baldumarket.lt\/lt\/wp-json\/wp\/v2\/product_tag?post=195609"}],"curies":[{"name":"wp","href":"https:\/\/api.w.org\/{rel}","templated":true}]}}