{"id":195604,"date":"2025-12-23T22:52:37","date_gmt":"2025-12-23T19:52:37","guid":{"rendered":"https:\/\/baldumarket.lt\/product\/toaletka-ada-bialy-polysk\/"},"modified":"2026-03-23T16:10:46","modified_gmt":"2026-03-23T13:10:46","slug":"toaletka-ada-bialy-polysk","status":"publish","type":"product","link":"https:\/\/baldumarket.lt\/lt\/product\/toaletka-ada-bialy-polysk\/","title":{"rendered":"Ada tualetinis staliukas \u2013 baltas blizgus"},"content":{"rendered":"<p>\u201eAda\u201c tualetinis staliukas suteiks j\u016bs\u0173 kambariui stiliaus. Funkcionalumo ir dizaino derinys.<br \/>\nFUNKCIJOS:<br \/>\nBaldai pagaminti i\u0161 16 mm laminuotos plok\u0161t\u0117s.<br \/>\nKra\u0161tai apdailinti patvariu, dilimui atspariu ABS luk\u0161tu.<br \/>\nBaldo galin\u0117 dalis pagaminta i\u0161 HDF plok\u0161t\u0117s.<br \/>\nTualetinis staliukas parduodamas be veidrod\u017eio.<\/p>","protected":false},"excerpt":{"rendered":"<p>Plotis [cm] 120<br \/>\n\u016agis [cm] 75<br \/>\ngylis [cm] 55<\/p>","protected":false},"featured_media":195605,"comment_status":"open","ping_status":"open","template":"","meta":[],"product_brand":[],"product_cat":[9650,5570],"product_tag":[],"class_list":{"0":"post-195604","1":"product","2":"type-product","3":"status-publish","4":"has-post-thumbnail","6":"product_cat-furniture-system-ada-laski","7":"product_cat-laski-meble","9":"first","10":"instock","11":"purchasable","12":"product-type-simple"},"_links":{"self":[{"href":"https:\/\/baldumarket.lt\/lt\/wp-json\/wp\/v2\/product\/195604","targetHints":{"allow":["GET"]}}],"collection":[{"href":"https:\/\/baldumarket.lt\/lt\/wp-json\/wp\/v2\/product"}],"about":[{"href":"https:\/\/baldumarket.lt\/lt\/wp-json\/wp\/v2\/types\/product"}],"replies":[{"embeddable":true,"href":"https:\/\/baldumarket.lt\/lt\/wp-json\/wp\/v2\/comments?post=195604"}],"wp:featuredmedia":[{"embeddable":true,"href":"https:\/\/baldumarket.lt\/lt\/wp-json\/wp\/v2\/media\/195605"}],"wp:attachment":[{"href":"https:\/\/baldumarket.lt\/lt\/wp-json\/wp\/v2\/media?parent=195604"}],"wp:term":[{"taxonomy":"product_brand","embeddable":true,"href":"https:\/\/baldumarket.lt\/lt\/wp-json\/wp\/v2\/product_brand?post=195604"},{"taxonomy":"product_cat","embeddable":true,"href":"https:\/\/baldumarket.lt\/lt\/wp-json\/wp\/v2\/product_cat?post=195604"},{"taxonomy":"product_tag","embeddable":true,"href":"https:\/\/baldumarket.lt\/lt\/wp-json\/wp\/v2\/product_tag?post=195604"}],"curies":[{"name":"wp","href":"https:\/\/api.w.org\/{rel}","templated":true}]}}